{"id":24210,"date":"2025-04-29T13:32:20","date_gmt":"2025-04-29T11:32:20","guid":{"rendered":"https:\/\/ordenamigas.es\/mudanzas\/"},"modified":"2025-05-23T08:43:27","modified_gmt":"2025-05-23T06:43:27","slug":"umzuege","status":"publish","type":"page","link":"https:\/\/ordenamigas.es\/de\/umzuege\/","title":{"rendered":"Umz\u00fcge"},"content":{"rendered":"\t\t<div data-elementor-type=\"wp-page\" data-elementor-id=\"24210\" class=\"elementor elementor-24210 elementor-22640\">\n\t\t\t\t\t\t<section class=\"elementor-section elementor-top-section elementor-element elementor-element-3176ff5 elementor-section-full_width elementor-section-stretched elementor-section-height-default elementor-section-height-default sc_fly_static\" data-id=\"3176ff5\" data-element_type=\"section\" data-settings=\"{&quot;background_background&quot;:&quot;classic&quot;,&quot;stretch_section&quot;:&quot;section-stretched&quot;}\">\n\t\t\t\t\t\t<div class=\"elementor-container elementor-column-gap-no\">\n\t\t\t\t\t<div class=\"elementor-column elementor-col-100 elementor-top-column elementor-element elementor-element-1bebe5f sc_content_align_inherit sc_layouts_column_icons_position_left sc_fly_static\" data-id=\"1bebe5f\" data-element_type=\"column\">\n\t\t\t<div class=\"elementor-widget-wrap elementor-element-populated\">\n\t\t\t\t\t\t<div class=\"elementor-element elementor-element-e174e39 sc_height_huge sc_fly_static elementor-widget elementor-widget-spacer\" data-id=\"e174e39\" data-element_type=\"widget\" data-widget_type=\"spacer.default\">\n\t\t\t\t<div class=\"elementor-widget-container\">\n\t\t\t\t\t\t\t<div class=\"elementor-spacer\">\n\t\t\t<div class=\"elementor-spacer-inner\"><\/div>\n\t\t<\/div>\n\t\t\t\t\t\t<\/div>\n\t\t\t\t<\/div>\n\t\t\t\t<div data-animation-type=\"block\" class=\"elementor-element elementor-element-814136f elementor-widget__width-initial elementor-absolute animated-slow animation_type_block sc_fly_static elementor-invisible elementor-widget elementor-widget-image\" data-id=\"814136f\" data-element_type=\"widget\" data-settings=\"{&quot;_position&quot;:&quot;absolute&quot;,&quot;_animation&quot;:&quot;etta-fadeinup&quot;,&quot;_animation_delay&quot;:300}\" data-widget_type=\"image.default\">\n\t\t\t\t<div class=\"elementor-widget-container\">\n\t\t\t\t\t\t\t\t\t\t\t\t\t\t\t<img fetchpriority=\"high\" decoding=\"async\" width=\"315\" height=\"300\" src=\"https:\/\/ordenamigas.es\/wp-content\/uploads\/2022\/11\/flower-1.png\" class=\"attachment-full size-full wp-image-18314\" alt=\"\" srcset=\"https:\/\/ordenamigas.es\/wp-content\/uploads\/2022\/11\/flower-1.png 315w, https:\/\/ordenamigas.es\/wp-content\/uploads\/2022\/11\/flower-1-300x286.png 300w\" sizes=\"(max-width: 600px) 100vw, 315px\" \/>\t\t\t\t\t\t\t\t\t\t\t\t\t\t\t<\/div>\n\t\t\t\t<\/div>\n\t\t\t\t<div data-animation-type=\"block\" class=\"elementor-element elementor-element-333cf4a elementor-widget__width-initial elementor-absolute animated-slow animation_type_block sc_fly_static elementor-invisible elementor-widget elementor-widget-image\" data-id=\"333cf4a\" data-element_type=\"widget\" data-settings=\"{&quot;_position&quot;:&quot;absolute&quot;,&quot;_animation&quot;:&quot;etta-fadeinup&quot;,&quot;_animation_delay&quot;:300}\" data-widget_type=\"image.default\">\n\t\t\t\t<div class=\"elementor-widget-container\">\n\t\t\t\t\t\t\t\t\t\t\t\t\t\t\t<img decoding=\"async\" width=\"550\" height=\"600\" src=\"https:\/\/ordenamigas.es\/wp-content\/uploads\/2022\/11\/flower-3.png\" class=\"attachment-full size-full wp-image-18376\" alt=\"\" srcset=\"https:\/\/ordenamigas.es\/wp-content\/uploads\/2022\/11\/flower-3.png 550w, https:\/\/ordenamigas.es\/wp-content\/uploads\/2022\/11\/flower-3-275x300.png 275w, https:\/\/ordenamigas.es\/wp-content\/uploads\/2022\/11\/flower-3-370x404.png 370w, https:\/\/ordenamigas.es\/wp-content\/uploads\/2022\/11\/flower-3-410x447.png 410w\" sizes=\"(max-width: 600px) 100vw, 550px\" \/>\t\t\t\t\t\t\t\t\t\t\t\t\t\t\t<\/div>\n\t\t\t\t<\/div>\n\t\t\t\t<section class=\"elementor-section elementor-inner-section elementor-element elementor-element-30c9c10 elementor-section-boxed elementor-section-height-default elementor-section-height-default sc_fly_static\" data-id=\"30c9c10\" data-element_type=\"section\">\n\t\t\t\t\t\t<div class=\"elementor-container elementor-column-gap-extended\">\n\t\t\t\t\t<div class=\"elementor-column elementor-col-50 elementor-inner-column elementor-element elementor-element-4e1ed29 sc_content_align_inherit sc_layouts_column_icons_position_left sc_fly_static\" data-id=\"4e1ed29\" data-element_type=\"column\">\n\t\t\t<div class=\"elementor-widget-wrap elementor-element-populated\">\n\t\t\t\t\t\t<div class=\"elementor-element elementor-element-a58a33b no-title sc_fly_static elementor-widget elementor-widget-image\" data-id=\"a58a33b\" data-element_type=\"widget\" data-widget_type=\"image.default\">\n\t\t\t\t<div class=\"elementor-widget-container\">\n\t\t\t\t\t\t\t\t\t\t\t\t\t\t\t<img decoding=\"async\" src=\"https:\/\/ordenamigas.es\/wp-content\/uploads\/elementor\/thumbs\/mudanzas-r5p3hrk0f968sd7zwgf6j3jzhu1y2wwksz0c1xke3q.jpg\" title=\"Mudanzas\" alt=\"Mudanzas\" loading=\"lazy\" \/>\t\t\t\t\t\t\t\t\t\t\t\t\t\t\t<\/div>\n\t\t\t\t<\/div>\n\t\t\t\t<div class=\"elementor-element elementor-element-bcb5a38 sc_height_small sc_fly_static elementor-widget elementor-widget-spacer\" data-id=\"bcb5a38\" data-element_type=\"widget\" data-widget_type=\"spacer.default\">\n\t\t\t\t<div class=\"elementor-widget-container\">\n\t\t\t\t\t\t\t<div class=\"elementor-spacer\">\n\t\t\t<div class=\"elementor-spacer-inner\"><\/div>\n\t\t<\/div>\n\t\t\t\t\t\t<\/div>\n\t\t\t\t<\/div>\n\t\t\t\t\t<\/div>\n\t\t<\/div>\n\t\t\t\t<div class=\"elementor-column elementor-col-50 elementor-inner-column elementor-element elementor-element-89b84d3 sc_content_align_inherit sc_layouts_column_icons_position_left sc_fly_static\" data-id=\"89b84d3\" data-element_type=\"column\">\n\t\t\t<div class=\"elementor-widget-wrap elementor-element-populated\">\n\t\t\t\t\t\t<div class=\"elementor-element elementor-element-553d813 sc_fly_static elementor-widget elementor-widget-spacer\" data-id=\"553d813\" data-element_type=\"widget\" data-widget_type=\"spacer.default\">\n\t\t\t\t<div class=\"elementor-widget-container\">\n\t\t\t\t\t\t\t<div class=\"elementor-spacer\">\n\t\t\t<div class=\"elementor-spacer-inner\"><\/div>\n\t\t<\/div>\n\t\t\t\t\t\t<\/div>\n\t\t\t\t<\/div>\n\t\t\t\t<div class=\"elementor-element elementor-element-297f2a7 sc_fly_static elementor-widget elementor-widget-text-editor\" data-id=\"297f2a7\" data-element_type=\"widget\" data-widget_type=\"text-editor.default\">\n\t\t\t\t<div class=\"elementor-widget-container\">\n\t\t\t\t\t\t\t\t\t<div class=\"elementor-element elementor-element-4e58d9d sc_fly_static elementor-widget elementor-widget-text-editor trx_addons_parallax_layers_inited trx_addons_parallax_blocks_inited\" data-id=\"4e58d9d\" data-element_type=\"widget\" data-widget_type=\"text-editor.default\"><div class=\"elementor-widget-container\"><div class=\"elementor-element elementor-element-4e58d9d sc_fly_static elementor-widget elementor-widget-text-editor trx_addons_parallax_layers_inited trx_addons_parallax_blocks_inited\" data-id=\"4e58d9d\" data-element_type=\"widget\" data-widget_type=\"text-editor.default\"><div class=\"elementor-widget-container\"><div class=\"elementor-element elementor-element-4e58d9d sc_fly_static elementor-widget elementor-widget-text-editor trx_addons_parallax_layers_inited trx_addons_parallax_blocks_inited\" data-id=\"4e58d9d\" data-element_type=\"widget\" data-widget_type=\"text-editor.default\"><div class=\"elementor-widget-container\"><p class=\"\" data-start=\"103\" data-end=\"210\">Wir entwerfen ein festes Projekt nach deinen Bed\u00fcrfnissen, damit dein Umzug reibungslos und stressfrei verl\u00e4uft.<\/p><p class=\"\" data-start=\"212\" data-end=\"236\"><strong data-start=\"212\" data-end=\"236\">Angebotene Leistungen:<\/strong><\/p><p class=\"\" data-start=\"238\" data-end=\"565\">Erstbewertung (online oder vor Ort): 20\u20ac.<br data-start=\"283\" data-end=\"286\" \/>Detailliertes Angebot.<br data-start=\"307\" data-end=\"310\" \/>Einkauf der ben\u00f6tigten Materialien.<br data-start=\"411\" data-end=\"414\" \/>Annahme und Verwaltung des Umzugs.<br data-start=\"447\" data-end=\"450\" \/>Komplette Organisation in 2-3 Tagen.<br data-start=\"483\" data-end=\"486\" \/>Alles einger\u00e4umt: organisierte Accessoires, Schuhe im Schuhregal und Kleidung auf Kleiderb\u00fcgeln.<\/p><p class=\"\" data-start=\"567\" data-end=\"624\"><strong data-start=\"567\" data-end=\"624\">Dein neues Zuhause \u2013 bezugsfertig ab dem ersten Tag!<\/strong><\/p><\/div><\/div><\/div><\/div><\/div><\/div>\t\t\t\t\t\t\t\t<\/div>\n\t\t\t\t<\/div>\n\t\t\t\t<div class=\"elementor-element elementor-element-b9ca9e5 sc_height_huge sc_fly_static elementor-widget elementor-widget-spacer\" data-id=\"b9ca9e5\" data-element_type=\"widget\" data-widget_type=\"spacer.default\">\n\t\t\t\t<div class=\"elementor-widget-container\">\n\t\t\t\t\t\t\t<div class=\"elementor-spacer\">\n\t\t\t<div class=\"elementor-spacer-inner\"><\/div>\n\t\t<\/div>\n\t\t\t\t\t\t<\/div>\n\t\t\t\t<\/div>\n\t\t\t\t\t<\/div>\n\t\t<\/div>\n\t\t\t\t\t<\/div>\n\t\t<\/section>\n\t\t\t\t\t<\/div>\n\t\t<\/div>\n\t\t\t\t\t<\/div>\n\t\t<\/section>\n\t\t\t\t<section class=\"elementor-section elementor-top-section elementor-element elementor-element-b236545 elementor-section-content-bottom scheme_dark elementor-section-stretched elementor-section-boxed elementor-section-height-default elementor-section-height-default sc_fly_static\" data-id=\"b236545\" data-element_type=\"section\" data-settings=\"{&quot;background_background&quot;:&quot;classic&quot;,&quot;stretch_section&quot;:&quot;section-stretched&quot;}\">\n\t\t\t\t\t\t\t<div class=\"elementor-background-overlay\"><\/div>\n\t\t\t\t\t\t\t<div class=\"elementor-container elementor-column-gap-no\">\n\t\t\t\t\t<div class=\"elementor-column elementor-col-50 elementor-top-column elementor-element elementor-element-4d328fd sc-mobile_content_align_inherit sc_content_align_inherit sc_layouts_column_icons_position_left sc_fly_static\" data-id=\"4d328fd\" data-element_type=\"column\">\n\t\t\t<div class=\"elementor-widget-wrap elementor-element-populated\">\n\t\t\t\t\t\t<div class=\"elementor-element elementor-element-3be5b78 sc_height_huge sc_fly_static elementor-widget elementor-widget-spacer\" data-id=\"3be5b78\" data-element_type=\"widget\" data-widget_type=\"spacer.default\">\n\t\t\t\t<div class=\"elementor-widget-container\">\n\t\t\t\t\t\t\t<div class=\"elementor-spacer\">\n\t\t\t<div class=\"elementor-spacer-inner\"><\/div>\n\t\t<\/div>\n\t\t\t\t\t\t<\/div>\n\t\t\t\t<\/div>\n\t\t\t\t<div class=\"elementor-element elementor-element-02a2eee sc_fly_static elementor-widget elementor-widget-trx_sc_title\" data-id=\"02a2eee\" data-element_type=\"widget\" data-widget_type=\"trx_sc_title.default\">\n\t\t\t\t<div class=\"elementor-widget-container\">\n\t\t\t\t\t<div\t\tclass=\"sc_title sc_title_default\" ><h2 class=\"sc_item_title sc_title_title sc_item_title_style_default sc_typed\"\n\t\t\t><span class=\"sc_item_title_text\">Sind Sie bereit, sich durch Ordnung zu ver\u00e4ndern?<\/span><\/h2><\/div>\t\t\t\t<\/div>\n\t\t\t\t<\/div>\n\t\t\t\t<div class=\"elementor-element elementor-element-57bd96d sc_height_large sc_layouts_hide_on_mobile sc_fly_static elementor-widget elementor-widget-spacer\" data-id=\"57bd96d\" data-element_type=\"widget\" data-widget_type=\"spacer.default\">\n\t\t\t\t<div class=\"elementor-widget-container\">\n\t\t\t\t\t\t\t<div class=\"elementor-spacer\">\n\t\t\t<div class=\"elementor-spacer-inner\"><\/div>\n\t\t<\/div>\n\t\t\t\t\t\t<\/div>\n\t\t\t\t<\/div>\n\t\t\t\t\t<\/div>\n\t\t<\/div>\n\t\t\t\t<div class=\"elementor-column elementor-col-50 elementor-top-column elementor-element elementor-element-e479356 sc_layouts_column_align_right sc_layouts_column sc-mobile_layouts_column_align_left sc_layouts_column sc_content_align_inherit sc_layouts_column_icons_position_left sc_fly_static\" data-id=\"e479356\" data-element_type=\"column\">\n\t\t\t<div class=\"elementor-widget-wrap elementor-element-populated\">\n\t\t\t\t\t\t<div class=\"elementor-element elementor-element-35a6b10 sc_layouts_hide_on_wide sc_layouts_hide_on_desktop sc_layouts_hide_on_notebook sc_layouts_hide_on_tablet sc_fly_static elementor-widget elementor-widget-spacer\" data-id=\"35a6b10\" data-element_type=\"widget\" data-widget_type=\"spacer.default\">\n\t\t\t\t<div class=\"elementor-widget-container\">\n\t\t\t\t\t\t\t<div class=\"elementor-spacer\">\n\t\t\t<div class=\"elementor-spacer-inner\"><\/div>\n\t\t<\/div>\n\t\t\t\t\t\t<\/div>\n\t\t\t\t<\/div>\n\t\t\t\t<div class=\"elementor-element elementor-element-472b352 sc_fly_static elementor-widget elementor-widget-trx_sc_button\" data-id=\"472b352\" data-element_type=\"widget\" data-widget_type=\"trx_sc_button.default\">\n\t\t\t\t<div class=\"elementor-widget-container\">\n\t\t\t\t\t<div\tclass=\"sc_item_button sc_button_wrap\" ><a href=\"https:\/\/ordenamigas.es\/de\/kontakt\/\" class=\"sc_button sc_button_bordered sc_button_size_small sc_button_icon_left color_style_dark\" ><span class=\"sc_button_text\"><span class=\"sc_button_title\">Jetzt mit deinem Wandel starten<\/span><\/span><\/a><\/div>\t\t\t\t<\/div>\n\t\t\t\t<\/div>\n\t\t\t\t<div class=\"elementor-element elementor-element-6fe2d38 sc_height_large sc_fly_static elementor-widget elementor-widget-spacer\" data-id=\"6fe2d38\" data-element_type=\"widget\" data-widget_type=\"spacer.default\">\n\t\t\t\t<div class=\"elementor-widget-container\">\n\t\t\t\t\t\t\t<div class=\"elementor-spacer\">\n\t\t\t<div class=\"elementor-spacer-inner\"><\/div>\n\t\t<\/div>\n\t\t\t\t\t\t<\/div>\n\t\t\t\t<\/div>\n\t\t\t\t\t<\/div>\n\t\t<\/div>\n\t\t\t\t\t<\/div>\n\t\t<\/section>\n\t\t\t\t<\/div>\n\t\t","protected":false},"excerpt":{"rendered":"<p>Wir entwerfen ein festes Projekt nach deinen Bed\u00fcrfnissen, damit dein Umzug reibungslos und stressfrei verl\u00e4uft. Angebotene Leistungen: Erstbewertung (online oder vor Ort): 20\u20ac.Detailliertes Angebot.Einkauf der ben\u00f6tigten Materialien.Annahme und Verwaltung des&hellip;<\/p>\n","protected":false},"author":1,"featured_media":0,"parent":0,"menu_order":0,"comment_status":"closed","ping_status":"closed","template":"","meta":{"footnotes":""},"class_list":["post-24210","page","type-page","status-publish","hentry"],"yoast_head":"<!-- This site is optimized with the Yoast SEO plugin v24.7 - https:\/\/yoast.com\/wordpress\/plugins\/seo\/ -->\n<title>Umz\u00fcge | Ordenamigas - B\u00fcro &amp; Zuhause auf Mallorca organisieren<\/title>\n<meta name=\"description\" content=\"Professionelle Hilfe bei Umz\u00fcgen auf Mallorca. Stressfrei planen, packen und umziehen mit Expertenunterst\u00fctzung.\" \/>\n<meta name=\"robots\" content=\"index, follow, max-snippet:-1, max-image-preview:large, max-video-preview:-1\" \/>\n<link rel=\"canonical\" href=\"https:\/\/ordenamigas.es\/de\/umzuege\/\" \/>\n<meta property=\"og:locale\" content=\"de_DE\" \/>\n<meta property=\"og:type\" content=\"article\" \/>\n<meta property=\"og:title\" content=\"Umz\u00fcge | Ordenamigas - B\u00fcro &amp; Zuhause auf Mallorca organisieren\" \/>\n<meta property=\"og:description\" content=\"Professionelle Hilfe bei Umz\u00fcgen auf Mallorca. Stressfrei planen, packen und umziehen mit Expertenunterst\u00fctzung.\" \/>\n<meta property=\"og:url\" content=\"https:\/\/ordenamigas.es\/de\/umzuege\/\" \/>\n<meta property=\"og:site_name\" content=\"Ordenamigas\" \/>\n<meta property=\"article:modified_time\" content=\"2025-05-23T06:43:27+00:00\" \/>\n<meta property=\"og:image\" content=\"https:\/\/ordenamigas.es\/wp-content\/uploads\/2022\/11\/flower-1.png\" \/>\n\t<meta property=\"og:image:width\" content=\"315\" \/>\n\t<meta property=\"og:image:height\" content=\"300\" \/>\n\t<meta property=\"og:image:type\" content=\"image\/png\" \/>\n<meta name=\"twitter:card\" content=\"summary_large_image\" \/>\n<meta name=\"twitter:label1\" content=\"Gesch\u00e4tzte Lesezeit\" \/>\n\t<meta name=\"twitter:data1\" content=\"2\u00a0Minuten\" \/>\n<script type=\"application\/ld+json\" class=\"yoast-schema-graph\">{\"@context\":\"https:\/\/schema.org\",\"@graph\":[{\"@type\":\"WebPage\",\"@id\":\"https:\/\/ordenamigas.es\/de\/umzuege\/\",\"url\":\"https:\/\/ordenamigas.es\/de\/umzuege\/\",\"name\":\"Umz\u00fcge | Ordenamigas - B\u00fcro &amp; Zuhause auf Mallorca organisieren\",\"isPartOf\":{\"@id\":\"https:\/\/ordenamigas.es\/de\/#website\"},\"primaryImageOfPage\":{\"@id\":\"https:\/\/ordenamigas.es\/de\/umzuege\/#primaryimage\"},\"image\":{\"@id\":\"https:\/\/ordenamigas.es\/de\/umzuege\/#primaryimage\"},\"thumbnailUrl\":\"https:\/\/ordenamigas.es\/wp-content\/uploads\/2022\/11\/flower-1.png\",\"datePublished\":\"2025-04-29T11:32:20+00:00\",\"dateModified\":\"2025-05-23T06:43:27+00:00\",\"description\":\"Professionelle Hilfe bei Umz\u00fcgen auf Mallorca. Stressfrei planen, packen und umziehen mit Expertenunterst\u00fctzung.\",\"breadcrumb\":{\"@id\":\"https:\/\/ordenamigas.es\/de\/umzuege\/#breadcrumb\"},\"inLanguage\":\"de\",\"potentialAction\":[{\"@type\":\"ReadAction\",\"target\":[\"https:\/\/ordenamigas.es\/de\/umzuege\/\"]}]},{\"@type\":\"ImageObject\",\"inLanguage\":\"de\",\"@id\":\"https:\/\/ordenamigas.es\/de\/umzuege\/#primaryimage\",\"url\":\"https:\/\/ordenamigas.es\/wp-content\/uploads\/2022\/11\/flower-1.png\",\"contentUrl\":\"https:\/\/ordenamigas.es\/wp-content\/uploads\/2022\/11\/flower-1.png\"},{\"@type\":\"BreadcrumbList\",\"@id\":\"https:\/\/ordenamigas.es\/de\/umzuege\/#breadcrumb\",\"itemListElement\":[{\"@type\":\"ListItem\",\"position\":1,\"name\":\"Portada\",\"item\":\"https:\/\/ordenamigas.es\/de\/\"},{\"@type\":\"ListItem\",\"position\":2,\"name\":\"Umz\u00fcge\"}]},{\"@type\":\"WebSite\",\"@id\":\"https:\/\/ordenamigas.es\/de\/#website\",\"url\":\"https:\/\/ordenamigas.es\/de\/\",\"name\":\"Ordenamigas\",\"description\":\"B\u00fcro &amp; Zuhause auf Mallorca organisieren\",\"publisher\":{\"@id\":\"https:\/\/ordenamigas.es\/de\/#organization\"},\"potentialAction\":[{\"@type\":\"SearchAction\",\"target\":{\"@type\":\"EntryPoint\",\"urlTemplate\":\"https:\/\/ordenamigas.es\/de\/?s={search_term_string}\"},\"query-input\":{\"@type\":\"PropertyValueSpecification\",\"valueRequired\":true,\"valueName\":\"search_term_string\"}}],\"inLanguage\":\"de\"},{\"@type\":\"Organization\",\"@id\":\"https:\/\/ordenamigas.es\/de\/#organization\",\"name\":\"Ordenamigas\",\"url\":\"https:\/\/ordenamigas.es\/de\/\",\"logo\":{\"@type\":\"ImageObject\",\"inLanguage\":\"de\",\"@id\":\"https:\/\/ordenamigas.es\/de\/#\/schema\/logo\/image\/\",\"url\":\"https:\/\/ordenamigas.es\/wp-content\/uploads\/2025\/03\/logo-horizontal-ordenamigas.png\",\"contentUrl\":\"https:\/\/ordenamigas.es\/wp-content\/uploads\/2025\/03\/logo-horizontal-ordenamigas.png\",\"width\":1092,\"height\":347,\"caption\":\"Ordenamigas\"},\"image\":{\"@id\":\"https:\/\/ordenamigas.es\/de\/#\/schema\/logo\/image\/\"}}]}<\/script>\n<!-- \/ Yoast SEO plugin. -->","yoast_head_json":{"title":"Umz\u00fcge | Ordenamigas - B\u00fcro &amp; Zuhause auf Mallorca organisieren","description":"Professionelle Hilfe bei Umz\u00fcgen auf Mallorca. Stressfrei planen, packen und umziehen mit Expertenunterst\u00fctzung.","robots":{"index":"index","follow":"follow","max-snippet":"max-snippet:-1","max-image-preview":"max-image-preview:large","max-video-preview":"max-video-preview:-1"},"canonical":"https:\/\/ordenamigas.es\/de\/umzuege\/","og_locale":"de_DE","og_type":"article","og_title":"Umz\u00fcge | Ordenamigas - B\u00fcro &amp; Zuhause auf Mallorca organisieren","og_description":"Professionelle Hilfe bei Umz\u00fcgen auf Mallorca. Stressfrei planen, packen und umziehen mit Expertenunterst\u00fctzung.","og_url":"https:\/\/ordenamigas.es\/de\/umzuege\/","og_site_name":"Ordenamigas","article_modified_time":"2025-05-23T06:43:27+00:00","og_image":[{"width":315,"height":300,"url":"https:\/\/ordenamigas.es\/wp-content\/uploads\/2022\/11\/flower-1.png","type":"image\/png"}],"twitter_card":"summary_large_image","twitter_misc":{"Gesch\u00e4tzte Lesezeit":"2\u00a0Minuten"},"schema":{"@context":"https:\/\/schema.org","@graph":[{"@type":"WebPage","@id":"https:\/\/ordenamigas.es\/de\/umzuege\/","url":"https:\/\/ordenamigas.es\/de\/umzuege\/","name":"Umz\u00fcge | Ordenamigas - B\u00fcro &amp; Zuhause auf Mallorca organisieren","isPartOf":{"@id":"https:\/\/ordenamigas.es\/de\/#website"},"primaryImageOfPage":{"@id":"https:\/\/ordenamigas.es\/de\/umzuege\/#primaryimage"},"image":{"@id":"https:\/\/ordenamigas.es\/de\/umzuege\/#primaryimage"},"thumbnailUrl":"https:\/\/ordenamigas.es\/wp-content\/uploads\/2022\/11\/flower-1.png","datePublished":"2025-04-29T11:32:20+00:00","dateModified":"2025-05-23T06:43:27+00:00","description":"Professionelle Hilfe bei Umz\u00fcgen auf Mallorca. Stressfrei planen, packen und umziehen mit Expertenunterst\u00fctzung.","breadcrumb":{"@id":"https:\/\/ordenamigas.es\/de\/umzuege\/#breadcrumb"},"inLanguage":"de","potentialAction":[{"@type":"ReadAction","target":["https:\/\/ordenamigas.es\/de\/umzuege\/"]}]},{"@type":"ImageObject","inLanguage":"de","@id":"https:\/\/ordenamigas.es\/de\/umzuege\/#primaryimage","url":"https:\/\/ordenamigas.es\/wp-content\/uploads\/2022\/11\/flower-1.png","contentUrl":"https:\/\/ordenamigas.es\/wp-content\/uploads\/2022\/11\/flower-1.png"},{"@type":"BreadcrumbList","@id":"https:\/\/ordenamigas.es\/de\/umzuege\/#breadcrumb","itemListElement":[{"@type":"ListItem","position":1,"name":"Portada","item":"https:\/\/ordenamigas.es\/de\/"},{"@type":"ListItem","position":2,"name":"Umz\u00fcge"}]},{"@type":"WebSite","@id":"https:\/\/ordenamigas.es\/de\/#website","url":"https:\/\/ordenamigas.es\/de\/","name":"Ordenamigas","description":"B\u00fcro &amp; Zuhause auf Mallorca organisieren","publisher":{"@id":"https:\/\/ordenamigas.es\/de\/#organization"},"potentialAction":[{"@type":"SearchAction","target":{"@type":"EntryPoint","urlTemplate":"https:\/\/ordenamigas.es\/de\/?s={search_term_string}"},"query-input":{"@type":"PropertyValueSpecification","valueRequired":true,"valueName":"search_term_string"}}],"inLanguage":"de"},{"@type":"Organization","@id":"https:\/\/ordenamigas.es\/de\/#organization","name":"Ordenamigas","url":"https:\/\/ordenamigas.es\/de\/","logo":{"@type":"ImageObject","inLanguage":"de","@id":"https:\/\/ordenamigas.es\/de\/#\/schema\/logo\/image\/","url":"https:\/\/ordenamigas.es\/wp-content\/uploads\/2025\/03\/logo-horizontal-ordenamigas.png","contentUrl":"https:\/\/ordenamigas.es\/wp-content\/uploads\/2025\/03\/logo-horizontal-ordenamigas.png","width":1092,"height":347,"caption":"Ordenamigas"},"image":{"@id":"https:\/\/ordenamigas.es\/de\/#\/schema\/logo\/image\/"}}]}},"_links":{"self":[{"href":"https:\/\/ordenamigas.es\/de\/wp-json\/wp\/v2\/pages\/24210","targetHints":{"allow":["GET"]}}],"collection":[{"href":"https:\/\/ordenamigas.es\/de\/wp-json\/wp\/v2\/pages"}],"about":[{"href":"https:\/\/ordenamigas.es\/de\/wp-json\/wp\/v2\/types\/page"}],"author":[{"embeddable":true,"href":"https:\/\/ordenamigas.es\/de\/wp-json\/wp\/v2\/users\/1"}],"replies":[{"embeddable":true,"href":"https:\/\/ordenamigas.es\/de\/wp-json\/wp\/v2\/comments?post=24210"}],"version-history":[{"count":18,"href":"https:\/\/ordenamigas.es\/de\/wp-json\/wp\/v2\/pages\/24210\/revisions"}],"predecessor-version":[{"id":25025,"href":"https:\/\/ordenamigas.es\/de\/wp-json\/wp\/v2\/pages\/24210\/revisions\/25025"}],"wp:attachment":[{"href":"https:\/\/ordenamigas.es\/de\/wp-json\/wp\/v2\/media?parent=24210"}],"curies":[{"name":"wp","href":"https:\/\/api.w.org\/{rel}","templated":true}]}}