{"id":24220,"date":"2025-04-29T13:24:04","date_gmt":"2025-04-29T11:24:04","guid":{"rendered":"https:\/\/ordenamigas.es\/asesoria-online\/"},"modified":"2025-05-23T08:44:00","modified_gmt":"2025-05-23T06:44:00","slug":"online-beratung","status":"publish","type":"page","link":"https:\/\/ordenamigas.es\/de\/online-beratung\/","title":{"rendered":"Online-Beratung"},"content":{"rendered":"\t\t<div data-elementor-type=\"wp-page\" data-elementor-id=\"24220\" class=\"elementor elementor-24220 elementor-22632\">\n\t\t\t\t\t\t<section class=\"elementor-section elementor-top-section elementor-element elementor-element-3176ff5 elementor-section-full_width elementor-section-stretched elementor-section-height-default elementor-section-height-default sc_fly_static\" data-id=\"3176ff5\" data-element_type=\"section\" data-settings=\"{&quot;background_background&quot;:&quot;classic&quot;,&quot;stretch_section&quot;:&quot;section-stretched&quot;}\">\n\t\t\t\t\t\t<div class=\"elementor-container elementor-column-gap-no\">\n\t\t\t\t\t<div class=\"elementor-column elementor-col-100 elementor-top-column elementor-element elementor-element-1bebe5f sc_content_align_inherit sc_layouts_column_icons_position_left sc_fly_static\" data-id=\"1bebe5f\" data-element_type=\"column\">\n\t\t\t<div class=\"elementor-widget-wrap elementor-element-populated\">\n\t\t\t\t\t\t<div class=\"elementor-element elementor-element-e174e39 sc_height_huge sc_fly_static elementor-widget elementor-widget-spacer\" data-id=\"e174e39\" data-element_type=\"widget\" data-widget_type=\"spacer.default\">\n\t\t\t\t<div class=\"elementor-widget-container\">\n\t\t\t\t\t\t\t<div class=\"elementor-spacer\">\n\t\t\t<div class=\"elementor-spacer-inner\"><\/div>\n\t\t<\/div>\n\t\t\t\t\t\t<\/div>\n\t\t\t\t<\/div>\n\t\t\t\t<div data-animation-type=\"block\" class=\"elementor-element elementor-element-814136f elementor-widget__width-initial elementor-absolute animated-slow animation_type_block sc_fly_static elementor-invisible elementor-widget elementor-widget-image\" data-id=\"814136f\" data-element_type=\"widget\" data-settings=\"{&quot;_position&quot;:&quot;absolute&quot;,&quot;_animation&quot;:&quot;etta-fadeinup&quot;,&quot;_animation_delay&quot;:300}\" data-widget_type=\"image.default\">\n\t\t\t\t<div class=\"elementor-widget-container\">\n\t\t\t\t\t\t\t\t\t\t\t\t\t\t\t<img fetchpriority=\"high\" decoding=\"async\" width=\"315\" height=\"300\" src=\"https:\/\/ordenamigas.es\/wp-content\/uploads\/2022\/11\/flower-1.png\" class=\"attachment-full size-full wp-image-18314\" alt=\"\" srcset=\"https:\/\/ordenamigas.es\/wp-content\/uploads\/2022\/11\/flower-1.png 315w, https:\/\/ordenamigas.es\/wp-content\/uploads\/2022\/11\/flower-1-300x286.png 300w\" sizes=\"(max-width: 600px) 100vw, 315px\" \/>\t\t\t\t\t\t\t\t\t\t\t\t\t\t\t<\/div>\n\t\t\t\t<\/div>\n\t\t\t\t<div data-animation-type=\"block\" class=\"elementor-element elementor-element-333cf4a elementor-widget__width-initial elementor-absolute animated-slow animation_type_block sc_fly_static elementor-invisible elementor-widget elementor-widget-image\" data-id=\"333cf4a\" data-element_type=\"widget\" data-settings=\"{&quot;_position&quot;:&quot;absolute&quot;,&quot;_animation&quot;:&quot;etta-fadeinup&quot;,&quot;_animation_delay&quot;:300}\" data-widget_type=\"image.default\">\n\t\t\t\t<div class=\"elementor-widget-container\">\n\t\t\t\t\t\t\t\t\t\t\t\t\t\t\t<img decoding=\"async\" width=\"550\" height=\"600\" src=\"https:\/\/ordenamigas.es\/wp-content\/uploads\/2022\/11\/flower-3.png\" class=\"attachment-full size-full wp-image-18376\" alt=\"\" srcset=\"https:\/\/ordenamigas.es\/wp-content\/uploads\/2022\/11\/flower-3.png 550w, https:\/\/ordenamigas.es\/wp-content\/uploads\/2022\/11\/flower-3-275x300.png 275w, https:\/\/ordenamigas.es\/wp-content\/uploads\/2022\/11\/flower-3-370x404.png 370w, https:\/\/ordenamigas.es\/wp-content\/uploads\/2022\/11\/flower-3-410x447.png 410w\" sizes=\"(max-width: 600px) 100vw, 550px\" \/>\t\t\t\t\t\t\t\t\t\t\t\t\t\t\t<\/div>\n\t\t\t\t<\/div>\n\t\t\t\t<section class=\"elementor-section elementor-inner-section elementor-element elementor-element-30c9c10 elementor-section-boxed elementor-section-height-default elementor-section-height-default sc_fly_static\" data-id=\"30c9c10\" data-element_type=\"section\">\n\t\t\t\t\t\t<div class=\"elementor-container elementor-column-gap-extended\">\n\t\t\t\t\t<div class=\"elementor-column elementor-col-50 elementor-inner-column elementor-element elementor-element-4e1ed29 sc_content_align_inherit sc_layouts_column_icons_position_left sc_fly_static\" data-id=\"4e1ed29\" data-element_type=\"column\">\n\t\t\t<div class=\"elementor-widget-wrap elementor-element-populated\">\n\t\t\t\t\t\t<div class=\"elementor-element elementor-element-a58a33b no-title sc_fly_static elementor-widget elementor-widget-image\" data-id=\"a58a33b\" data-element_type=\"widget\" data-widget_type=\"image.default\">\n\t\t\t\t<div class=\"elementor-widget-container\">\n\t\t\t\t\t\t\t\t\t\t\t\t\t\t\t<img decoding=\"async\" src=\"https:\/\/ordenamigas.es\/wp-content\/uploads\/elementor\/thumbs\/post14-copyright-r3dey2pjgmzh8pcplm6vii6hpumpf37nexzxbryv6u.jpg\" title=\"post14-copyright\" alt=\"post14-copyright\" loading=\"lazy\" \/>\t\t\t\t\t\t\t\t\t\t\t\t\t\t\t<\/div>\n\t\t\t\t<\/div>\n\t\t\t\t<div class=\"elementor-element elementor-element-87dedd4 sc_fly_static elementor-widget elementor-widget-spacer\" data-id=\"87dedd4\" data-element_type=\"widget\" data-widget_type=\"spacer.default\">\n\t\t\t\t<div class=\"elementor-widget-container\">\n\t\t\t\t\t\t\t<div class=\"elementor-spacer\">\n\t\t\t<div class=\"elementor-spacer-inner\"><\/div>\n\t\t<\/div>\n\t\t\t\t\t\t<\/div>\n\t\t\t\t<\/div>\n\t\t\t\t<div class=\"elementor-element elementor-element-727af9b sc_fly_static elementor-widget elementor-widget-image\" data-id=\"727af9b\" data-element_type=\"widget\" data-widget_type=\"image.default\">\n\t\t\t\t<div class=\"elementor-widget-container\">\n\t\t\t\t\t\t\t\t\t\t\t\t\t\t\t<img decoding=\"async\" src=\"https:\/\/ordenamigas.es\/wp-content\/uploads\/elementor\/thumbs\/asesoria-online-scaled-r66rvguvo4ekv87t4noshe79k95riigmlftrvt784m.jpg\" title=\"hands with laptop and papers at office table\" alt=\"Asesoria Online\" loading=\"lazy\" \/>\t\t\t\t\t\t\t\t\t\t\t\t\t\t\t<\/div>\n\t\t\t\t<\/div>\n\t\t\t\t<div class=\"elementor-element elementor-element-3bad9b9 sc_fly_static elementor-widget elementor-widget-spacer\" data-id=\"3bad9b9\" data-element_type=\"widget\" data-widget_type=\"spacer.default\">\n\t\t\t\t<div class=\"elementor-widget-container\">\n\t\t\t\t\t\t\t<div class=\"elementor-spacer\">\n\t\t\t<div class=\"elementor-spacer-inner\"><\/div>\n\t\t<\/div>\n\t\t\t\t\t\t<\/div>\n\t\t\t\t<\/div>\n\t\t\t\t\t<\/div>\n\t\t<\/div>\n\t\t\t\t<div class=\"elementor-column elementor-col-50 elementor-inner-column elementor-element elementor-element-89b84d3 sc_content_align_inherit sc_layouts_column_icons_position_left sc_fly_static\" data-id=\"89b84d3\" data-element_type=\"column\">\n\t\t\t<div class=\"elementor-widget-wrap elementor-element-populated\">\n\t\t\t\t\t\t<div class=\"elementor-element elementor-element-553d813 sc_fly_static elementor-widget elementor-widget-spacer\" data-id=\"553d813\" data-element_type=\"widget\" data-widget_type=\"spacer.default\">\n\t\t\t\t<div class=\"elementor-widget-container\">\n\t\t\t\t\t\t\t<div class=\"elementor-spacer\">\n\t\t\t<div class=\"elementor-spacer-inner\"><\/div>\n\t\t<\/div>\n\t\t\t\t\t\t<\/div>\n\t\t\t\t<\/div>\n\t\t\t\t<div class=\"elementor-element elementor-element-297f2a7 sc_fly_static elementor-widget elementor-widget-text-editor\" data-id=\"297f2a7\" data-element_type=\"widget\" data-widget_type=\"text-editor.default\">\n\t\t\t\t<div class=\"elementor-widget-container\">\n\t\t\t\t\t\t\t\t\t<div class=\"elementor-element elementor-element-4e58d9d sc_fly_static elementor-widget elementor-widget-text-editor trx_addons_parallax_layers_inited trx_addons_parallax_blocks_inited\" data-id=\"4e58d9d\" data-element_type=\"widget\" data-widget_type=\"text-editor.default\">\n<div class=\"elementor-widget-container\">\n<div class=\"elementor-element elementor-element-4e58d9d sc_fly_static elementor-widget elementor-widget-text-editor trx_addons_parallax_layers_inited trx_addons_parallax_blocks_inited\" data-id=\"4e58d9d\" data-element_type=\"widget\" data-widget_type=\"text-editor.default\">\n<div class=\"elementor-widget-container\">\n<p style=\"text-align: left;\"><strong>Behalte die Kontrolle \u00fcber dein Zuhause \u2013 egal, wo du bist.<\/strong> <strong>Ist dein Zuhause unordentlich und du wei\u00dft nicht, wo du anfangen sollst?<br \/><\/strong>Wenn du das Gef\u00fchl hast, dass das Chaos dein Zuhause \u00fcbernommen hat, du unn\u00f6tige Dinge anh\u00e4ufst oder einfach Hilfe bei der besseren Organisation deiner R\u00e4ume brauchst, bin ich hier, um dir zu helfen!<\/p>\n<p style=\"text-align: left;\">Mit dieser personalisierten <strong>2-st\u00fcndigen Online-Beratung<\/strong> lernst du, dein Zuhause praktisch und effizient zu ordnen, <strong>angepasst an dein Tempo und deine Bed\u00fcrfnisse.<\/strong> In der ersten Stunde konzentrieren wir uns auf die Besprechung der geteilten Fotos und Videos, und nachdem die Situation analysiert wurde, beginnt die zweite Stunde, in der wir auf Basis der Analyse Entscheidungen treffen.<\/p>\n<p style=\"text-align: left;\"><strong>Wie funktioniert das?<\/strong><\/p>\n<ul>\n<li>Fotos und Videos zur Bewertung senden.<\/li>\n<li>Personalisierter Plan mit Materialliste.<\/li>\n<li>Online-Sitzung von einer weiteren Stunde zur Besprechung des Projekts.<\/li>\n<\/ul>\n<p><strong>Komplettpaket:<\/strong> 90\u20ac.<br \/><strong>Zus\u00e4tzliche Stunden:<\/strong> 25\u20ac.<\/p>\n<p>Wir helfen dir dabei:<\/p>\n<ul>\n<li>Ordnungs- und Reinigung**routinen zu erstellen**.<\/li>\n<li>Probleme mit Unordnung und Anh\u00e4ufung zu l\u00f6sen.<\/li>\n<li>Die Zeit zu managen, um Ordnung zu halten.<\/li>\n<li>Loszulassen und Entscheidungen dar\u00fcber zu treffen, was behalten werden soll.<\/li>\n<li>Schr\u00e4nke zu planen und R\u00e4ume zu organisieren.<\/li>\n<\/ul>\n<p style=\"text-align: left;\"><strong>Vorteile der Online-Beratung<\/strong><\/p>\n<ul>\n<li>In deinem eigenen Tempo ordnen mit der Unterst\u00fctzung einer professionellen Organisatorin.<\/li>\n<li>Deine R\u00e4ume mit praktischen und funktionalen L\u00f6sungen optimieren.<\/li>\n<li>Lernen, loszulassen, was du nicht brauchst, und Anh\u00e4ufung vermeiden.<\/li>\n<li>Stress reduzieren, indem du in einem organisierten und harmonischen Zuhause lebst.<\/li>\n<\/ul>\n<p style=\"text-align: left;\"><strong>Fang noch heute an!<br \/><\/strong>Kaufe die Sitzungen, die du brauchst, und arbeite in deinem eigenen Tempo. Reserviere jetzt deine Sitzung und mach den ersten Schritt zu einem ordentlichen Zuhause.<\/p>\n<\/div>\n<\/div>\n<\/div>\n<\/div>\t\t\t\t\t\t\t\t<\/div>\n\t\t\t\t<\/div>\n\t\t\t\t<div class=\"elementor-element elementor-element-bcb5a38 sc_height_small sc_fly_static elementor-widget elementor-widget-spacer\" data-id=\"bcb5a38\" data-element_type=\"widget\" data-widget_type=\"spacer.default\">\n\t\t\t\t<div class=\"elementor-widget-container\">\n\t\t\t\t\t\t\t<div class=\"elementor-spacer\">\n\t\t\t<div class=\"elementor-spacer-inner\"><\/div>\n\t\t<\/div>\n\t\t\t\t\t\t<\/div>\n\t\t\t\t<\/div>\n\t\t\t\t\t<\/div>\n\t\t<\/div>\n\t\t\t\t\t<\/div>\n\t\t<\/section>\n\t\t\t\t\t<\/div>\n\t\t<\/div>\n\t\t\t\t\t<\/div>\n\t\t<\/section>\n\t\t\t\t<section class=\"elementor-section elementor-top-section elementor-element elementor-element-299bb58 elementor-section-content-bottom scheme_dark elementor-section-stretched elementor-section-boxed elementor-section-height-default elementor-section-height-default sc_fly_static\" data-id=\"299bb58\" data-element_type=\"section\" data-settings=\"{&quot;background_background&quot;:&quot;classic&quot;,&quot;stretch_section&quot;:&quot;section-stretched&quot;}\">\n\t\t\t\t\t\t\t<div class=\"elementor-background-overlay\"><\/div>\n\t\t\t\t\t\t\t<div class=\"elementor-container elementor-column-gap-no\">\n\t\t\t\t\t<div class=\"elementor-column elementor-col-50 elementor-top-column elementor-element elementor-element-4955d89 sc-mobile_content_align_inherit sc_content_align_inherit sc_layouts_column_icons_position_left sc_fly_static\" data-id=\"4955d89\" data-element_type=\"column\">\n\t\t\t<div class=\"elementor-widget-wrap elementor-element-populated\">\n\t\t\t\t\t\t<div class=\"elementor-element elementor-element-22a83a8 sc_height_huge sc_fly_static elementor-widget elementor-widget-spacer\" data-id=\"22a83a8\" data-element_type=\"widget\" data-widget_type=\"spacer.default\">\n\t\t\t\t<div class=\"elementor-widget-container\">\n\t\t\t\t\t\t\t<div class=\"elementor-spacer\">\n\t\t\t<div class=\"elementor-spacer-inner\"><\/div>\n\t\t<\/div>\n\t\t\t\t\t\t<\/div>\n\t\t\t\t<\/div>\n\t\t\t\t<div class=\"elementor-element elementor-element-a98c098 sc_fly_static elementor-widget elementor-widget-trx_sc_title\" data-id=\"a98c098\" data-element_type=\"widget\" data-widget_type=\"trx_sc_title.default\">\n\t\t\t\t<div class=\"elementor-widget-container\">\n\t\t\t\t\t<div\t\tclass=\"sc_title sc_title_default\" ><h2 class=\"sc_item_title sc_title_title sc_item_title_style_default sc_typed\"\n\t\t\t><span class=\"sc_item_title_text\">Sind Sie bereit, sich durch Ordnung zu ver\u00e4ndern?<\/span><\/h2><\/div>\t\t\t\t<\/div>\n\t\t\t\t<\/div>\n\t\t\t\t<div class=\"elementor-element elementor-element-87cce01 sc_height_large sc_layouts_hide_on_mobile sc_fly_static elementor-widget elementor-widget-spacer\" data-id=\"87cce01\" data-element_type=\"widget\" data-widget_type=\"spacer.default\">\n\t\t\t\t<div class=\"elementor-widget-container\">\n\t\t\t\t\t\t\t<div class=\"elementor-spacer\">\n\t\t\t<div class=\"elementor-spacer-inner\"><\/div>\n\t\t<\/div>\n\t\t\t\t\t\t<\/div>\n\t\t\t\t<\/div>\n\t\t\t\t\t<\/div>\n\t\t<\/div>\n\t\t\t\t<div class=\"elementor-column elementor-col-50 elementor-top-column elementor-element elementor-element-975b8d7 sc_layouts_column_align_right sc_layouts_column sc-mobile_layouts_column_align_left sc_layouts_column sc_content_align_inherit sc_layouts_column_icons_position_left sc_fly_static\" data-id=\"975b8d7\" data-element_type=\"column\">\n\t\t\t<div class=\"elementor-widget-wrap elementor-element-populated\">\n\t\t\t\t\t\t<div class=\"elementor-element elementor-element-5297b08 sc_layouts_hide_on_wide sc_layouts_hide_on_desktop sc_layouts_hide_on_notebook sc_layouts_hide_on_tablet sc_fly_static elementor-widget elementor-widget-spacer\" data-id=\"5297b08\" data-element_type=\"widget\" data-widget_type=\"spacer.default\">\n\t\t\t\t<div class=\"elementor-widget-container\">\n\t\t\t\t\t\t\t<div class=\"elementor-spacer\">\n\t\t\t<div class=\"elementor-spacer-inner\"><\/div>\n\t\t<\/div>\n\t\t\t\t\t\t<\/div>\n\t\t\t\t<\/div>\n\t\t\t\t<div class=\"elementor-element elementor-element-eff38e5 sc_fly_static elementor-widget elementor-widget-trx_sc_button\" data-id=\"eff38e5\" data-element_type=\"widget\" data-widget_type=\"trx_sc_button.default\">\n\t\t\t\t<div class=\"elementor-widget-container\">\n\t\t\t\t\t<div\tclass=\"sc_item_button sc_button_wrap\" ><a href=\"https:\/\/ordenamigas.es\/de\/kontakt\/\" class=\"sc_button sc_button_bordered sc_button_size_small sc_button_icon_left color_style_dark\" ><span class=\"sc_button_text\"><span class=\"sc_button_title\">Jetzt mit deinem Wandel starten<\/span><\/span><\/a><\/div>\t\t\t\t<\/div>\n\t\t\t\t<\/div>\n\t\t\t\t<div class=\"elementor-element elementor-element-2a02432 sc_height_large sc_fly_static elementor-widget elementor-widget-spacer\" data-id=\"2a02432\" data-element_type=\"widget\" data-widget_type=\"spacer.default\">\n\t\t\t\t<div class=\"elementor-widget-container\">\n\t\t\t\t\t\t\t<div class=\"elementor-spacer\">\n\t\t\t<div class=\"elementor-spacer-inner\"><\/div>\n\t\t<\/div>\n\t\t\t\t\t\t<\/div>\n\t\t\t\t<\/div>\n\t\t\t\t\t<\/div>\n\t\t<\/div>\n\t\t\t\t\t<\/div>\n\t\t<\/section>\n\t\t\t\t<\/div>\n\t\t","protected":false},"excerpt":{"rendered":"<p>Behalte die Kontrolle \u00fcber dein Zuhause \u2013 egal, wo du bist. Ist dein Zuhause unordentlich und du wei\u00dft nicht, wo du anfangen sollst?Wenn du das Gef\u00fchl hast, dass das Chaos&hellip;<\/p>\n","protected":false},"author":1,"featured_media":0,"parent":0,"menu_order":0,"comment_status":"closed","ping_status":"closed","template":"","meta":{"footnotes":""},"class_list":["post-24220","page","type-page","status-publish","hentry"],"yoast_head":"<!-- This site is optimized with the Yoast SEO plugin v24.7 - https:\/\/yoast.com\/wordpress\/plugins\/seo\/ -->\n<title>Online-Beratung | Ordenamigas - B\u00fcro &amp; Zuhause auf Mallorca organisieren<\/title>\n<meta name=\"description\" content=\"Buche deine Online-Beratung zur Organisation und erhalte individuelle, praxisnahe Tipps zur besseren Ordnung deiner R\u00e4ume.\" \/>\n<meta name=\"robots\" content=\"index, follow, max-snippet:-1, max-image-preview:large, max-video-preview:-1\" \/>\n<link rel=\"canonical\" href=\"https:\/\/ordenamigas.es\/de\/online-beratung\/\" \/>\n<meta property=\"og:locale\" content=\"de_DE\" \/>\n<meta property=\"og:type\" content=\"article\" \/>\n<meta property=\"og:title\" content=\"Online-Beratung | Ordenamigas - B\u00fcro &amp; Zuhause auf Mallorca organisieren\" \/>\n<meta property=\"og:description\" content=\"Buche deine Online-Beratung zur Organisation und erhalte individuelle, praxisnahe Tipps zur besseren Ordnung deiner R\u00e4ume.\" \/>\n<meta property=\"og:url\" content=\"https:\/\/ordenamigas.es\/de\/online-beratung\/\" \/>\n<meta property=\"og:site_name\" content=\"Ordenamigas\" \/>\n<meta property=\"article:modified_time\" content=\"2025-05-23T06:44:00+00:00\" \/>\n<meta property=\"og:image\" content=\"https:\/\/ordenamigas.es\/wp-content\/uploads\/2022\/11\/flower-1.png\" \/>\n\t<meta property=\"og:image:width\" content=\"315\" \/>\n\t<meta property=\"og:image:height\" content=\"300\" \/>\n\t<meta property=\"og:image:type\" content=\"image\/png\" \/>\n<meta name=\"twitter:card\" content=\"summary_large_image\" \/>\n<meta name=\"twitter:label1\" content=\"Gesch\u00e4tzte Lesezeit\" \/>\n\t<meta name=\"twitter:data1\" content=\"6\u00a0Minuten\" \/>\n<script type=\"application\/ld+json\" class=\"yoast-schema-graph\">{\"@context\":\"https:\/\/schema.org\",\"@graph\":[{\"@type\":\"WebPage\",\"@id\":\"https:\/\/ordenamigas.es\/de\/online-beratung\/\",\"url\":\"https:\/\/ordenamigas.es\/de\/online-beratung\/\",\"name\":\"Online-Beratung | Ordenamigas - B\u00fcro &amp; Zuhause auf Mallorca organisieren\",\"isPartOf\":{\"@id\":\"https:\/\/ordenamigas.es\/de\/#website\"},\"primaryImageOfPage\":{\"@id\":\"https:\/\/ordenamigas.es\/de\/online-beratung\/#primaryimage\"},\"image\":{\"@id\":\"https:\/\/ordenamigas.es\/de\/online-beratung\/#primaryimage\"},\"thumbnailUrl\":\"https:\/\/ordenamigas.es\/wp-content\/uploads\/2022\/11\/flower-1.png\",\"datePublished\":\"2025-04-29T11:24:04+00:00\",\"dateModified\":\"2025-05-23T06:44:00+00:00\",\"description\":\"Buche deine Online-Beratung zur Organisation und erhalte individuelle, praxisnahe Tipps zur besseren Ordnung deiner R\u00e4ume.\",\"breadcrumb\":{\"@id\":\"https:\/\/ordenamigas.es\/de\/online-beratung\/#breadcrumb\"},\"inLanguage\":\"de\",\"potentialAction\":[{\"@type\":\"ReadAction\",\"target\":[\"https:\/\/ordenamigas.es\/de\/online-beratung\/\"]}]},{\"@type\":\"ImageObject\",\"inLanguage\":\"de\",\"@id\":\"https:\/\/ordenamigas.es\/de\/online-beratung\/#primaryimage\",\"url\":\"https:\/\/ordenamigas.es\/wp-content\/uploads\/2022\/11\/flower-1.png\",\"contentUrl\":\"https:\/\/ordenamigas.es\/wp-content\/uploads\/2022\/11\/flower-1.png\"},{\"@type\":\"BreadcrumbList\",\"@id\":\"https:\/\/ordenamigas.es\/de\/online-beratung\/#breadcrumb\",\"itemListElement\":[{\"@type\":\"ListItem\",\"position\":1,\"name\":\"Portada\",\"item\":\"https:\/\/ordenamigas.es\/de\/\"},{\"@type\":\"ListItem\",\"position\":2,\"name\":\"Online-Beratung\"}]},{\"@type\":\"WebSite\",\"@id\":\"https:\/\/ordenamigas.es\/de\/#website\",\"url\":\"https:\/\/ordenamigas.es\/de\/\",\"name\":\"Ordenamigas\",\"description\":\"B\u00fcro &amp; Zuhause auf Mallorca organisieren\",\"publisher\":{\"@id\":\"https:\/\/ordenamigas.es\/de\/#organization\"},\"potentialAction\":[{\"@type\":\"SearchAction\",\"target\":{\"@type\":\"EntryPoint\",\"urlTemplate\":\"https:\/\/ordenamigas.es\/de\/?s={search_term_string}\"},\"query-input\":{\"@type\":\"PropertyValueSpecification\",\"valueRequired\":true,\"valueName\":\"search_term_string\"}}],\"inLanguage\":\"de\"},{\"@type\":\"Organization\",\"@id\":\"https:\/\/ordenamigas.es\/de\/#organization\",\"name\":\"Ordenamigas\",\"url\":\"https:\/\/ordenamigas.es\/de\/\",\"logo\":{\"@type\":\"ImageObject\",\"inLanguage\":\"de\",\"@id\":\"https:\/\/ordenamigas.es\/de\/#\/schema\/logo\/image\/\",\"url\":\"https:\/\/ordenamigas.es\/wp-content\/uploads\/2025\/03\/logo-horizontal-ordenamigas.png\",\"contentUrl\":\"https:\/\/ordenamigas.es\/wp-content\/uploads\/2025\/03\/logo-horizontal-ordenamigas.png\",\"width\":1092,\"height\":347,\"caption\":\"Ordenamigas\"},\"image\":{\"@id\":\"https:\/\/ordenamigas.es\/de\/#\/schema\/logo\/image\/\"}}]}<\/script>\n<!-- \/ Yoast SEO plugin. -->","yoast_head_json":{"title":"Online-Beratung | Ordenamigas - B\u00fcro &amp; Zuhause auf Mallorca organisieren","description":"Buche deine Online-Beratung zur Organisation und erhalte individuelle, praxisnahe Tipps zur besseren Ordnung deiner R\u00e4ume.","robots":{"index":"index","follow":"follow","max-snippet":"max-snippet:-1","max-image-preview":"max-image-preview:large","max-video-preview":"max-video-preview:-1"},"canonical":"https:\/\/ordenamigas.es\/de\/online-beratung\/","og_locale":"de_DE","og_type":"article","og_title":"Online-Beratung | Ordenamigas - B\u00fcro &amp; Zuhause auf Mallorca organisieren","og_description":"Buche deine Online-Beratung zur Organisation und erhalte individuelle, praxisnahe Tipps zur besseren Ordnung deiner R\u00e4ume.","og_url":"https:\/\/ordenamigas.es\/de\/online-beratung\/","og_site_name":"Ordenamigas","article_modified_time":"2025-05-23T06:44:00+00:00","og_image":[{"width":315,"height":300,"url":"https:\/\/ordenamigas.es\/wp-content\/uploads\/2022\/11\/flower-1.png","type":"image\/png"}],"twitter_card":"summary_large_image","twitter_misc":{"Gesch\u00e4tzte Lesezeit":"6\u00a0Minuten"},"schema":{"@context":"https:\/\/schema.org","@graph":[{"@type":"WebPage","@id":"https:\/\/ordenamigas.es\/de\/online-beratung\/","url":"https:\/\/ordenamigas.es\/de\/online-beratung\/","name":"Online-Beratung | Ordenamigas - B\u00fcro &amp; Zuhause auf Mallorca organisieren","isPartOf":{"@id":"https:\/\/ordenamigas.es\/de\/#website"},"primaryImageOfPage":{"@id":"https:\/\/ordenamigas.es\/de\/online-beratung\/#primaryimage"},"image":{"@id":"https:\/\/ordenamigas.es\/de\/online-beratung\/#primaryimage"},"thumbnailUrl":"https:\/\/ordenamigas.es\/wp-content\/uploads\/2022\/11\/flower-1.png","datePublished":"2025-04-29T11:24:04+00:00","dateModified":"2025-05-23T06:44:00+00:00","description":"Buche deine Online-Beratung zur Organisation und erhalte individuelle, praxisnahe Tipps zur besseren Ordnung deiner R\u00e4ume.","breadcrumb":{"@id":"https:\/\/ordenamigas.es\/de\/online-beratung\/#breadcrumb"},"inLanguage":"de","potentialAction":[{"@type":"ReadAction","target":["https:\/\/ordenamigas.es\/de\/online-beratung\/"]}]},{"@type":"ImageObject","inLanguage":"de","@id":"https:\/\/ordenamigas.es\/de\/online-beratung\/#primaryimage","url":"https:\/\/ordenamigas.es\/wp-content\/uploads\/2022\/11\/flower-1.png","contentUrl":"https:\/\/ordenamigas.es\/wp-content\/uploads\/2022\/11\/flower-1.png"},{"@type":"BreadcrumbList","@id":"https:\/\/ordenamigas.es\/de\/online-beratung\/#breadcrumb","itemListElement":[{"@type":"ListItem","position":1,"name":"Portada","item":"https:\/\/ordenamigas.es\/de\/"},{"@type":"ListItem","position":2,"name":"Online-Beratung"}]},{"@type":"WebSite","@id":"https:\/\/ordenamigas.es\/de\/#website","url":"https:\/\/ordenamigas.es\/de\/","name":"Ordenamigas","description":"B\u00fcro &amp; Zuhause auf Mallorca organisieren","publisher":{"@id":"https:\/\/ordenamigas.es\/de\/#organization"},"potentialAction":[{"@type":"SearchAction","target":{"@type":"EntryPoint","urlTemplate":"https:\/\/ordenamigas.es\/de\/?s={search_term_string}"},"query-input":{"@type":"PropertyValueSpecification","valueRequired":true,"valueName":"search_term_string"}}],"inLanguage":"de"},{"@type":"Organization","@id":"https:\/\/ordenamigas.es\/de\/#organization","name":"Ordenamigas","url":"https:\/\/ordenamigas.es\/de\/","logo":{"@type":"ImageObject","inLanguage":"de","@id":"https:\/\/ordenamigas.es\/de\/#\/schema\/logo\/image\/","url":"https:\/\/ordenamigas.es\/wp-content\/uploads\/2025\/03\/logo-horizontal-ordenamigas.png","contentUrl":"https:\/\/ordenamigas.es\/wp-content\/uploads\/2025\/03\/logo-horizontal-ordenamigas.png","width":1092,"height":347,"caption":"Ordenamigas"},"image":{"@id":"https:\/\/ordenamigas.es\/de\/#\/schema\/logo\/image\/"}}]}},"_links":{"self":[{"href":"https:\/\/ordenamigas.es\/de\/wp-json\/wp\/v2\/pages\/24220","targetHints":{"allow":["GET"]}}],"collection":[{"href":"https:\/\/ordenamigas.es\/de\/wp-json\/wp\/v2\/pages"}],"about":[{"href":"https:\/\/ordenamigas.es\/de\/wp-json\/wp\/v2\/types\/page"}],"author":[{"embeddable":true,"href":"https:\/\/ordenamigas.es\/de\/wp-json\/wp\/v2\/users\/1"}],"replies":[{"embeddable":true,"href":"https:\/\/ordenamigas.es\/de\/wp-json\/wp\/v2\/comments?post=24220"}],"version-history":[{"count":18,"href":"https:\/\/ordenamigas.es\/de\/wp-json\/wp\/v2\/pages\/24220\/revisions"}],"predecessor-version":[{"id":25028,"href":"https:\/\/ordenamigas.es\/de\/wp-json\/wp\/v2\/pages\/24220\/revisions\/25028"}],"wp:attachment":[{"href":"https:\/\/ordenamigas.es\/de\/wp-json\/wp\/v2\/media?parent=24220"}],"curies":[{"name":"wp","href":"https:\/\/api.w.org\/{rel}","templated":true}]}}