{"id":24246,"date":"2025-04-29T13:29:01","date_gmt":"2025-04-29T11:29:01","guid":{"rendered":"https:\/\/ordenamigas.es\/presencial-en-hogares\/"},"modified":"2025-08-18T11:56:08","modified_gmt":"2025-08-18T09:56:08","slug":"von-angesicht-zu-angesicht-in-wohnungen","status":"publish","type":"page","link":"https:\/\/ordenamigas.es\/de\/von-angesicht-zu-angesicht-in-wohnungen\/","title":{"rendered":"Von Angesicht zu Angesicht in Wohnungen"},"content":{"rendered":"\t\t<div data-elementor-type=\"wp-page\" data-elementor-id=\"24246\" class=\"elementor elementor-24246 elementor-22638\">\n\t\t\t\t\t\t<section class=\"elementor-section elementor-top-section elementor-element elementor-element-e412fb2 elementor-section-full_width elementor-section-stretched elementor-section-height-default elementor-section-height-default sc_fly_static\" data-id=\"e412fb2\" data-element_type=\"section\" data-settings=\"{&quot;background_background&quot;:&quot;classic&quot;,&quot;stretch_section&quot;:&quot;section-stretched&quot;}\">\n\t\t\t\t\t\t<div class=\"elementor-container elementor-column-gap-no\">\n\t\t\t\t\t<div class=\"elementor-column elementor-col-100 elementor-top-column elementor-element elementor-element-7bb9b1e sc_content_align_inherit sc_layouts_column_icons_position_left sc_fly_static\" data-id=\"7bb9b1e\" data-element_type=\"column\">\n\t\t\t<div class=\"elementor-widget-wrap elementor-element-populated\">\n\t\t\t\t\t\t<div class=\"elementor-element elementor-element-60dbdff sc_height_huge sc_fly_static elementor-widget elementor-widget-spacer\" data-id=\"60dbdff\" data-element_type=\"widget\" data-widget_type=\"spacer.default\">\n\t\t\t\t<div class=\"elementor-widget-container\">\n\t\t\t\t\t\t\t<div class=\"elementor-spacer\">\n\t\t\t<div class=\"elementor-spacer-inner\"><\/div>\n\t\t<\/div>\n\t\t\t\t\t\t<\/div>\n\t\t\t\t<\/div>\n\t\t\t\t<div data-animation-type=\"block\" class=\"elementor-element elementor-element-5a4e988 elementor-widget__width-initial elementor-absolute animated-slow animation_type_block sc_fly_static elementor-invisible elementor-widget elementor-widget-image\" data-id=\"5a4e988\" data-element_type=\"widget\" data-settings=\"{&quot;_position&quot;:&quot;absolute&quot;,&quot;_animation&quot;:&quot;etta-fadeinup&quot;,&quot;_animation_delay&quot;:300}\" data-widget_type=\"image.default\">\n\t\t\t\t<div class=\"elementor-widget-container\">\n\t\t\t\t\t\t\t\t\t\t\t\t\t\t\t<img fetchpriority=\"high\" decoding=\"async\" width=\"315\" height=\"300\" src=\"https:\/\/ordenamigas.es\/wp-content\/uploads\/2025\/05\/flower-1.png\" class=\"attachment-full size-full wp-image-24251\" alt=\"\" srcset=\"https:\/\/ordenamigas.es\/wp-content\/uploads\/2025\/05\/flower-1.png 315w, https:\/\/ordenamigas.es\/wp-content\/uploads\/2025\/05\/flower-1-300x286.png 300w\" sizes=\"(max-width: 600px) 100vw, 315px\" \/>\t\t\t\t\t\t\t\t\t\t\t\t\t\t\t<\/div>\n\t\t\t\t<\/div>\n\t\t\t\t<div data-animation-type=\"block\" class=\"elementor-element elementor-element-52cf60d elementor-widget__width-initial elementor-absolute animated-slow animation_type_block sc_fly_static elementor-invisible elementor-widget elementor-widget-image\" data-id=\"52cf60d\" data-element_type=\"widget\" data-settings=\"{&quot;_position&quot;:&quot;absolute&quot;,&quot;_animation&quot;:&quot;etta-fadeinup&quot;,&quot;_animation_delay&quot;:300}\" data-widget_type=\"image.default\">\n\t\t\t\t<div class=\"elementor-widget-container\">\n\t\t\t\t\t\t\t\t\t\t\t\t\t\t\t<img decoding=\"async\" width=\"550\" height=\"600\" src=\"https:\/\/ordenamigas.es\/wp-content\/uploads\/2025\/05\/flower-3.png\" class=\"attachment-full size-full wp-image-24255\" alt=\"\" srcset=\"https:\/\/ordenamigas.es\/wp-content\/uploads\/2025\/05\/flower-3.png 550w, https:\/\/ordenamigas.es\/wp-content\/uploads\/2025\/05\/flower-3-275x300.png 275w, https:\/\/ordenamigas.es\/wp-content\/uploads\/2025\/05\/flower-3-370x404.png 370w, https:\/\/ordenamigas.es\/wp-content\/uploads\/2025\/05\/flower-3-410x447.png 410w\" sizes=\"(max-width: 600px) 100vw, 550px\" \/>\t\t\t\t\t\t\t\t\t\t\t\t\t\t\t<\/div>\n\t\t\t\t<\/div>\n\t\t\t\t<section class=\"elementor-section elementor-inner-section elementor-element elementor-element-30b2507 elementor-section-boxed elementor-section-height-default elementor-section-height-default sc_fly_static\" data-id=\"30b2507\" data-element_type=\"section\">\n\t\t\t\t\t\t<div class=\"elementor-container elementor-column-gap-extended\">\n\t\t\t\t\t<div class=\"elementor-column elementor-col-50 elementor-inner-column elementor-element elementor-element-a0d0398 sc_content_align_inherit sc_layouts_column_icons_position_left sc_fly_static\" data-id=\"a0d0398\" data-element_type=\"column\">\n\t\t\t<div class=\"elementor-widget-wrap elementor-element-populated\">\n\t\t\t\t\t\t<div class=\"elementor-element elementor-element-4df049b no-title sc_fly_static elementor-widget elementor-widget-image\" data-id=\"4df049b\" data-element_type=\"widget\" data-widget_type=\"image.default\">\n\t\t\t\t<div class=\"elementor-widget-container\">\n\t\t\t\t\t\t\t\t\t\t\t\t\t\t\t<img decoding=\"async\" width=\"1333\" height=\"1999\" src=\"https:\/\/ordenamigas.es\/wp-content\/uploads\/2025\/05\/presencial-hogares.jpg\" class=\"attachment-full size-full wp-image-24828\" alt=\"Presencial Hogares\" srcset=\"https:\/\/ordenamigas.es\/wp-content\/uploads\/2025\/05\/presencial-hogares.jpg 1333w, https:\/\/ordenamigas.es\/wp-content\/uploads\/2025\/05\/presencial-hogares-200x300.jpg 200w, https:\/\/ordenamigas.es\/wp-content\/uploads\/2025\/05\/presencial-hogares-683x1024.jpg 683w, https:\/\/ordenamigas.es\/wp-content\/uploads\/2025\/05\/presencial-hogares-768x1152.jpg 768w, https:\/\/ordenamigas.es\/wp-content\/uploads\/2025\/05\/presencial-hogares-1024x1536.jpg 1024w, https:\/\/ordenamigas.es\/wp-content\/uploads\/2025\/05\/presencial-hogares-370x555.jpg 370w, https:\/\/ordenamigas.es\/wp-content\/uploads\/2025\/05\/presencial-hogares-840x1260.jpg 840w, https:\/\/ordenamigas.es\/wp-content\/uploads\/2025\/05\/presencial-hogares-410x615.jpg 410w\" sizes=\"(max-width: 1333px) 100vw, 1333px\" \/>\t\t\t\t\t\t\t\t\t\t\t\t\t\t\t<\/div>\n\t\t\t\t<\/div>\n\t\t\t\t<div class=\"elementor-element elementor-element-e5db973 sc_fly_static elementor-widget elementor-widget-spacer\" data-id=\"e5db973\" data-element_type=\"widget\" data-widget_type=\"spacer.default\">\n\t\t\t\t<div class=\"elementor-widget-container\">\n\t\t\t\t\t\t\t<div class=\"elementor-spacer\">\n\t\t\t<div class=\"elementor-spacer-inner\"><\/div>\n\t\t<\/div>\n\t\t\t\t\t\t<\/div>\n\t\t\t\t<\/div>\n\t\t\t\t<div class=\"elementor-element elementor-element-a4ca4fb sc_fly_static elementor-widget elementor-widget-image\" data-id=\"a4ca4fb\" data-element_type=\"widget\" data-widget_type=\"image.default\">\n\t\t\t\t<div class=\"elementor-widget-container\">\n\t\t\t\t\t\t\t\t\t\t\t\t\t\t\t<img loading=\"lazy\" decoding=\"async\" width=\"966\" height=\"593\" src=\"https:\/\/ordenamigas.es\/wp-content\/uploads\/2025\/05\/presencial-hogares-cajon-transparente.png\" class=\"attachment-large size-large wp-image-25049\" alt=\"Presencial Hogares Cajon-Transparente\" srcset=\"https:\/\/ordenamigas.es\/wp-content\/uploads\/2025\/05\/presencial-hogares-cajon-transparente.png 966w, https:\/\/ordenamigas.es\/wp-content\/uploads\/2025\/05\/presencial-hogares-cajon-transparente-300x184.png 300w, https:\/\/ordenamigas.es\/wp-content\/uploads\/2025\/05\/presencial-hogares-cajon-transparente-768x471.png 768w, https:\/\/ordenamigas.es\/wp-content\/uploads\/2025\/05\/presencial-hogares-cajon-transparente-370x227.png 370w, https:\/\/ordenamigas.es\/wp-content\/uploads\/2025\/05\/presencial-hogares-cajon-transparente-840x516.png 840w, https:\/\/ordenamigas.es\/wp-content\/uploads\/2025\/05\/presencial-hogares-cajon-transparente-410x252.png 410w\" sizes=\"(max-width: 966px) 100vw, 966px\" \/>\t\t\t\t\t\t\t\t\t\t\t\t\t\t\t<\/div>\n\t\t\t\t<\/div>\n\t\t\t\t\t<\/div>\n\t\t<\/div>\n\t\t\t\t<div class=\"elementor-column elementor-col-50 elementor-inner-column elementor-element elementor-element-a823308 sc_content_align_inherit sc_layouts_column_icons_position_left sc_fly_static\" data-id=\"a823308\" data-element_type=\"column\">\n\t\t\t<div class=\"elementor-widget-wrap elementor-element-populated\">\n\t\t\t\t\t\t<div class=\"elementor-element elementor-element-71c8cf2 sc_fly_static elementor-widget elementor-widget-spacer\" data-id=\"71c8cf2\" data-element_type=\"widget\" data-widget_type=\"spacer.default\">\n\t\t\t\t<div class=\"elementor-widget-container\">\n\t\t\t\t\t\t\t<div class=\"elementor-spacer\">\n\t\t\t<div class=\"elementor-spacer-inner\"><\/div>\n\t\t<\/div>\n\t\t\t\t\t\t<\/div>\n\t\t\t\t<\/div>\n\t\t\t\t<div class=\"elementor-element elementor-element-892c6aa sc_fly_static elementor-widget elementor-widget-text-editor\" data-id=\"892c6aa\" data-element_type=\"widget\" data-widget_type=\"text-editor.default\">\n\t\t\t\t<div class=\"elementor-widget-container\">\n\t\t\t\t\t\t\t\t\t<div class=\"elementor-element elementor-element-4e58d9d sc_fly_static elementor-widget elementor-widget-text-editor trx_addons_parallax_layers_inited trx_addons_parallax_blocks_inited\" data-id=\"4e58d9d\" data-element_type=\"widget\" data-widget_type=\"text-editor.default\"><div class=\"elementor-widget-container\"><div class=\"elementor-element elementor-element-4e58d9d sc_fly_static elementor-widget elementor-widget-text-editor trx_addons_parallax_layers_inited trx_addons_parallax_blocks_inited\" data-id=\"4e58d9d\" data-element_type=\"widget\" data-widget_type=\"text-editor.default\"><div class=\"elementor-widget-container\"><div class=\"elementor-element elementor-element-4e58d9d sc_fly_static elementor-widget elementor-widget-text-editor trx_addons_parallax_layers_inited trx_addons_parallax_blocks_inited\" data-id=\"4e58d9d\" data-element_type=\"widget\" data-widget_type=\"text-editor.default\"><div class=\"elementor-widget-container\"><p>Wir konzentrieren uns haupts\u00e4chlich auf Wohnungen, Garagen und Abstellr\u00e4ume. Au\u00dferdem \u00fcbernehmen wir auch den Kleiderschrankwechsel.<\/p><p><strong>Preise:<\/strong><\/p><ul><li><strong>1. Besuch:<\/strong> 20\u20ac.<\/li><li><strong>Service:<\/strong> Nach festem Kostenvoranschlag.<\/li><\/ul><p><strong>Arbeitsprozess:<\/strong><\/p><ol><li>Leerung und Bewertung des Raums.<\/li><li>Homogene Elemente gruppieren.<\/li><li>Unn\u00f6tiges aussortieren.<\/li><li>Neuordnung mit passenden Accessoires.<\/li><li>Techniken zum Falten und Verstauen vermitteln.<\/li><li>Beschriftung zur besseren Identifikation.<\/li><li>Nachbetreuung zwei Monate nach dem Service.<\/li><li>Nicht ben\u00f6tigte Gegenst\u00e4nde werden an Wohlt\u00e4tigkeitsorganisationen gespendet.<\/li><\/ol><p><strong>Zusatzleistungen:<\/strong><\/p><ul><li>Materialliste bei Annahme des Kostenvoranschlags.<\/li><li>Einkaufsservice: 100\u20ac.<\/li><li>Reinigung (nach Aufwand).<\/li><li>Montage (zus\u00e4tzliche Kosten).<\/li><\/ul><p><strong>Vorteile eines organisierten Raums:<\/strong><\/p><ul><li>Seelenfrieden und Wohlbefinden.<\/li><li>Mehr Effizienz und Produktivit\u00e4t.<\/li><li>Bessere Zeitplanung.<\/li><li>Weniger Stress und famili\u00e4re Konflikte.<\/li><li>Mehr Zeit f\u00fcr Freizeit und Familie.<\/li><li>Zeit- und Geldersparnis.<\/li><li>Ges\u00fcndere Routinen und Gewohnheiten.<\/li><li>Bessere finanzielle Organisation.<\/li><li>Optimierte Kleiderwahl nach K\u00f6rperform und Farbharmonie.<\/li><\/ul><\/div><\/div><\/div><\/div><\/div><\/div>\t\t\t\t\t\t\t\t<\/div>\n\t\t\t\t<\/div>\n\t\t\t\t<div class=\"elementor-element elementor-element-158c9fd sc_height_small sc_fly_static elementor-widget elementor-widget-spacer\" data-id=\"158c9fd\" data-element_type=\"widget\" data-widget_type=\"spacer.default\">\n\t\t\t\t<div class=\"elementor-widget-container\">\n\t\t\t\t\t\t\t<div class=\"elementor-spacer\">\n\t\t\t<div class=\"elementor-spacer-inner\"><\/div>\n\t\t<\/div>\n\t\t\t\t\t\t<\/div>\n\t\t\t\t<\/div>\n\t\t\t\t\t<\/div>\n\t\t<\/div>\n\t\t\t\t\t<\/div>\n\t\t<\/section>\n\t\t\t\t<div class=\"elementor-element elementor-element-4d7de33 sc_fly_static elementor-widget elementor-widget-spacer\" data-id=\"4d7de33\" data-element_type=\"widget\" data-widget_type=\"spacer.default\">\n\t\t\t\t<div class=\"elementor-widget-container\">\n\t\t\t\t\t\t\t<div class=\"elementor-spacer\">\n\t\t\t<div class=\"elementor-spacer-inner\"><\/div>\n\t\t<\/div>\n\t\t\t\t\t\t<\/div>\n\t\t\t\t<\/div>\n\t\t\t\t\t<\/div>\n\t\t<\/div>\n\t\t\t\t\t<\/div>\n\t\t<\/section>\n\t\t\t\t<section class=\"elementor-section elementor-top-section elementor-element elementor-element-9af1410 elementor-section-content-bottom scheme_dark elementor-section-stretched elementor-section-boxed elementor-section-height-default elementor-section-height-default sc_fly_static\" data-id=\"9af1410\" data-element_type=\"section\" data-settings=\"{&quot;background_background&quot;:&quot;classic&quot;,&quot;stretch_section&quot;:&quot;section-stretched&quot;}\">\n\t\t\t\t\t\t\t<div class=\"elementor-background-overlay\"><\/div>\n\t\t\t\t\t\t\t<div class=\"elementor-container elementor-column-gap-no\">\n\t\t\t\t\t<div class=\"elementor-column elementor-col-50 elementor-top-column elementor-element elementor-element-c2b6ebc sc-mobile_content_align_inherit sc_content_align_inherit sc_layouts_column_icons_position_left sc_fly_static\" data-id=\"c2b6ebc\" data-element_type=\"column\">\n\t\t\t<div class=\"elementor-widget-wrap elementor-element-populated\">\n\t\t\t\t\t\t<div class=\"elementor-element elementor-element-70f42f3 sc_height_huge sc_fly_static elementor-widget elementor-widget-spacer\" data-id=\"70f42f3\" data-element_type=\"widget\" data-widget_type=\"spacer.default\">\n\t\t\t\t<div class=\"elementor-widget-container\">\n\t\t\t\t\t\t\t<div class=\"elementor-spacer\">\n\t\t\t<div class=\"elementor-spacer-inner\"><\/div>\n\t\t<\/div>\n\t\t\t\t\t\t<\/div>\n\t\t\t\t<\/div>\n\t\t\t\t<div class=\"elementor-element elementor-element-dc7c55b sc_fly_static elementor-widget elementor-widget-trx_sc_title\" data-id=\"dc7c55b\" data-element_type=\"widget\" data-widget_type=\"trx_sc_title.default\">\n\t\t\t\t<div class=\"elementor-widget-container\">\n\t\t\t\t\t<div\t\tclass=\"sc_title sc_title_default\" ><h2 class=\"sc_item_title sc_title_title sc_item_title_style_default sc_typed\"\n\t\t\t><span class=\"sc_item_title_text\">Sind Sie bereit, sich durch Ordnung zu ver\u00e4ndern?<\/span><\/h2><\/div>\t\t\t\t<\/div>\n\t\t\t\t<\/div>\n\t\t\t\t<div class=\"elementor-element elementor-element-63dd599 sc_height_large sc_layouts_hide_on_mobile sc_fly_static elementor-widget elementor-widget-spacer\" data-id=\"63dd599\" data-element_type=\"widget\" data-widget_type=\"spacer.default\">\n\t\t\t\t<div class=\"elementor-widget-container\">\n\t\t\t\t\t\t\t<div class=\"elementor-spacer\">\n\t\t\t<div class=\"elementor-spacer-inner\"><\/div>\n\t\t<\/div>\n\t\t\t\t\t\t<\/div>\n\t\t\t\t<\/div>\n\t\t\t\t\t<\/div>\n\t\t<\/div>\n\t\t\t\t<div class=\"elementor-column elementor-col-50 elementor-top-column elementor-element elementor-element-f2612c9 sc_layouts_column_align_right sc_layouts_column sc-mobile_layouts_column_align_left sc_layouts_column sc_content_align_inherit sc_layouts_column_icons_position_left sc_fly_static\" data-id=\"f2612c9\" data-element_type=\"column\">\n\t\t\t<div class=\"elementor-widget-wrap elementor-element-populated\">\n\t\t\t\t\t\t<div class=\"elementor-element elementor-element-540b2b8 sc_layouts_hide_on_wide sc_layouts_hide_on_desktop sc_layouts_hide_on_notebook sc_layouts_hide_on_tablet sc_fly_static elementor-widget elementor-widget-spacer\" data-id=\"540b2b8\" data-element_type=\"widget\" data-widget_type=\"spacer.default\">\n\t\t\t\t<div class=\"elementor-widget-container\">\n\t\t\t\t\t\t\t<div class=\"elementor-spacer\">\n\t\t\t<div class=\"elementor-spacer-inner\"><\/div>\n\t\t<\/div>\n\t\t\t\t\t\t<\/div>\n\t\t\t\t<\/div>\n\t\t\t\t<div class=\"elementor-element elementor-element-9339d46 sc_fly_static elementor-widget elementor-widget-trx_sc_button\" data-id=\"9339d46\" data-element_type=\"widget\" data-widget_type=\"trx_sc_button.default\">\n\t\t\t\t<div class=\"elementor-widget-container\">\n\t\t\t\t\t<div\tclass=\"sc_item_button sc_button_wrap\" ><a href=\"https:\/\/ordenamigas.es\/de\/kontakt\/\" class=\"sc_button sc_button_bordered sc_button_size_small sc_button_icon_left color_style_dark\" ><span class=\"sc_button_text\"><span class=\"sc_button_title\">Jetzt mit deinem Wandel starten<\/span><\/span><\/a><\/div>\t\t\t\t<\/div>\n\t\t\t\t<\/div>\n\t\t\t\t<div class=\"elementor-element elementor-element-3dc367f sc_height_large sc_fly_static elementor-widget elementor-widget-spacer\" data-id=\"3dc367f\" data-element_type=\"widget\" data-widget_type=\"spacer.default\">\n\t\t\t\t<div class=\"elementor-widget-container\">\n\t\t\t\t\t\t\t<div class=\"elementor-spacer\">\n\t\t\t<div class=\"elementor-spacer-inner\"><\/div>\n\t\t<\/div>\n\t\t\t\t\t\t<\/div>\n\t\t\t\t<\/div>\n\t\t\t\t\t<\/div>\n\t\t<\/div>\n\t\t\t\t\t<\/div>\n\t\t<\/section>\n\t\t\t\t<\/div>\n\t\t","protected":false},"excerpt":{"rendered":"<p>Wir konzentrieren uns haupts\u00e4chlich auf Wohnungen, Garagen und Abstellr\u00e4ume. Au\u00dferdem \u00fcbernehmen wir auch den Kleiderschrankwechsel. Preise: 1. Besuch: 20\u20ac. Service: Nach festem Kostenvoranschlag. Arbeitsprozess: Leerung und Bewertung des Raums. Homogene&hellip;<\/p>\n","protected":false},"author":1,"featured_media":0,"parent":0,"menu_order":0,"comment_status":"closed","ping_status":"closed","template":"","meta":{"footnotes":""},"class_list":["post-24246","page","type-page","status-publish","hentry"],"yoast_head":"<!-- This site is optimized with the Yoast SEO plugin v24.7 - https:\/\/yoast.com\/wordpress\/plugins\/seo\/ -->\n<title>Von Angesicht zu Angesicht in Wohnungen | Ordenamigas - B\u00fcro &amp; Zuhause auf Mallorca organisieren<\/title>\n<meta name=\"description\" content=\"Pers\u00f6nlicher Organisationsservice zu Hause, um ordentliche, funktionale R\u00e4ume mit Wohlbefinden zu schaffen.\" \/>\n<meta name=\"robots\" content=\"index, follow, max-snippet:-1, max-image-preview:large, max-video-preview:-1\" \/>\n<link rel=\"canonical\" href=\"https:\/\/ordenamigas.es\/de\/von-angesicht-zu-angesicht-in-wohnungen\/\" \/>\n<meta property=\"og:locale\" content=\"de_DE\" \/>\n<meta property=\"og:type\" content=\"article\" \/>\n<meta property=\"og:title\" content=\"Von Angesicht zu Angesicht in Wohnungen | Ordenamigas - B\u00fcro &amp; Zuhause auf Mallorca organisieren\" \/>\n<meta property=\"og:description\" content=\"Pers\u00f6nlicher Organisationsservice zu Hause, um ordentliche, funktionale R\u00e4ume mit Wohlbefinden zu schaffen.\" \/>\n<meta property=\"og:url\" content=\"https:\/\/ordenamigas.es\/de\/von-angesicht-zu-angesicht-in-wohnungen\/\" \/>\n<meta property=\"og:site_name\" content=\"Ordenamigas\" \/>\n<meta property=\"article:modified_time\" content=\"2025-08-18T09:56:08+00:00\" \/>\n<meta property=\"og:image\" content=\"https:\/\/ordenamigas.es\/wp-content\/uploads\/2025\/05\/flower-1.png\" \/>\n<meta name=\"twitter:card\" content=\"summary_large_image\" \/>\n<meta name=\"twitter:label1\" content=\"Gesch\u00e4tzte Lesezeit\" \/>\n\t<meta name=\"twitter:data1\" content=\"2\u00a0Minuten\" \/>\n<script type=\"application\/ld+json\" class=\"yoast-schema-graph\">{\"@context\":\"https:\/\/schema.org\",\"@graph\":[{\"@type\":\"WebPage\",\"@id\":\"https:\/\/ordenamigas.es\/de\/von-angesicht-zu-angesicht-in-wohnungen\/\",\"url\":\"https:\/\/ordenamigas.es\/de\/von-angesicht-zu-angesicht-in-wohnungen\/\",\"name\":\"Von Angesicht zu Angesicht in Wohnungen | Ordenamigas - B\u00fcro &amp; Zuhause auf Mallorca organisieren\",\"isPartOf\":{\"@id\":\"https:\/\/ordenamigas.es\/de\/#website\"},\"primaryImageOfPage\":{\"@id\":\"https:\/\/ordenamigas.es\/de\/von-angesicht-zu-angesicht-in-wohnungen\/#primaryimage\"},\"image\":{\"@id\":\"https:\/\/ordenamigas.es\/de\/von-angesicht-zu-angesicht-in-wohnungen\/#primaryimage\"},\"thumbnailUrl\":\"https:\/\/ordenamigas.es\/wp-content\/uploads\/2025\/05\/flower-1.png\",\"datePublished\":\"2025-04-29T11:29:01+00:00\",\"dateModified\":\"2025-08-18T09:56:08+00:00\",\"description\":\"Pers\u00f6nlicher Organisationsservice zu Hause, um ordentliche, funktionale R\u00e4ume mit Wohlbefinden zu schaffen.\",\"breadcrumb\":{\"@id\":\"https:\/\/ordenamigas.es\/de\/von-angesicht-zu-angesicht-in-wohnungen\/#breadcrumb\"},\"inLanguage\":\"de\",\"potentialAction\":[{\"@type\":\"ReadAction\",\"target\":[\"https:\/\/ordenamigas.es\/de\/von-angesicht-zu-angesicht-in-wohnungen\/\"]}]},{\"@type\":\"ImageObject\",\"inLanguage\":\"de\",\"@id\":\"https:\/\/ordenamigas.es\/de\/von-angesicht-zu-angesicht-in-wohnungen\/#primaryimage\",\"url\":\"https:\/\/ordenamigas.es\/wp-content\/uploads\/2025\/05\/flower-1.png\",\"contentUrl\":\"https:\/\/ordenamigas.es\/wp-content\/uploads\/2025\/05\/flower-1.png\"},{\"@type\":\"BreadcrumbList\",\"@id\":\"https:\/\/ordenamigas.es\/de\/von-angesicht-zu-angesicht-in-wohnungen\/#breadcrumb\",\"itemListElement\":[{\"@type\":\"ListItem\",\"position\":1,\"name\":\"Portada\",\"item\":\"https:\/\/ordenamigas.es\/de\/\"},{\"@type\":\"ListItem\",\"position\":2,\"name\":\"Von Angesicht zu Angesicht in Wohnungen\"}]},{\"@type\":\"WebSite\",\"@id\":\"https:\/\/ordenamigas.es\/de\/#website\",\"url\":\"https:\/\/ordenamigas.es\/de\/\",\"name\":\"Ordenamigas\",\"description\":\"B\u00fcro &amp; Zuhause auf Mallorca organisieren\",\"publisher\":{\"@id\":\"https:\/\/ordenamigas.es\/de\/#organization\"},\"potentialAction\":[{\"@type\":\"SearchAction\",\"target\":{\"@type\":\"EntryPoint\",\"urlTemplate\":\"https:\/\/ordenamigas.es\/de\/?s={search_term_string}\"},\"query-input\":{\"@type\":\"PropertyValueSpecification\",\"valueRequired\":true,\"valueName\":\"search_term_string\"}}],\"inLanguage\":\"de\"},{\"@type\":\"Organization\",\"@id\":\"https:\/\/ordenamigas.es\/de\/#organization\",\"name\":\"Ordenamigas\",\"url\":\"https:\/\/ordenamigas.es\/de\/\",\"logo\":{\"@type\":\"ImageObject\",\"inLanguage\":\"de\",\"@id\":\"https:\/\/ordenamigas.es\/de\/#\/schema\/logo\/image\/\",\"url\":\"https:\/\/ordenamigas.es\/wp-content\/uploads\/2025\/03\/logo-horizontal-ordenamigas.png\",\"contentUrl\":\"https:\/\/ordenamigas.es\/wp-content\/uploads\/2025\/03\/logo-horizontal-ordenamigas.png\",\"width\":1092,\"height\":347,\"caption\":\"Ordenamigas\"},\"image\":{\"@id\":\"https:\/\/ordenamigas.es\/de\/#\/schema\/logo\/image\/\"}}]}<\/script>\n<!-- \/ Yoast SEO plugin. -->","yoast_head_json":{"title":"Von Angesicht zu Angesicht in Wohnungen | Ordenamigas - B\u00fcro &amp; Zuhause auf Mallorca organisieren","description":"Pers\u00f6nlicher Organisationsservice zu Hause, um ordentliche, funktionale R\u00e4ume mit Wohlbefinden zu schaffen.","robots":{"index":"index","follow":"follow","max-snippet":"max-snippet:-1","max-image-preview":"max-image-preview:large","max-video-preview":"max-video-preview:-1"},"canonical":"https:\/\/ordenamigas.es\/de\/von-angesicht-zu-angesicht-in-wohnungen\/","og_locale":"de_DE","og_type":"article","og_title":"Von Angesicht zu Angesicht in Wohnungen | Ordenamigas - B\u00fcro &amp; Zuhause auf Mallorca organisieren","og_description":"Pers\u00f6nlicher Organisationsservice zu Hause, um ordentliche, funktionale R\u00e4ume mit Wohlbefinden zu schaffen.","og_url":"https:\/\/ordenamigas.es\/de\/von-angesicht-zu-angesicht-in-wohnungen\/","og_site_name":"Ordenamigas","article_modified_time":"2025-08-18T09:56:08+00:00","og_image":[{"url":"https:\/\/ordenamigas.es\/wp-content\/uploads\/2025\/05\/flower-1.png","type":"","width":"","height":""}],"twitter_card":"summary_large_image","twitter_misc":{"Gesch\u00e4tzte Lesezeit":"2\u00a0Minuten"},"schema":{"@context":"https:\/\/schema.org","@graph":[{"@type":"WebPage","@id":"https:\/\/ordenamigas.es\/de\/von-angesicht-zu-angesicht-in-wohnungen\/","url":"https:\/\/ordenamigas.es\/de\/von-angesicht-zu-angesicht-in-wohnungen\/","name":"Von Angesicht zu Angesicht in Wohnungen | Ordenamigas - B\u00fcro &amp; Zuhause auf Mallorca organisieren","isPartOf":{"@id":"https:\/\/ordenamigas.es\/de\/#website"},"primaryImageOfPage":{"@id":"https:\/\/ordenamigas.es\/de\/von-angesicht-zu-angesicht-in-wohnungen\/#primaryimage"},"image":{"@id":"https:\/\/ordenamigas.es\/de\/von-angesicht-zu-angesicht-in-wohnungen\/#primaryimage"},"thumbnailUrl":"https:\/\/ordenamigas.es\/wp-content\/uploads\/2025\/05\/flower-1.png","datePublished":"2025-04-29T11:29:01+00:00","dateModified":"2025-08-18T09:56:08+00:00","description":"Pers\u00f6nlicher Organisationsservice zu Hause, um ordentliche, funktionale R\u00e4ume mit Wohlbefinden zu schaffen.","breadcrumb":{"@id":"https:\/\/ordenamigas.es\/de\/von-angesicht-zu-angesicht-in-wohnungen\/#breadcrumb"},"inLanguage":"de","potentialAction":[{"@type":"ReadAction","target":["https:\/\/ordenamigas.es\/de\/von-angesicht-zu-angesicht-in-wohnungen\/"]}]},{"@type":"ImageObject","inLanguage":"de","@id":"https:\/\/ordenamigas.es\/de\/von-angesicht-zu-angesicht-in-wohnungen\/#primaryimage","url":"https:\/\/ordenamigas.es\/wp-content\/uploads\/2025\/05\/flower-1.png","contentUrl":"https:\/\/ordenamigas.es\/wp-content\/uploads\/2025\/05\/flower-1.png"},{"@type":"BreadcrumbList","@id":"https:\/\/ordenamigas.es\/de\/von-angesicht-zu-angesicht-in-wohnungen\/#breadcrumb","itemListElement":[{"@type":"ListItem","position":1,"name":"Portada","item":"https:\/\/ordenamigas.es\/de\/"},{"@type":"ListItem","position":2,"name":"Von Angesicht zu Angesicht in Wohnungen"}]},{"@type":"WebSite","@id":"https:\/\/ordenamigas.es\/de\/#website","url":"https:\/\/ordenamigas.es\/de\/","name":"Ordenamigas","description":"B\u00fcro &amp; Zuhause auf Mallorca organisieren","publisher":{"@id":"https:\/\/ordenamigas.es\/de\/#organization"},"potentialAction":[{"@type":"SearchAction","target":{"@type":"EntryPoint","urlTemplate":"https:\/\/ordenamigas.es\/de\/?s={search_term_string}"},"query-input":{"@type":"PropertyValueSpecification","valueRequired":true,"valueName":"search_term_string"}}],"inLanguage":"de"},{"@type":"Organization","@id":"https:\/\/ordenamigas.es\/de\/#organization","name":"Ordenamigas","url":"https:\/\/ordenamigas.es\/de\/","logo":{"@type":"ImageObject","inLanguage":"de","@id":"https:\/\/ordenamigas.es\/de\/#\/schema\/logo\/image\/","url":"https:\/\/ordenamigas.es\/wp-content\/uploads\/2025\/03\/logo-horizontal-ordenamigas.png","contentUrl":"https:\/\/ordenamigas.es\/wp-content\/uploads\/2025\/03\/logo-horizontal-ordenamigas.png","width":1092,"height":347,"caption":"Ordenamigas"},"image":{"@id":"https:\/\/ordenamigas.es\/de\/#\/schema\/logo\/image\/"}}]}},"_links":{"self":[{"href":"https:\/\/ordenamigas.es\/de\/wp-json\/wp\/v2\/pages\/24246","targetHints":{"allow":["GET"]}}],"collection":[{"href":"https:\/\/ordenamigas.es\/de\/wp-json\/wp\/v2\/pages"}],"about":[{"href":"https:\/\/ordenamigas.es\/de\/wp-json\/wp\/v2\/types\/page"}],"author":[{"embeddable":true,"href":"https:\/\/ordenamigas.es\/de\/wp-json\/wp\/v2\/users\/1"}],"replies":[{"embeddable":true,"href":"https:\/\/ordenamigas.es\/de\/wp-json\/wp\/v2\/comments?post=24246"}],"version-history":[{"count":22,"href":"https:\/\/ordenamigas.es\/de\/wp-json\/wp\/v2\/pages\/24246\/revisions"}],"predecessor-version":[{"id":25067,"href":"https:\/\/ordenamigas.es\/de\/wp-json\/wp\/v2\/pages\/24246\/revisions\/25067"}],"wp:attachment":[{"href":"https:\/\/ordenamigas.es\/de\/wp-json\/wp\/v2\/media?parent=24246"}],"curies":[{"name":"wp","href":"https:\/\/api.w.org\/{rel}","templated":true}]}}