{"id":24308,"date":"2020-04-30T11:12:41","date_gmt":"2020-04-30T09:12:41","guid":{"rendered":"https:\/\/ordenamigas.es\/contacto\/"},"modified":"2025-08-18T11:53:08","modified_gmt":"2025-08-18T09:53:08","slug":"kontakt","status":"publish","type":"page","link":"https:\/\/ordenamigas.es\/de\/kontakt\/","title":{"rendered":"Kontakt"},"content":{"rendered":"\t\t<div data-elementor-type=\"wp-page\" data-elementor-id=\"24308\" class=\"elementor elementor-24308 elementor-1453\">\n\t\t\t\t\t\t<section class=\"elementor-section elementor-top-section elementor-element elementor-element-95fc774 elementor-section-full_width elementor-section-content-middle elementor-section-stretched elementor-section-height-default elementor-section-height-default sc_fly_static\" data-id=\"95fc774\" data-element_type=\"section\" data-settings=\"{&quot;background_background&quot;:&quot;classic&quot;,&quot;stretch_section&quot;:&quot;section-stretched&quot;}\">\n\t\t\t\t\t\t<div class=\"elementor-container elementor-column-gap-no\">\n\t\t\t\t\t<div class=\"elementor-column elementor-col-50 elementor-top-column elementor-element elementor-element-9880903 sc_content_align_inherit sc_layouts_column_icons_position_left sc_fly_static\" data-id=\"9880903\" data-element_type=\"column\" data-settings=\"{&quot;background_background&quot;:&quot;classic&quot;}\">\n\t\t\t<div class=\"elementor-widget-wrap elementor-element-populated\">\n\t\t\t\t\t\t<div class=\"elementor-element elementor-element-5fbc90a sc_fly_static elementor-widget elementor-widget-spacer\" data-id=\"5fbc90a\" data-element_type=\"widget\" data-widget_type=\"spacer.default\">\n\t\t\t\t<div class=\"elementor-widget-container\">\n\t\t\t\t\t\t\t<div class=\"elementor-spacer\">\n\t\t\t<div class=\"elementor-spacer-inner\"><\/div>\n\t\t<\/div>\n\t\t\t\t\t\t<\/div>\n\t\t\t\t<\/div>\n\t\t\t\t\t<\/div>\n\t\t<\/div>\n\t\t\t\t<div class=\"elementor-column elementor-col-50 elementor-top-column elementor-element elementor-element-0146d38 sc_content_align_inherit sc_layouts_column_icons_position_left sc_fly_static\" data-id=\"0146d38\" data-element_type=\"column\">\n\t\t\t<div class=\"elementor-widget-wrap elementor-element-populated\">\n\t\t\t\t\t\t<div class=\"elementor-element elementor-element-268a22f sc_height_small sc_layouts_hide_on_notebook sc_layouts_hide_on_tablet sc_layouts_hide_on_mobile sc_fly_static elementor-widget elementor-widget-spacer\" data-id=\"268a22f\" data-element_type=\"widget\" data-widget_type=\"spacer.default\">\n\t\t\t\t<div class=\"elementor-widget-container\">\n\t\t\t\t\t\t\t<div class=\"elementor-spacer\">\n\t\t\t<div class=\"elementor-spacer-inner\"><\/div>\n\t\t<\/div>\n\t\t\t\t\t\t<\/div>\n\t\t\t\t<\/div>\n\t\t\t\t<div class=\"elementor-element elementor-element-2247fc0 sc_height_huge sc_fly_static elementor-widget elementor-widget-spacer\" data-id=\"2247fc0\" data-element_type=\"widget\" data-widget_type=\"spacer.default\">\n\t\t\t\t<div class=\"elementor-widget-container\">\n\t\t\t\t\t\t\t<div class=\"elementor-spacer\">\n\t\t\t<div class=\"elementor-spacer-inner\"><\/div>\n\t\t<\/div>\n\t\t\t\t\t\t<\/div>\n\t\t\t\t<\/div>\n\t\t\t\t<div class=\"elementor-element elementor-element-218bd64 sc_fly_static elementor-widget elementor-widget-trx_sc_title\" data-id=\"218bd64\" data-element_type=\"widget\" data-widget_type=\"trx_sc_title.default\">\n\t\t\t\t<div class=\"elementor-widget-container\">\n\t\t\t\t\t<div\t\tclass=\"sc_title sc_title_default\" ><span class=\"sc_item_subtitle sc_title_subtitle sc_item_subtitle_above sc_item_title_style_default\">Kontakt mit uns<\/span><h1 class=\"sc_item_title sc_title_title sc_item_title_style_default sc_item_title_tag\"\n\t\t\t><span class=\"sc_item_title_text\">Haben Sie Zweifel oder wollen Sie jetzt anfangen?<\/span><\/h1><\/div>\t\t\t\t<\/div>\n\t\t\t\t<\/div>\n\t\t\t\t<div class=\"elementor-element elementor-element-6ed9aed sc_fly_static elementor-widget elementor-widget-spacer\" data-id=\"6ed9aed\" data-element_type=\"widget\" data-widget_type=\"spacer.default\">\n\t\t\t\t<div class=\"elementor-widget-container\">\n\t\t\t\t\t\t\t<div class=\"elementor-spacer\">\n\t\t\t<div class=\"elementor-spacer-inner\"><\/div>\n\t\t<\/div>\n\t\t\t\t\t\t<\/div>\n\t\t\t\t<\/div>\n\t\t\t\t<div class=\"elementor-element elementor-element-963e02d sc_fly_static elementor-widget elementor-widget-text-editor\" data-id=\"963e02d\" data-element_type=\"widget\" data-widget_type=\"text-editor.default\">\n\t\t\t\t<div class=\"elementor-widget-container\">\n\t\t\t\t\t\t\t\t\t<p data-prosemirror-content-type=\"node\" data-prosemirror-node-name=\"paragraph\" data-prosemirror-node-block=\"true\" data-pm-slice=\"1 1 []\">\ud83d\udce9 E-Mail: <a href=\"mailto:ordenamigas@gmail.com\" data-prosemirror-content-type=\"mark\" data-prosemirror-mark-name=\"link\">ordenamigas@gmail.com<\/a><br data-prosemirror-content-type=\"node\" data-prosemirror-node-name=\"hardBreak\" data-prosemirror-node-inline=\"true\" \/>\ud83d\udcde Telefon: +34 652 890 176<br data-prosemirror-content-type=\"node\" data-prosemirror-node-name=\"hardBreak\" data-prosemirror-node-inline=\"true\" \/>\ud83d\udccd Standort: Mallorca<\/p><p>Wir von <strong>Ordenamigas<\/strong> m\u00f6chten Ihnen helfen, Ihre R\u00e4ume in funktionale und harmonische Bereiche zu verwandeln. F\u00fcllen Sie das Formular aus und machen Sie den ersten Schritt zu einem aufger\u00e4umteren Umfeld. Sobald wir Ihre Angaben erhalten haben, werden wir uns mit Ihnen in Verbindung setzen, um einen pers\u00f6nlichen Besuch zu vereinbaren und Ihnen ein auf Ihre Bed\u00fcrfnisse zugeschnittenes Angebot zu unterbreiten.<\/p>\t\t\t\t\t\t\t\t<\/div>\n\t\t\t\t<\/div>\n\t\t\t\t<div class=\"elementor-element elementor-element-32f5080 sc_fly_static elementor-widget elementor-widget-spacer\" data-id=\"32f5080\" data-element_type=\"widget\" data-widget_type=\"spacer.default\">\n\t\t\t\t<div class=\"elementor-widget-container\">\n\t\t\t\t\t\t\t<div class=\"elementor-spacer\">\n\t\t\t<div class=\"elementor-spacer-inner\"><\/div>\n\t\t<\/div>\n\t\t\t\t\t\t<\/div>\n\t\t\t\t<\/div>\n\t\t\t\t<div class=\"elementor-element elementor-element-a152add sc_fly_static elementor-widget elementor-widget-trx_sc_contact_form_7\" data-id=\"a152add\" data-element_type=\"widget\" data-widget_type=\"trx_sc_contact_form_7.default\">\n\t\t\t\t<div class=\"elementor-widget-container\">\n\t\t\t\t\t\n<div class=\"wpcf7 no-js\" id=\"wpcf7-f24073-o1\" lang=\"de-DE\" dir=\"ltr\" data-wpcf7-id=\"24073\">\n<div class=\"screen-reader-response\"><p role=\"status\" aria-live=\"polite\" aria-atomic=\"true\"><\/p> <ul><\/ul><\/div>\n<form action=\"\/de\/wp-json\/wp\/v2\/pages\/24308#wpcf7-f24073-o1\" method=\"post\" class=\"wpcf7-form init\" aria-label=\"Kontaktformular\" novalidate=\"novalidate\" data-status=\"init\">\n<div style=\"display: none;\">\n<input type=\"hidden\" name=\"_wpcf7\" value=\"24073\" \/>\n<input type=\"hidden\" name=\"_wpcf7_version\" value=\"6.0.5\" \/>\n<input type=\"hidden\" name=\"_wpcf7_locale\" value=\"de_DE\" \/>\n<input type=\"hidden\" name=\"_wpcf7_unit_tag\" value=\"wpcf7-f24073-o1\" \/>\n<input type=\"hidden\" name=\"_wpcf7_container_post\" value=\"0\" \/>\n<input type=\"hidden\" name=\"_wpcf7_posted_data_hash\" value=\"\" \/>\n<\/div>\n<div class=\"form-style-2\">\n\t<div class=\"columns_wrap\">\n\t\t<div class=\"column-1_2\">\n\t\t\t<p><span class=\"style-line\"><span class=\"wpcf7-form-control-wrap\" data-name=\"your-name\"><input size=\"40\" maxlength=\"400\" class=\"wpcf7-form-control wpcf7-text wpcf7-validates-as-required\" aria-required=\"true\" aria-invalid=\"false\" placeholder=\"Vorname\" value=\"\" type=\"text\" name=\"your-name\" \/><\/span><\/span>\n\t\t\t<\/p>\n\t\t<\/div>\n\t\t<div class=\"column-1_2\">\n\t\t\t<p><span class=\"style-line\"><span class=\"wpcf7-form-control-wrap\" data-name=\"your-last-name\"><input size=\"40\" maxlength=\"400\" class=\"wpcf7-form-control wpcf7-text wpcf7-validates-as-required\" aria-required=\"true\" aria-invalid=\"false\" placeholder=\"Nachname\" value=\"\" type=\"text\" name=\"your-last-name\" \/><\/span><\/span>\n\t\t\t<\/p>\n\t\t<\/div>\n\t\t<div class=\"column-1_2\">\n\t\t\t<p><label for=\"codigo-postal\">Bitte gib deine Postleitzahl ein<\/label><span class=\"style-line\"><span class=\"wpcf7-form-control-wrap\" data-name=\"number-codigo-postal\"><input class=\"wpcf7-form-control wpcf7-number wpcf7-validates-as-required wpcf7-validates-as-number\" min=\"00000\" max=\"52999\" aria-required=\"true\" aria-invalid=\"false\" placeholder=\"Postleitzahl\" value=\"\" type=\"number\" name=\"number-codigo-postal\" \/><\/span><\/span>\n\t\t\t<\/p>\n\t\t<\/div>\n\t\t<div class=\"column-1_2\">\n\t\t\t<p><label for=\"localidad\">W\u00e4hle deinen Wohnort<\/label><span class=\"style-line\"><span class=\"wpcf7-form-control-wrap\" data-name=\"select-localidad\"><select class=\"wpcf7-form-control wpcf7-select wpcf7-validates-as-required\" aria-required=\"true\" aria-invalid=\"false\" name=\"select-localidad\"><option value=\"Alar\u00f3\">Alar\u00f3<\/option><option value=\"Alcudia\">Alcudia<\/option><option value=\"Algaida\">Algaida<\/option><option value=\"Andrach\">Andrach<\/option><option value=\"Aria\u00f1y\">Aria\u00f1y<\/option><option value=\"Art\u00e1\">Art\u00e1<\/option><option value=\"Ba\u00f1albufar\">Ba\u00f1albufar<\/option><option value=\"Binisalem\">Binisalem<\/option><option value=\"B\u00fager\">B\u00fager<\/option><option value=\"Bu\u00f1ola\">Bu\u00f1ola<\/option><option value=\"Calvi\u00e1\">Calvi\u00e1<\/option><option value=\"Localidades de Calvi\u00e1\">Localidades de Calvi\u00e1<\/option><option value=\"Campanet\">Campanet<\/option><option value=\"Campos (Baleares)\">Campos (Baleares)<\/option><option value=\"Capdepera\">Capdepera<\/option><option value=\"Consell\">Consell<\/option><option value=\"Dey\u00e1\">Dey\u00e1<\/option><option value=\"Escorca\">Escorca<\/option><option value=\"Estellenchs\">Estellenchs<\/option><option value=\"Felanich\">Felanich<\/option><option value=\"Fornaluch\">Fornaluch<\/option><option value=\"Inca\">Inca<\/option><option value=\"Lloret de Vista Alegre\">Lloret de Vista Alegre<\/option><option value=\"Lloseta\">Lloseta<\/option><option value=\"Lluchmayor\">Lluchmayor<\/option><option value=\"Manacor\">Manacor<\/option><option value=\"Mar\u00eda de la Salud\">Mar\u00eda de la Salud<\/option><option value=\"Montuiri\">Montuiri<\/option><option value=\"Palma de Mallorca\">Palma de Mallorca<\/option><option value=\"Petra (Baleares)\">Petra (Baleares)<\/option><option value=\"Pollensa\">Pollensa<\/option><option value=\"Porreras\">Porreras<\/option><option value=\"La Puebla\">La Puebla<\/option><option value=\"Las Salinas\">Las Salinas<\/option><option value=\"San Lorenzo del Cardezar\">San Lorenzo del Cardezar<\/option><option value=\"Sancellas\">Sancellas<\/option><option value=\"Santa Margarita (Baleares)\">Santa Margarita (Baleares)<\/option><option value=\"Santa Mar\u00eda del Camino\">Santa Mar\u00eda del Camino<\/option><option value=\"Santa\u00f1\u00ed\">Santa\u00f1\u00ed<\/option><option value=\"Selva (Baleares)\">Selva (Baleares)<\/option><option value=\"S\u00f3ller\">S\u00f3ller<\/option><option value=\"Son Servera\">Son Servera<\/option><option value=\"Valldemosa\">Valldemosa<\/option><option value=\"Villafranca de Bonany\">Villafranca de Bonany<\/option><\/select><\/span><\/span>\n\t\t\t<\/p>\n\t\t<\/div>\n\t\t<p><label for=\"area\">W\u00e4hle den Bereich aus, den du organisieren m\u00f6chtest<\/label><span class=\"wpcf7-form-control-wrap\" data-name=\"select-area\"><select class=\"wpcf7-form-control wpcf7-select wpcf7-validates-as-required\" aria-required=\"true\" aria-invalid=\"false\" name=\"select-area\"><option value=\"Kinderzimmer\">Kinderzimmer<\/option><option value=\"Kleiderschr\u00e4nke\">Kleiderschr\u00e4nke<\/option><option value=\"K\u00fcche\">K\u00fcche<\/option><option value=\"Waschk\u00fcche\">Waschk\u00fcche<\/option><option value=\"Garage\">Garage<\/option><option value=\"B\u00fcro\">B\u00fcro<\/option><option value=\"Umzug\">Umzug<\/option><option value=\"Badezimmer\">Badezimmer<\/option><option value=\"Gesch\u00e4ftsr\u00e4ume\">Gesch\u00e4ftsr\u00e4ume<\/option><option value=\"Abstellraum\">Abstellraum<\/option><option value=\"Andere (bitte im Kommentarbereich angeben)\">Andere (bitte im Kommentarbereich angeben)<\/option><\/select><\/span>\n\t\t<\/p>\n\t<\/div>\n\t<div class=\"columns_wrap\">\n\t\t<div class=\"column-1_2\">\n\t\t\t<p><span class=\"style-line\"><span class=\"wpcf7-form-control-wrap\" data-name=\"your-email\"><input size=\"40\" maxlength=\"400\" class=\"wpcf7-form-control wpcf7-email wpcf7-validates-as-required wpcf7-text wpcf7-validates-as-email\" aria-required=\"true\" aria-invalid=\"false\" placeholder=\"E-Mail\" value=\"\" type=\"email\" name=\"your-email\" \/><\/span><\/span>\n\t\t\t<\/p>\n\t\t<\/div>\n\t\t<div class=\"column-1_2\">\n\t\t\t<p><span class=\"style-line\"><span class=\"wpcf7-form-control-wrap\" data-name=\"phone\"><input size=\"40\" maxlength=\"400\" class=\"wpcf7-form-control wpcf7-tel wpcf7-validates-as-required wpcf7-text wpcf7-validates-as-tel\" aria-required=\"true\" aria-invalid=\"false\" placeholder=\"Telefonnummer\" value=\"\" type=\"tel\" name=\"phone\" \/><\/span><\/span>\n\t\t\t<\/p>\n\t\t<\/div>\n\t\t<div class=\"column-1_2\">\n\t\t\t<p><label for=\"servicios\">W\u00e4hle die gew\u00fcnschte Dienstleistung:<\/label><span class=\"style-line\"><span class=\"wpcf7-form-control-wrap\" data-name=\"select-servicio\"><select class=\"wpcf7-form-control wpcf7-select wpcf7-validates-as-required\" aria-required=\"true\" aria-invalid=\"false\" name=\"select-servicio\"><option value=\"Online\">Online<\/option><option value=\"Organisation vor und nach dem Umzug\">Organisation vor und nach dem Umzug<\/option><option value=\"Privathaushalt\">Privathaushalt<\/option><option value=\"Kurse zur Selbstorganisation\">Kurse zur Selbstorganisation<\/option><option value=\"B\u00fcro\">B\u00fcro<\/option><option value=\"Andere Dienstleistungen (bitte im Kommentarbereich angeben)\">Andere Dienstleistungen (bitte im Kommentarbereich angeben)<\/option><\/select><\/span><\/span>\n\t\t\t<\/p>\n\t\t<\/div>\n\t\t<div class=\"column-1_2\">\n\t\t\t<p><label for=\"contact-method\">Bevorzugte Kontaktmethode<\/label><span class=\"style-line\"><span class=\"wpcf7-form-control-wrap\" data-name=\"select-contacto\"><select class=\"wpcf7-form-control wpcf7-select wpcf7-validates-as-required\" aria-required=\"true\" aria-invalid=\"false\" name=\"select-contacto\"><option value=\"Telefon\">Telefon<\/option><option value=\"E-Mail\">E-Mail<\/option><option value=\"Zoom\">Zoom<\/option><\/select><\/span><\/span>\n\t\t\t<\/p>\n\t\t<\/div>\n\t<\/div>\n\t<div class=\"column-1_2\">\n\t\t<p><span class=\"style-line\"><\/span>\n\t\t<\/p>\n\t<\/div>\n\t<div class=\"columns_wrap margin-bottom\">\n\t\t<div class=\"column-1_1\">\n\t\t\t<p><span class=\"style-line\"><span class=\"wpcf7-form-control-wrap\" data-name=\"mensaje-adicional\"><textarea cols=\"40\" rows=\"10\" maxlength=\"2000\" class=\"wpcf7-form-control wpcf7-textarea wpcf7-validates-as-required\" aria-required=\"true\" aria-invalid=\"false\" placeholder=\"Zus\u00e4tzliche Kommentare\" name=\"mensaje-adicional\"><\/textarea><\/span><\/span>\n\t\t\t<\/p>\n\t\t<\/div>\n\t<\/div>\n\t<p><span class=\"wpcf7-form-control-wrap\" data-name=\"acceptance-lssi\"><span class=\"wpcf7-form-control wpcf7-acceptance\"><span class=\"wpcf7-list-item\"><label><input type=\"checkbox\" name=\"acceptance-lssi\" value=\"1\" aria-invalid=\"false\" \/><span class=\"wpcf7-list-item-label\">Ich habe den <a rel=\"nofollow\" href=\"\/de\/rechtshinw\" target=\"_blank\">Rechtlichen Hinweis<\/a> und die <a rel=\"nofollow\" href=\"\/de\/datenschutzbestimmungen\" target=\"_blank\">Datenschutzrichtlinie<\/a> gelesen und akzeptiert.<\/span><\/label><\/span><\/span><\/span>\n\t<\/p>\n\t<p><input class=\"wpcf7-form-control wpcf7-submit has-spinner\" type=\"submit\" value=\"Senden\" \/>\n\t<\/p>\n<\/div><div class=\"wpcf7-response-output\" aria-hidden=\"true\"><\/div>\n<\/form>\n<\/div>\n\t\t\t\t<\/div>\n\t\t\t\t<\/div>\n\t\t\t\t<div class=\"elementor-element elementor-element-dbd7fc2 sc_height_small sc_layouts_hide_on_notebook sc_layouts_hide_on_tablet sc_layouts_hide_on_mobile sc_fly_static elementor-widget elementor-widget-spacer\" data-id=\"dbd7fc2\" data-element_type=\"widget\" data-widget_type=\"spacer.default\">\n\t\t\t\t<div class=\"elementor-widget-container\">\n\t\t\t\t\t\t\t<div class=\"elementor-spacer\">\n\t\t\t<div class=\"elementor-spacer-inner\"><\/div>\n\t\t<\/div>\n\t\t\t\t\t\t<\/div>\n\t\t\t\t<\/div>\n\t\t\t\t<div class=\"elementor-element elementor-element-f9bb190 sc_height_huge sc_fly_static elementor-widget elementor-widget-spacer\" data-id=\"f9bb190\" data-element_type=\"widget\" data-widget_type=\"spacer.default\">\n\t\t\t\t<div class=\"elementor-widget-container\">\n\t\t\t\t\t\t\t<div class=\"elementor-spacer\">\n\t\t\t<div class=\"elementor-spacer-inner\"><\/div>\n\t\t<\/div>\n\t\t\t\t\t\t<\/div>\n\t\t\t\t<\/div>\n\t\t\t\t\t<\/div>\n\t\t<\/div>\n\t\t\t\t\t<\/div>\n\t\t<\/section>\n\t\t\t\t<\/div>\n\t\t","protected":false},"excerpt":{"rendered":"<p>Kontakt mit uns Haben Sie Zweifel oder wollen Sie jetzt anfangen? \ud83d\udce9 E-Mail: ordenamigas@gmail.com\ud83d\udcde Telefon: +34 652 890 176\ud83d\udccd Standort: Mallorca Wir von Ordenamigas m\u00f6chten Ihnen helfen, Ihre R\u00e4ume in&hellip;<\/p>\n","protected":false},"author":1,"featured_media":0,"parent":0,"menu_order":0,"comment_status":"closed","ping_status":"closed","template":"","meta":{"footnotes":""},"class_list":["post-24308","page","type-page","status-publish","hentry"],"yoast_head":"<!-- This site is optimized with the Yoast SEO plugin v24.7 - https:\/\/yoast.com\/wordpress\/plugins\/seo\/ -->\n<title>Kontakt | Ordenamigas - B\u00fcro &amp; Zuhause auf Mallorca organisieren<\/title>\n<meta name=\"description\" content=\"Kontaktieren Sie Ordenamigas f\u00fcr B\u00fcro- und Umzugsorganisation. Effiziente L\u00f6sungen f\u00fcr Ihren Arbeitsplatz.\" \/>\n<meta name=\"robots\" content=\"index, follow, max-snippet:-1, max-image-preview:large, max-video-preview:-1\" \/>\n<link rel=\"canonical\" href=\"https:\/\/ordenamigas.es\/de\/kontakt\/\" \/>\n<meta property=\"og:locale\" content=\"de_DE\" \/>\n<meta property=\"og:type\" content=\"article\" \/>\n<meta property=\"og:title\" content=\"Kontakt | Ordenamigas - B\u00fcro &amp; Zuhause auf Mallorca organisieren\" \/>\n<meta property=\"og:description\" content=\"Kontaktieren Sie Ordenamigas f\u00fcr B\u00fcro- und Umzugsorganisation. Effiziente L\u00f6sungen f\u00fcr Ihren Arbeitsplatz.\" \/>\n<meta property=\"og:url\" content=\"https:\/\/ordenamigas.es\/de\/kontakt\/\" \/>\n<meta property=\"og:site_name\" content=\"Ordenamigas\" \/>\n<meta property=\"article:modified_time\" content=\"2025-08-18T09:53:08+00:00\" \/>\n<meta name=\"twitter:card\" content=\"summary_large_image\" \/>\n<meta name=\"twitter:label1\" content=\"Gesch\u00e4tzte Lesezeit\" \/>\n\t<meta name=\"twitter:data1\" content=\"2\u00a0Minuten\" \/>\n<script type=\"application\/ld+json\" class=\"yoast-schema-graph\">{\"@context\":\"https:\/\/schema.org\",\"@graph\":[{\"@type\":\"WebPage\",\"@id\":\"https:\/\/ordenamigas.es\/de\/kontakt\/\",\"url\":\"https:\/\/ordenamigas.es\/de\/kontakt\/\",\"name\":\"Kontakt | Ordenamigas - B\u00fcro &amp; Zuhause auf Mallorca organisieren\",\"isPartOf\":{\"@id\":\"https:\/\/ordenamigas.es\/de\/#website\"},\"datePublished\":\"2020-04-30T09:12:41+00:00\",\"dateModified\":\"2025-08-18T09:53:08+00:00\",\"description\":\"Kontaktieren Sie Ordenamigas f\u00fcr B\u00fcro- und Umzugsorganisation. Effiziente L\u00f6sungen f\u00fcr Ihren Arbeitsplatz.\",\"breadcrumb\":{\"@id\":\"https:\/\/ordenamigas.es\/de\/kontakt\/#breadcrumb\"},\"inLanguage\":\"de\",\"potentialAction\":[{\"@type\":\"ReadAction\",\"target\":[\"https:\/\/ordenamigas.es\/de\/kontakt\/\"]}]},{\"@type\":\"BreadcrumbList\",\"@id\":\"https:\/\/ordenamigas.es\/de\/kontakt\/#breadcrumb\",\"itemListElement\":[{\"@type\":\"ListItem\",\"position\":1,\"name\":\"Portada\",\"item\":\"https:\/\/ordenamigas.es\/de\/\"},{\"@type\":\"ListItem\",\"position\":2,\"name\":\"Kontakt\"}]},{\"@type\":\"WebSite\",\"@id\":\"https:\/\/ordenamigas.es\/de\/#website\",\"url\":\"https:\/\/ordenamigas.es\/de\/\",\"name\":\"Ordenamigas\",\"description\":\"B\u00fcro &amp; Zuhause auf Mallorca organisieren\",\"publisher\":{\"@id\":\"https:\/\/ordenamigas.es\/de\/#organization\"},\"potentialAction\":[{\"@type\":\"SearchAction\",\"target\":{\"@type\":\"EntryPoint\",\"urlTemplate\":\"https:\/\/ordenamigas.es\/de\/?s={search_term_string}\"},\"query-input\":{\"@type\":\"PropertyValueSpecification\",\"valueRequired\":true,\"valueName\":\"search_term_string\"}}],\"inLanguage\":\"de\"},{\"@type\":\"Organization\",\"@id\":\"https:\/\/ordenamigas.es\/de\/#organization\",\"name\":\"Ordenamigas\",\"url\":\"https:\/\/ordenamigas.es\/de\/\",\"logo\":{\"@type\":\"ImageObject\",\"inLanguage\":\"de\",\"@id\":\"https:\/\/ordenamigas.es\/de\/#\/schema\/logo\/image\/\",\"url\":\"https:\/\/ordenamigas.es\/wp-content\/uploads\/2025\/03\/logo-horizontal-ordenamigas.png\",\"contentUrl\":\"https:\/\/ordenamigas.es\/wp-content\/uploads\/2025\/03\/logo-horizontal-ordenamigas.png\",\"width\":1092,\"height\":347,\"caption\":\"Ordenamigas\"},\"image\":{\"@id\":\"https:\/\/ordenamigas.es\/de\/#\/schema\/logo\/image\/\"}}]}<\/script>\n<!-- \/ Yoast SEO plugin. -->","yoast_head_json":{"title":"Kontakt | Ordenamigas - B\u00fcro &amp; Zuhause auf Mallorca organisieren","description":"Kontaktieren Sie Ordenamigas f\u00fcr B\u00fcro- und Umzugsorganisation. Effiziente L\u00f6sungen f\u00fcr Ihren Arbeitsplatz.","robots":{"index":"index","follow":"follow","max-snippet":"max-snippet:-1","max-image-preview":"max-image-preview:large","max-video-preview":"max-video-preview:-1"},"canonical":"https:\/\/ordenamigas.es\/de\/kontakt\/","og_locale":"de_DE","og_type":"article","og_title":"Kontakt | Ordenamigas - B\u00fcro &amp; Zuhause auf Mallorca organisieren","og_description":"Kontaktieren Sie Ordenamigas f\u00fcr B\u00fcro- und Umzugsorganisation. Effiziente L\u00f6sungen f\u00fcr Ihren Arbeitsplatz.","og_url":"https:\/\/ordenamigas.es\/de\/kontakt\/","og_site_name":"Ordenamigas","article_modified_time":"2025-08-18T09:53:08+00:00","twitter_card":"summary_large_image","twitter_misc":{"Gesch\u00e4tzte Lesezeit":"2\u00a0Minuten"},"schema":{"@context":"https:\/\/schema.org","@graph":[{"@type":"WebPage","@id":"https:\/\/ordenamigas.es\/de\/kontakt\/","url":"https:\/\/ordenamigas.es\/de\/kontakt\/","name":"Kontakt | Ordenamigas - B\u00fcro &amp; Zuhause auf Mallorca organisieren","isPartOf":{"@id":"https:\/\/ordenamigas.es\/de\/#website"},"datePublished":"2020-04-30T09:12:41+00:00","dateModified":"2025-08-18T09:53:08+00:00","description":"Kontaktieren Sie Ordenamigas f\u00fcr B\u00fcro- und Umzugsorganisation. Effiziente L\u00f6sungen f\u00fcr Ihren Arbeitsplatz.","breadcrumb":{"@id":"https:\/\/ordenamigas.es\/de\/kontakt\/#breadcrumb"},"inLanguage":"de","potentialAction":[{"@type":"ReadAction","target":["https:\/\/ordenamigas.es\/de\/kontakt\/"]}]},{"@type":"BreadcrumbList","@id":"https:\/\/ordenamigas.es\/de\/kontakt\/#breadcrumb","itemListElement":[{"@type":"ListItem","position":1,"name":"Portada","item":"https:\/\/ordenamigas.es\/de\/"},{"@type":"ListItem","position":2,"name":"Kontakt"}]},{"@type":"WebSite","@id":"https:\/\/ordenamigas.es\/de\/#website","url":"https:\/\/ordenamigas.es\/de\/","name":"Ordenamigas","description":"B\u00fcro &amp; Zuhause auf Mallorca organisieren","publisher":{"@id":"https:\/\/ordenamigas.es\/de\/#organization"},"potentialAction":[{"@type":"SearchAction","target":{"@type":"EntryPoint","urlTemplate":"https:\/\/ordenamigas.es\/de\/?s={search_term_string}"},"query-input":{"@type":"PropertyValueSpecification","valueRequired":true,"valueName":"search_term_string"}}],"inLanguage":"de"},{"@type":"Organization","@id":"https:\/\/ordenamigas.es\/de\/#organization","name":"Ordenamigas","url":"https:\/\/ordenamigas.es\/de\/","logo":{"@type":"ImageObject","inLanguage":"de","@id":"https:\/\/ordenamigas.es\/de\/#\/schema\/logo\/image\/","url":"https:\/\/ordenamigas.es\/wp-content\/uploads\/2025\/03\/logo-horizontal-ordenamigas.png","contentUrl":"https:\/\/ordenamigas.es\/wp-content\/uploads\/2025\/03\/logo-horizontal-ordenamigas.png","width":1092,"height":347,"caption":"Ordenamigas"},"image":{"@id":"https:\/\/ordenamigas.es\/de\/#\/schema\/logo\/image\/"}}]}},"_links":{"self":[{"href":"https:\/\/ordenamigas.es\/de\/wp-json\/wp\/v2\/pages\/24308","targetHints":{"allow":["GET"]}}],"collection":[{"href":"https:\/\/ordenamigas.es\/de\/wp-json\/wp\/v2\/pages"}],"about":[{"href":"https:\/\/ordenamigas.es\/de\/wp-json\/wp\/v2\/types\/page"}],"author":[{"embeddable":true,"href":"https:\/\/ordenamigas.es\/de\/wp-json\/wp\/v2\/users\/1"}],"replies":[{"embeddable":true,"href":"https:\/\/ordenamigas.es\/de\/wp-json\/wp\/v2\/comments?post=24308"}],"version-history":[{"count":26,"href":"https:\/\/ordenamigas.es\/de\/wp-json\/wp\/v2\/pages\/24308\/revisions"}],"predecessor-version":[{"id":25158,"href":"https:\/\/ordenamigas.es\/de\/wp-json\/wp\/v2\/pages\/24308\/revisions\/25158"}],"wp:attachment":[{"href":"https:\/\/ordenamigas.es\/de\/wp-json\/wp\/v2\/media?parent=24308"}],"curies":[{"name":"wp","href":"https:\/\/api.w.org\/{rel}","templated":true}]}}