{"id":24392,"date":"2025-03-26T13:10:00","date_gmt":"2025-03-26T12:10:00","guid":{"rendered":"https:\/\/ordenamigas.es\/politica-de-cookies\/"},"modified":"2025-05-21T12:48:04","modified_gmt":"2025-05-21T10:48:04","slug":"cookie-richtlinie","status":"publish","type":"page","link":"https:\/\/ordenamigas.es\/de\/cookie-richtlinie\/","title":{"rendered":"Cookie-Richtlinie"},"content":{"rendered":"\t\t<div data-elementor-type=\"wp-page\" data-elementor-id=\"24392\" class=\"elementor elementor-24392 elementor-21923\">\n\t\t\t\t\t\t<section class=\"elementor-section elementor-top-section elementor-element elementor-element-6e8e2cf5 elementor-section-boxed elementor-section-height-default elementor-section-height-default sc_fly_static\" data-id=\"6e8e2cf5\" data-element_type=\"section\">\n\t\t\t\t\t\t<div class=\"elementor-container elementor-column-gap-extended\">\n\t\t\t\t\t<div class=\"elementor-column elementor-col-100 elementor-top-column elementor-element elementor-element-217a69c8 sc_content_align_inherit sc_layouts_column_icons_position_left sc_fly_static\" data-id=\"217a69c8\" data-element_type=\"column\">\n\t\t\t<div class=\"elementor-widget-wrap elementor-element-populated\">\n\t\t\t\t\t\t<div class=\"elementor-element elementor-element-2e7e71f1 sc_fly_static elementor-widget elementor-widget-text-editor\" data-id=\"2e7e71f1\" data-element_type=\"widget\" data-widget_type=\"text-editor.default\">\n\t\t\t\t<div class=\"elementor-widget-container\">\n\t\t\t\t\t\t\t\t\t<div><p><b data-stringify-type=\"bold\">Cookie-Richtlinie<br \/><br \/><\/b><br \/><b data-stringify-type=\"bold\">Hintergrund<\/b><br \/>Gem\u00e4\u00df Artikel 22.2 des Gesetzes 34\/2002 vom 11. Juli \u00fcber die Dienste der Informationsgesellschaft und den elektronischen Handel informieren wir Sie hiermit \u00fcber die von der Website <strong>https:\/\/ordenamigas.es<\/strong> (im Folgenden &#8220;Website&#8221;) verwendeten Cookies und den Grund f\u00fcr deren Verwendung.<\/p><p><b data-stringify-type=\"bold\">Was sind Cookies?<\/b><br \/>Cookies sind kleine Textdateien, die von Websites verwendet werden k\u00f6nnen, um das Nutzererlebnis effizienter zu gestalten. Sie erm\u00f6glichen es einer Website, das Ger\u00e4t eines Nutzers zu erkennen und sich an seine Vorlieben oder sein fr\u00fcheres Verhalten zu erinnern.<\/p><p><b data-stringify-type=\"bold\">Arten von Cookies, die auf dieser Website verwendet werden<br \/>Je nach ihrem Zweck:<\/b><\/p><\/div><ul data-stringify-type=\"unordered-list\" data-list-tree=\"true\" data-indent=\"0\" data-border=\"0\"><li data-stringify-indent=\"0\" data-stringify-border=\"0\"><b data-stringify-type=\"bold\">Streng notwendige Cookies<\/b><strong>:<\/strong> Sie sind f\u00fcr das ordnungsgem\u00e4\u00dfe Funktionieren der Website unerl\u00e4sslich und k\u00f6nnen in unseren Systemen nicht deaktiviert werden.<\/li><li data-stringify-indent=\"0\" data-stringify-border=\"0\"><strong>Leistungs-Cookies:<\/strong> Diese sammeln Informationen dar\u00fcber, wie Besucher die Website nutzen, um ihre Leistung zu bewerten.<\/li><li data-stringify-indent=\"0\" data-stringify-border=\"0\"><strong>Funktionalit\u00e4ts-Cookies:<\/strong> Diese erm\u00f6glichen es, Spracheinstellungen oder den Ger\u00e4tetyp des Nutzers zu speichern, um das Erlebnis zu optimieren.<br \/><br \/><p><b data-stringify-type=\"bold\"><b data-stringify-type=\"bold\">Streng notwendige Cookies<\/b><\/b><\/p><table data-start=\"82\" data-end=\"419\"><thead data-start=\"82\" data-end=\"140\"><tr data-start=\"82\" data-end=\"140\"><th data-start=\"82\" data-end=\"104\">Cookie-Name<\/th><th data-start=\"104\" data-end=\"114\">Domain<\/th><th data-start=\"114\" data-end=\"125\">Dauer<\/th><th data-start=\"125\" data-end=\"140\">Beschreibung<\/th><\/tr><\/thead><tbody data-start=\"200\" data-end=\"419\"><tr data-start=\"200\" data-end=\"312\"><td>cookielyes-consent<\/td><td>ordenamigas.es<\/td><td>1 Jahr<\/td><td>Speichert die Zustimmung des Nutzers zur Verwendung von Cookies.<\/td><\/tr><tr data-start=\"313\" data-end=\"419\"><td>__cf_bm<\/td><td>.elementor.com<\/td><td>30 Minuten<\/td><td>Wird von Cloudflare verwendet, um zwischen Menschen und Bots zu unterscheiden.<\/td><\/tr><\/tbody><\/table><p><b data-stringify-type=\"bold\"><br \/>Leistungs-Cookies<\/b><\/p><table data-start=\"448\" data-end=\"792\"><thead data-start=\"448\" data-end=\"506\"><tr data-start=\"448\" data-end=\"506\"><th data-start=\"448\" data-end=\"470\">Cookie-Name<\/th><th data-start=\"470\" data-end=\"480\">Domain<\/th><th data-start=\"480\" data-end=\"491\">Dauer<\/th><th data-start=\"491\" data-end=\"506\">Beschreibung<\/th><\/tr><\/thead><tbody data-start=\"566\" data-end=\"792\"><tr data-start=\"566\" data-end=\"671\"><td>_ga<\/td><td>ordenamigas.es<\/td><td>1 Jahr 1 Monat<\/td><td>Asocia una ID \u00fanica para analizar estad\u00edsticas de uso del sitio.<\/td><\/tr><tr data-start=\"672\" data-end=\"792\"><td>_ga_9BS3LJXZR6<\/td><td>ordenamigas.es<\/td><td>1 a\u00f1o 1 mes<\/td><td>Wird von Google Analytics verwendet, um den Sitzungsstatus zu erhalten.<\/td><\/tr><\/tbody><\/table><p><b data-stringify-type=\"bold\"><b data-stringify-type=\"bold\"><br \/>Funktionalit\u00e4t der Cookies<br \/><\/b><\/b><\/p><table data-start=\"823\" data-end=\"1159\"><thead data-start=\"823\" data-end=\"881\"><tr data-start=\"823\" data-end=\"881\"><th data-start=\"823\" data-end=\"845\">Cookie-Name<\/th><th data-start=\"845\" data-end=\"855\">Domain<\/th><th data-start=\"855\" data-end=\"866\">Dauer<\/th><th data-start=\"866\" data-end=\"881\">Beschreibung<\/th><\/tr><\/thead><tbody data-start=\"941\" data-end=\"1159\"><tr data-start=\"941\" data-end=\"1042\"><td>wpml_current_language<\/td><td>ordenamigas.es<\/td><td>Sitzung<\/td><td>Speichert die vom Benutzer gew\u00e4hlte Sprache.<\/td><\/tr><tr data-start=\"1043\" data-end=\"1159\"><td>twk_uuid_*<\/td><td>ordenamigas.es<\/td><td>Sitzung<\/td><td>Bestimmt, ob das Ger\u00e4t grafische Funktionen zur Verbesserung der Benutzerfreundlichkeit unterst\u00fctzt.<\/td><\/tr><\/tbody><\/table><p><b data-stringify-type=\"bold\"><b data-stringify-type=\"bold\"><br \/>Browser-Speicher erkannt<br \/><\/b><\/b><\/p><table data-start=\"1206\" data-end=\"1421\"><thead data-start=\"1206\" data-end=\"1252\"><tr data-start=\"1206\" data-end=\"1252\"><th data-start=\"1206\" data-end=\"1232\">Speicherschl\u00fcssel<\/th><th data-start=\"1232\" data-end=\"1239\">Typ<\/th><th data-start=\"1239\" data-end=\"1252\">Kategorie<\/th><\/tr><\/thead><tbody data-start=\"1300\" data-end=\"1421\"><tr data-start=\"1300\" data-end=\"1358\"><td>__t_embed__mounting<\/td><td>Sitzung<\/td><td>Streng notwendig<\/td><\/tr><tr data-start=\"1359\" data-end=\"1421\"><td>__t_embed__storage_test<\/td><td>Sitzung<\/td><td>Streng notwendig<\/td><\/tr><\/tbody><\/table><\/li><\/ul><div><div style=\"font-family: 'Work Sans', sans-serif; font-size: 16px; font-weight: 400; font-style: normal; letter-spacing: -0.32px;\"><span style=\"font-weight: bold;\" data-stringify-type=\"bold\"><br \/><\/span><strong>Cookie-Verwaltung<\/strong><br \/>Der Nutzer kann seinen Browser so konfigurieren, dass er Cookies standardm\u00e4\u00dfig akzeptiert oder ablehnt, oder dass er eine Warnung auf dem Bildschirm erh\u00e4lt, wenn er ein Cookie erh\u00e4lt, und dann entscheiden kann, ob er es auf seiner Festplatte ablegen m\u00f6chte oder nicht. Nachstehend finden Sie die Konfigurationslinks f\u00fcr die wichtigsten Browser:<\/div><ul style=\"font-family: 'Work Sans', sans-serif; font-size: 16px; font-weight: 400; font-style: normal; letter-spacing: -0.32px; margin-bottom: 0px !important;\" data-stringify-type=\"unordered-list\" data-list-tree=\"true\" data-indent=\"0\" data-border=\"0\"><li style=\"font-size: 16px;\" data-stringify-indent=\"0\" data-stringify-border=\"0\"><span style=\"font-weight: bold;\" data-stringify-type=\"bold\">Google Chrome:<\/span>\u00a0<a style=\"font-size: 16px; color: #100f17; transition-property: all;\" href=\"https:\/\/support.google.com\/chrome\/answer\/95647?hl=de\" target=\"_blank\" rel=\"noopener noreferrer\" data-stringify-link=\"https:\/\/support.google.com\/chrome\/answer\/95647?hl=es\" data-sk=\"tooltip_parent\">https:\/\/support.google.com\/chrome\/answer\/95647?hl=de<\/a><\/li><li style=\"font-size: 16px;\" data-stringify-indent=\"0\" data-stringify-border=\"0\"><span style=\"font-weight: bold;\" data-stringify-type=\"bold\">Mozilla Firefox:<\/span>\u00a0<a style=\"font-size: 16px; color: #100f17; transition-property: all;\" href=\"https:\/\/support.mozilla.org\/de\/kb\/verbesserter-schutz-aktivitatenverfolgung-desktop?redirectslug=cookies-erlauben-und-ablehnen&amp;redirectlocale=de\" target=\"_blank\" rel=\"noopener noreferrer\" data-stringify-link=\"https:\/\/support.mozilla.org\/es\/kb\/habilitar-y-deshabilitar-cookies\" data-sk=\"tooltip_parent\">https:\/\/support.mozilla.org\/de\/kb\/verbesserter-schutz-aktivitatenverfolgung-desktop?redirectslug=cookies-erlauben-und-ablehnen&amp;redirectlocale=de<\/a><\/li><li style=\"font-size: 16px;\" data-stringify-indent=\"0\" data-stringify-border=\"0\"><span style=\"font-weight: bold;\" data-stringify-type=\"bold\">Safari:<\/span>\u00a0<a style=\"font-size: 16px; color: #100f17; transition-property: all;\" href=\"https:\/\/support.apple.com\/de-de\/guide\/safari\/sfri11471\/mac\" target=\"_blank\" rel=\"noopener noreferrer\" data-stringify-link=\"https:\/\/support.apple.com\/es-es\/guide\/safari\/sfri11471\/mac\" data-sk=\"tooltip_parent\">https:\/\/support.apple.com\/de-de\/guide\/safari\/sfri11471\/mac<\/a><\/li><li style=\"font-size: 16px;\" data-stringify-indent=\"0\" data-stringify-border=\"0\"><span style=\"font-weight: bold;\" data-stringify-type=\"bold\">Microsoft Edge:<\/span>\u00a0<a style=\"font-size: 16px; color: #100f17; transition-property: all;\" href=\"https:\/\/support.microsoft.com\/de-de\/windows\/verwalten-von-cookies-in-microsoft-edge-anzeigen-zulassen-blockieren-l%C3%B6schen-und-verwenden-168dab11-0753-043d-7c16-ede5947fc64d\" target=\"_blank\" rel=\"noopener noreferrer\" data-stringify-link=\"https:\/\/support.microsoft.com\/es-es\/help\/4027947\" data-sk=\"tooltip_parent\">https:\/\/support.microsoft.com\/de-de\/windows\/verwalten-von-cookies-in-microsoft-edge-anzeigen-zulassen-blockieren-l%C3%B6schen-und-verwenden-168dab11-0753-043d-7c16-ede5947fc64d<\/a><br \/><br \/><\/li><\/ul><div style=\"font-family: 'Work Sans', sans-serif; font-size: 16px; font-weight: 400; font-style: normal; letter-spacing: -0.32px;\"><strong>Zustimmung<\/strong><br \/>Wenn Sie auf dieser Website surfen, stimmen Sie der Verwendung der oben beschriebenen Cookies zu, es sei denn, Sie haben Ihren Browser so eingestellt, dass er die Verwendung von Cookies ablehnt.<\/div><\/div>\t\t\t\t\t\t\t\t<\/div>\n\t\t\t\t<\/div>\n\t\t\t\t<div class=\"elementor-element elementor-element-95844ab elementor-widget-divider--view-line sc_fly_static elementor-widget elementor-widget-divider\" data-id=\"95844ab\" data-element_type=\"widget\" data-widget_type=\"divider.default\">\n\t\t\t\t<div class=\"elementor-widget-container\">\n\t\t\t\t\t\t\t<div class=\"elementor-divider\">\n\t\t\t<span class=\"elementor-divider-separator\">\n\t\t\t\t\t\t<\/span>\n\t\t<\/div>\n\t\t\t\t\t\t<\/div>\n\t\t\t\t<\/div>\n\t\t\t\t\t<\/div>\n\t\t<\/div>\n\t\t\t\t\t<\/div>\n\t\t<\/section>\n\t\t\t\t<\/div>\n\t\t","protected":false},"excerpt":{"rendered":"<p>Cookie-Richtlinie HintergrundGem\u00e4\u00df Artikel 22.2 des Gesetzes 34\/2002 vom 11. Juli \u00fcber die Dienste der Informationsgesellschaft und den elektronischen Handel informieren wir Sie hiermit \u00fcber die von der Website https:\/\/ordenamigas.es (im&hellip;<\/p>\n","protected":false},"author":1,"featured_media":0,"parent":0,"menu_order":0,"comment_status":"closed","ping_status":"closed","template":"","meta":{"footnotes":""},"class_list":["post-24392","page","type-page","status-publish","hentry"],"yoast_head":"<!-- This site is optimized with the Yoast SEO plugin v24.7 - https:\/\/yoast.com\/wordpress\/plugins\/seo\/ -->\n<title>Cookie-Richtlinie | Ordenamigas - B\u00fcro &amp; Zuhause auf Mallorca organisieren<\/title>\n<meta name=\"description\" content=\"Entdecken Sie die Ordenamigas Cookie-Richtlinie und erfahren Sie, wie Sie Ihre Cookie-Einstellungen einfach verwalten k\u00f6nnen.\" \/>\n<meta name=\"robots\" content=\"index, follow, max-snippet:-1, max-image-preview:large, max-video-preview:-1\" \/>\n<link rel=\"canonical\" href=\"https:\/\/ordenamigas.es\/de\/cookie-richtlinie\/\" \/>\n<meta property=\"og:locale\" content=\"de_DE\" \/>\n<meta property=\"og:type\" content=\"article\" \/>\n<meta property=\"og:title\" content=\"Cookie-Richtlinie | Ordenamigas - B\u00fcro &amp; Zuhause auf Mallorca organisieren\" \/>\n<meta property=\"og:description\" content=\"Entdecken Sie die Ordenamigas Cookie-Richtlinie und erfahren Sie, wie Sie Ihre Cookie-Einstellungen einfach verwalten k\u00f6nnen.\" \/>\n<meta property=\"og:url\" content=\"https:\/\/ordenamigas.es\/de\/cookie-richtlinie\/\" \/>\n<meta property=\"og:site_name\" content=\"Ordenamigas\" \/>\n<meta property=\"article:modified_time\" content=\"2025-05-21T10:48:04+00:00\" \/>\n<meta name=\"twitter:card\" content=\"summary_large_image\" \/>\n<meta name=\"twitter:label1\" content=\"Gesch\u00e4tzte Lesezeit\" \/>\n\t<meta name=\"twitter:data1\" content=\"2\u00a0Minuten\" \/>\n<script type=\"application\/ld+json\" class=\"yoast-schema-graph\">{\"@context\":\"https:\/\/schema.org\",\"@graph\":[{\"@type\":\"WebPage\",\"@id\":\"https:\/\/ordenamigas.es\/de\/cookie-richtlinie\/\",\"url\":\"https:\/\/ordenamigas.es\/de\/cookie-richtlinie\/\",\"name\":\"Cookie-Richtlinie | Ordenamigas - B\u00fcro &amp; Zuhause auf Mallorca organisieren\",\"isPartOf\":{\"@id\":\"https:\/\/ordenamigas.es\/de\/#website\"},\"datePublished\":\"2025-03-26T12:10:00+00:00\",\"dateModified\":\"2025-05-21T10:48:04+00:00\",\"description\":\"Entdecken Sie die Ordenamigas Cookie-Richtlinie und erfahren Sie, wie Sie Ihre Cookie-Einstellungen einfach verwalten k\u00f6nnen.\",\"breadcrumb\":{\"@id\":\"https:\/\/ordenamigas.es\/de\/cookie-richtlinie\/#breadcrumb\"},\"inLanguage\":\"de\",\"potentialAction\":[{\"@type\":\"ReadAction\",\"target\":[\"https:\/\/ordenamigas.es\/de\/cookie-richtlinie\/\"]}]},{\"@type\":\"BreadcrumbList\",\"@id\":\"https:\/\/ordenamigas.es\/de\/cookie-richtlinie\/#breadcrumb\",\"itemListElement\":[{\"@type\":\"ListItem\",\"position\":1,\"name\":\"Portada\",\"item\":\"https:\/\/ordenamigas.es\/de\/\"},{\"@type\":\"ListItem\",\"position\":2,\"name\":\"Cookie-Richtlinie\"}]},{\"@type\":\"WebSite\",\"@id\":\"https:\/\/ordenamigas.es\/de\/#website\",\"url\":\"https:\/\/ordenamigas.es\/de\/\",\"name\":\"Ordenamigas\",\"description\":\"B\u00fcro &amp; Zuhause auf Mallorca organisieren\",\"publisher\":{\"@id\":\"https:\/\/ordenamigas.es\/de\/#organization\"},\"potentialAction\":[{\"@type\":\"SearchAction\",\"target\":{\"@type\":\"EntryPoint\",\"urlTemplate\":\"https:\/\/ordenamigas.es\/de\/?s={search_term_string}\"},\"query-input\":{\"@type\":\"PropertyValueSpecification\",\"valueRequired\":true,\"valueName\":\"search_term_string\"}}],\"inLanguage\":\"de\"},{\"@type\":\"Organization\",\"@id\":\"https:\/\/ordenamigas.es\/de\/#organization\",\"name\":\"Ordenamigas\",\"url\":\"https:\/\/ordenamigas.es\/de\/\",\"logo\":{\"@type\":\"ImageObject\",\"inLanguage\":\"de\",\"@id\":\"https:\/\/ordenamigas.es\/de\/#\/schema\/logo\/image\/\",\"url\":\"https:\/\/ordenamigas.es\/wp-content\/uploads\/2025\/03\/logo-horizontal-ordenamigas.png\",\"contentUrl\":\"https:\/\/ordenamigas.es\/wp-content\/uploads\/2025\/03\/logo-horizontal-ordenamigas.png\",\"width\":1092,\"height\":347,\"caption\":\"Ordenamigas\"},\"image\":{\"@id\":\"https:\/\/ordenamigas.es\/de\/#\/schema\/logo\/image\/\"}}]}<\/script>\n<!-- \/ Yoast SEO plugin. -->","yoast_head_json":{"title":"Cookie-Richtlinie | Ordenamigas - B\u00fcro &amp; Zuhause auf Mallorca organisieren","description":"Entdecken Sie die Ordenamigas Cookie-Richtlinie und erfahren Sie, wie Sie Ihre Cookie-Einstellungen einfach verwalten k\u00f6nnen.","robots":{"index":"index","follow":"follow","max-snippet":"max-snippet:-1","max-image-preview":"max-image-preview:large","max-video-preview":"max-video-preview:-1"},"canonical":"https:\/\/ordenamigas.es\/de\/cookie-richtlinie\/","og_locale":"de_DE","og_type":"article","og_title":"Cookie-Richtlinie | Ordenamigas - B\u00fcro &amp; Zuhause auf Mallorca organisieren","og_description":"Entdecken Sie die Ordenamigas Cookie-Richtlinie und erfahren Sie, wie Sie Ihre Cookie-Einstellungen einfach verwalten k\u00f6nnen.","og_url":"https:\/\/ordenamigas.es\/de\/cookie-richtlinie\/","og_site_name":"Ordenamigas","article_modified_time":"2025-05-21T10:48:04+00:00","twitter_card":"summary_large_image","twitter_misc":{"Gesch\u00e4tzte Lesezeit":"2\u00a0Minuten"},"schema":{"@context":"https:\/\/schema.org","@graph":[{"@type":"WebPage","@id":"https:\/\/ordenamigas.es\/de\/cookie-richtlinie\/","url":"https:\/\/ordenamigas.es\/de\/cookie-richtlinie\/","name":"Cookie-Richtlinie | Ordenamigas - B\u00fcro &amp; Zuhause auf Mallorca organisieren","isPartOf":{"@id":"https:\/\/ordenamigas.es\/de\/#website"},"datePublished":"2025-03-26T12:10:00+00:00","dateModified":"2025-05-21T10:48:04+00:00","description":"Entdecken Sie die Ordenamigas Cookie-Richtlinie und erfahren Sie, wie Sie Ihre Cookie-Einstellungen einfach verwalten k\u00f6nnen.","breadcrumb":{"@id":"https:\/\/ordenamigas.es\/de\/cookie-richtlinie\/#breadcrumb"},"inLanguage":"de","potentialAction":[{"@type":"ReadAction","target":["https:\/\/ordenamigas.es\/de\/cookie-richtlinie\/"]}]},{"@type":"BreadcrumbList","@id":"https:\/\/ordenamigas.es\/de\/cookie-richtlinie\/#breadcrumb","itemListElement":[{"@type":"ListItem","position":1,"name":"Portada","item":"https:\/\/ordenamigas.es\/de\/"},{"@type":"ListItem","position":2,"name":"Cookie-Richtlinie"}]},{"@type":"WebSite","@id":"https:\/\/ordenamigas.es\/de\/#website","url":"https:\/\/ordenamigas.es\/de\/","name":"Ordenamigas","description":"B\u00fcro &amp; Zuhause auf Mallorca organisieren","publisher":{"@id":"https:\/\/ordenamigas.es\/de\/#organization"},"potentialAction":[{"@type":"SearchAction","target":{"@type":"EntryPoint","urlTemplate":"https:\/\/ordenamigas.es\/de\/?s={search_term_string}"},"query-input":{"@type":"PropertyValueSpecification","valueRequired":true,"valueName":"search_term_string"}}],"inLanguage":"de"},{"@type":"Organization","@id":"https:\/\/ordenamigas.es\/de\/#organization","name":"Ordenamigas","url":"https:\/\/ordenamigas.es\/de\/","logo":{"@type":"ImageObject","inLanguage":"de","@id":"https:\/\/ordenamigas.es\/de\/#\/schema\/logo\/image\/","url":"https:\/\/ordenamigas.es\/wp-content\/uploads\/2025\/03\/logo-horizontal-ordenamigas.png","contentUrl":"https:\/\/ordenamigas.es\/wp-content\/uploads\/2025\/03\/logo-horizontal-ordenamigas.png","width":1092,"height":347,"caption":"Ordenamigas"},"image":{"@id":"https:\/\/ordenamigas.es\/de\/#\/schema\/logo\/image\/"}}]}},"_links":{"self":[{"href":"https:\/\/ordenamigas.es\/de\/wp-json\/wp\/v2\/pages\/24392","targetHints":{"allow":["GET"]}}],"collection":[{"href":"https:\/\/ordenamigas.es\/de\/wp-json\/wp\/v2\/pages"}],"about":[{"href":"https:\/\/ordenamigas.es\/de\/wp-json\/wp\/v2\/types\/page"}],"author":[{"embeddable":true,"href":"https:\/\/ordenamigas.es\/de\/wp-json\/wp\/v2\/users\/1"}],"replies":[{"embeddable":true,"href":"https:\/\/ordenamigas.es\/de\/wp-json\/wp\/v2\/comments?post=24392"}],"version-history":[{"count":16,"href":"https:\/\/ordenamigas.es\/de\/wp-json\/wp\/v2\/pages\/24392\/revisions"}],"predecessor-version":[{"id":24410,"href":"https:\/\/ordenamigas.es\/de\/wp-json\/wp\/v2\/pages\/24392\/revisions\/24410"}],"wp:attachment":[{"href":"https:\/\/ordenamigas.es\/de\/wp-json\/wp\/v2\/media?parent=24392"}],"curies":[{"name":"wp","href":"https:\/\/api.w.org\/{rel}","templated":true}]}}