{"id":24504,"date":"2025-04-29T13:32:20","date_gmt":"2025-04-29T11:32:20","guid":{"rendered":"https:\/\/ordenamigas.es\/mudanzas\/"},"modified":"2025-05-23T08:34:55","modified_gmt":"2025-05-23T06:34:55","slug":"demenagements","status":"publish","type":"page","link":"https:\/\/ordenamigas.es\/fr\/demenagements\/","title":{"rendered":"D\u00e9m\u00e9nagements"},"content":{"rendered":"\t\t<div data-elementor-type=\"wp-page\" data-elementor-id=\"24504\" class=\"elementor elementor-24504 elementor-22640\">\n\t\t\t\t\t\t<section class=\"elementor-section elementor-top-section elementor-element elementor-element-3176ff5 elementor-section-full_width elementor-section-stretched elementor-section-height-default elementor-section-height-default sc_fly_static\" data-id=\"3176ff5\" data-element_type=\"section\" data-settings=\"{&quot;background_background&quot;:&quot;classic&quot;,&quot;stretch_section&quot;:&quot;section-stretched&quot;}\">\n\t\t\t\t\t\t<div class=\"elementor-container elementor-column-gap-no\">\n\t\t\t\t\t<div class=\"elementor-column elementor-col-100 elementor-top-column elementor-element elementor-element-1bebe5f sc_content_align_inherit sc_layouts_column_icons_position_left sc_fly_static\" data-id=\"1bebe5f\" data-element_type=\"column\">\n\t\t\t<div class=\"elementor-widget-wrap elementor-element-populated\">\n\t\t\t\t\t\t<div class=\"elementor-element elementor-element-e174e39 sc_height_huge sc_fly_static elementor-widget elementor-widget-spacer\" data-id=\"e174e39\" data-element_type=\"widget\" data-widget_type=\"spacer.default\">\n\t\t\t\t<div class=\"elementor-widget-container\">\n\t\t\t\t\t\t\t<div class=\"elementor-spacer\">\n\t\t\t<div class=\"elementor-spacer-inner\"><\/div>\n\t\t<\/div>\n\t\t\t\t\t\t<\/div>\n\t\t\t\t<\/div>\n\t\t\t\t<div data-animation-type=\"block\" class=\"elementor-element elementor-element-814136f elementor-widget__width-initial elementor-absolute animated-slow animation_type_block sc_fly_static elementor-invisible elementor-widget elementor-widget-image\" data-id=\"814136f\" data-element_type=\"widget\" data-settings=\"{&quot;_position&quot;:&quot;absolute&quot;,&quot;_animation&quot;:&quot;etta-fadeinup&quot;,&quot;_animation_delay&quot;:300}\" data-widget_type=\"image.default\">\n\t\t\t\t<div class=\"elementor-widget-container\">\n\t\t\t\t\t\t\t\t\t\t\t\t\t\t\t<img fetchpriority=\"high\" decoding=\"async\" width=\"315\" height=\"300\" src=\"https:\/\/ordenamigas.es\/wp-content\/uploads\/2022\/11\/flower-1.png\" class=\"attachment-full size-full wp-image-18314\" alt=\"\" srcset=\"https:\/\/ordenamigas.es\/wp-content\/uploads\/2022\/11\/flower-1.png 315w, https:\/\/ordenamigas.es\/wp-content\/uploads\/2022\/11\/flower-1-300x286.png 300w\" sizes=\"(max-width: 600px) 100vw, 315px\" \/>\t\t\t\t\t\t\t\t\t\t\t\t\t\t\t<\/div>\n\t\t\t\t<\/div>\n\t\t\t\t<div data-animation-type=\"block\" class=\"elementor-element elementor-element-333cf4a elementor-widget__width-initial elementor-absolute animated-slow animation_type_block sc_fly_static elementor-invisible elementor-widget elementor-widget-image\" data-id=\"333cf4a\" data-element_type=\"widget\" data-settings=\"{&quot;_position&quot;:&quot;absolute&quot;,&quot;_animation&quot;:&quot;etta-fadeinup&quot;,&quot;_animation_delay&quot;:300}\" data-widget_type=\"image.default\">\n\t\t\t\t<div class=\"elementor-widget-container\">\n\t\t\t\t\t\t\t\t\t\t\t\t\t\t\t<img decoding=\"async\" width=\"550\" height=\"600\" src=\"https:\/\/ordenamigas.es\/wp-content\/uploads\/2022\/11\/flower-3.png\" class=\"attachment-full size-full wp-image-18376\" alt=\"\" srcset=\"https:\/\/ordenamigas.es\/wp-content\/uploads\/2022\/11\/flower-3.png 550w, https:\/\/ordenamigas.es\/wp-content\/uploads\/2022\/11\/flower-3-275x300.png 275w, https:\/\/ordenamigas.es\/wp-content\/uploads\/2022\/11\/flower-3-370x404.png 370w, https:\/\/ordenamigas.es\/wp-content\/uploads\/2022\/11\/flower-3-410x447.png 410w\" sizes=\"(max-width: 600px) 100vw, 550px\" \/>\t\t\t\t\t\t\t\t\t\t\t\t\t\t\t<\/div>\n\t\t\t\t<\/div>\n\t\t\t\t<section class=\"elementor-section elementor-inner-section elementor-element elementor-element-30c9c10 elementor-section-boxed elementor-section-height-default elementor-section-height-default sc_fly_static\" data-id=\"30c9c10\" data-element_type=\"section\">\n\t\t\t\t\t\t<div class=\"elementor-container elementor-column-gap-extended\">\n\t\t\t\t\t<div class=\"elementor-column elementor-col-50 elementor-inner-column elementor-element elementor-element-4e1ed29 sc_content_align_inherit sc_layouts_column_icons_position_left sc_fly_static\" data-id=\"4e1ed29\" data-element_type=\"column\">\n\t\t\t<div class=\"elementor-widget-wrap elementor-element-populated\">\n\t\t\t\t\t\t<div class=\"elementor-element elementor-element-a58a33b no-title sc_fly_static elementor-widget elementor-widget-image\" data-id=\"a58a33b\" data-element_type=\"widget\" data-widget_type=\"image.default\">\n\t\t\t\t<div class=\"elementor-widget-container\">\n\t\t\t\t\t\t\t\t\t\t\t\t\t\t\t<img decoding=\"async\" src=\"https:\/\/ordenamigas.es\/wp-content\/uploads\/elementor\/thumbs\/mudanzas-r5p3hrk0f968sd7zwgf6j3jzhu1y2wwksz0c1xke3q.jpg\" title=\"Mudanzas\" alt=\"Mudanzas\" loading=\"lazy\" \/>\t\t\t\t\t\t\t\t\t\t\t\t\t\t\t<\/div>\n\t\t\t\t<\/div>\n\t\t\t\t<div class=\"elementor-element elementor-element-bcb5a38 sc_height_small sc_fly_static elementor-widget elementor-widget-spacer\" data-id=\"bcb5a38\" data-element_type=\"widget\" data-widget_type=\"spacer.default\">\n\t\t\t\t<div class=\"elementor-widget-container\">\n\t\t\t\t\t\t\t<div class=\"elementor-spacer\">\n\t\t\t<div class=\"elementor-spacer-inner\"><\/div>\n\t\t<\/div>\n\t\t\t\t\t\t<\/div>\n\t\t\t\t<\/div>\n\t\t\t\t\t<\/div>\n\t\t<\/div>\n\t\t\t\t<div class=\"elementor-column elementor-col-50 elementor-inner-column elementor-element elementor-element-89b84d3 sc_content_align_inherit sc_layouts_column_icons_position_left sc_fly_static\" data-id=\"89b84d3\" data-element_type=\"column\">\n\t\t\t<div class=\"elementor-widget-wrap elementor-element-populated\">\n\t\t\t\t\t\t<div class=\"elementor-element elementor-element-553d813 sc_fly_static elementor-widget elementor-widget-spacer\" data-id=\"553d813\" data-element_type=\"widget\" data-widget_type=\"spacer.default\">\n\t\t\t\t<div class=\"elementor-widget-container\">\n\t\t\t\t\t\t\t<div class=\"elementor-spacer\">\n\t\t\t<div class=\"elementor-spacer-inner\"><\/div>\n\t\t<\/div>\n\t\t\t\t\t\t<\/div>\n\t\t\t\t<\/div>\n\t\t\t\t<div class=\"elementor-element elementor-element-297f2a7 sc_fly_static elementor-widget elementor-widget-text-editor\" data-id=\"297f2a7\" data-element_type=\"widget\" data-widget_type=\"text-editor.default\">\n\t\t\t\t<div class=\"elementor-widget-container\">\n\t\t\t\t\t\t\t\t\t<div class=\"elementor-element elementor-element-4e58d9d sc_fly_static elementor-widget elementor-widget-text-editor trx_addons_parallax_layers_inited trx_addons_parallax_blocks_inited\" data-id=\"4e58d9d\" data-element_type=\"widget\" data-widget_type=\"text-editor.default\"><div class=\"elementor-widget-container\"><div class=\"elementor-element elementor-element-4e58d9d sc_fly_static elementor-widget elementor-widget-text-editor trx_addons_parallax_layers_inited trx_addons_parallax_blocks_inited\" data-id=\"4e58d9d\" data-element_type=\"widget\" data-widget_type=\"text-editor.default\"><div class=\"elementor-widget-container\"><div class=\"elementor-element elementor-element-4e58d9d sc_fly_static elementor-widget elementor-widget-text-editor trx_addons_parallax_layers_inited trx_addons_parallax_blocks_inited\" data-id=\"4e58d9d\" data-element_type=\"widget\" data-widget_type=\"text-editor.default\"><div class=\"elementor-widget-container\"><p class=\"\" data-start=\"103\" data-end=\"210\">Nous concevons un projet cl\u00e9 en main selon vos besoins afin que votre d\u00e9m\u00e9nagement se d\u00e9roule sans stress et en toute fluidit\u00e9.<\/p><p class=\"\" data-start=\"212\" data-end=\"236\"><strong data-start=\"212\" data-end=\"236\">Services propos\u00e9s :<\/strong><\/p><p class=\"\" data-start=\"238\" data-end=\"565\">\u00c9valuation initiale (en ligne ou en pr\u00e9sentiel): 20\u20ac.<br data-start=\"283\" data-end=\"286\" \/>Devis d\u00e9taill\u00e9.<br data-start=\"307\" data-end=\"310\" \/>Achat des mat\u00e9riaux n\u00e9cessaires.<br data-start=\"411\" data-end=\"414\" \/>R\u00e9ception et gestion du d\u00e9m\u00e9nagement.<br data-start=\"447\" data-end=\"450\" \/>Organisation compl\u00e8te en 2 \u00e0 3 jours.<br data-start=\"483\" data-end=\"486\" \/>Tout est rang\u00e9 : accessoires organis\u00e9s, chaussures dans des meubles \u00e0 chaussures, v\u00eatements sur cintres.<\/p><p class=\"\" data-start=\"567\" data-end=\"624\"><strong data-start=\"567\" data-end=\"624\">Votre nouveau chez-vous pr\u00eat \u00e0 \u00eatre habit\u00e9 d\u00e8s le premier jour !<\/strong><\/p><\/div><\/div><\/div><\/div><\/div><\/div>\t\t\t\t\t\t\t\t<\/div>\n\t\t\t\t<\/div>\n\t\t\t\t<div class=\"elementor-element elementor-element-b9ca9e5 sc_height_huge sc_fly_static elementor-widget elementor-widget-spacer\" data-id=\"b9ca9e5\" data-element_type=\"widget\" data-widget_type=\"spacer.default\">\n\t\t\t\t<div class=\"elementor-widget-container\">\n\t\t\t\t\t\t\t<div class=\"elementor-spacer\">\n\t\t\t<div class=\"elementor-spacer-inner\"><\/div>\n\t\t<\/div>\n\t\t\t\t\t\t<\/div>\n\t\t\t\t<\/div>\n\t\t\t\t\t<\/div>\n\t\t<\/div>\n\t\t\t\t\t<\/div>\n\t\t<\/section>\n\t\t\t\t\t<\/div>\n\t\t<\/div>\n\t\t\t\t\t<\/div>\n\t\t<\/section>\n\t\t\t\t<section class=\"elementor-section elementor-top-section elementor-element elementor-element-18e42d8 elementor-section-content-bottom scheme_dark elementor-section-stretched elementor-section-boxed elementor-section-height-default elementor-section-height-default sc_fly_static\" data-id=\"18e42d8\" data-element_type=\"section\" data-settings=\"{&quot;background_background&quot;:&quot;classic&quot;,&quot;stretch_section&quot;:&quot;section-stretched&quot;}\">\n\t\t\t\t\t\t\t<div class=\"elementor-background-overlay\"><\/div>\n\t\t\t\t\t\t\t<div class=\"elementor-container elementor-column-gap-no\">\n\t\t\t\t\t<div class=\"elementor-column elementor-col-50 elementor-top-column elementor-element elementor-element-cf33f48 sc-mobile_content_align_inherit sc_content_align_inherit sc_layouts_column_icons_position_left sc_fly_static\" data-id=\"cf33f48\" data-element_type=\"column\">\n\t\t\t<div class=\"elementor-widget-wrap elementor-element-populated\">\n\t\t\t\t\t\t<div class=\"elementor-element elementor-element-7d84315 sc_height_huge sc_fly_static elementor-widget elementor-widget-spacer\" data-id=\"7d84315\" data-element_type=\"widget\" data-widget_type=\"spacer.default\">\n\t\t\t\t<div class=\"elementor-widget-container\">\n\t\t\t\t\t\t\t<div class=\"elementor-spacer\">\n\t\t\t<div class=\"elementor-spacer-inner\"><\/div>\n\t\t<\/div>\n\t\t\t\t\t\t<\/div>\n\t\t\t\t<\/div>\n\t\t\t\t<div class=\"elementor-element elementor-element-36ba130 sc_fly_static elementor-widget elementor-widget-trx_sc_title\" data-id=\"36ba130\" data-element_type=\"widget\" data-widget_type=\"trx_sc_title.default\">\n\t\t\t\t<div class=\"elementor-widget-container\">\n\t\t\t\t\t<div\t\tclass=\"sc_title sc_title_default\" ><h2 class=\"sc_item_title sc_title_title sc_item_title_style_default sc_typed\"\n\t\t\t><span class=\"sc_item_title_text\">Pr\u00eat \u00e0 vous transformer gr\u00e2ce \u00e0 l'ordre ?<\/span><\/h2><\/div>\t\t\t\t<\/div>\n\t\t\t\t<\/div>\n\t\t\t\t<div class=\"elementor-element elementor-element-548afa3 sc_height_large sc_layouts_hide_on_mobile sc_fly_static elementor-widget elementor-widget-spacer\" data-id=\"548afa3\" data-element_type=\"widget\" data-widget_type=\"spacer.default\">\n\t\t\t\t<div class=\"elementor-widget-container\">\n\t\t\t\t\t\t\t<div class=\"elementor-spacer\">\n\t\t\t<div class=\"elementor-spacer-inner\"><\/div>\n\t\t<\/div>\n\t\t\t\t\t\t<\/div>\n\t\t\t\t<\/div>\n\t\t\t\t\t<\/div>\n\t\t<\/div>\n\t\t\t\t<div class=\"elementor-column elementor-col-50 elementor-top-column elementor-element elementor-element-a910fb9 sc_layouts_column_align_right sc_layouts_column sc-mobile_layouts_column_align_left sc_layouts_column sc_content_align_inherit sc_layouts_column_icons_position_left sc_fly_static\" data-id=\"a910fb9\" data-element_type=\"column\">\n\t\t\t<div class=\"elementor-widget-wrap elementor-element-populated\">\n\t\t\t\t\t\t<div class=\"elementor-element elementor-element-0711adf sc_layouts_hide_on_wide sc_layouts_hide_on_desktop sc_layouts_hide_on_notebook sc_layouts_hide_on_tablet sc_fly_static elementor-widget elementor-widget-spacer\" data-id=\"0711adf\" data-element_type=\"widget\" data-widget_type=\"spacer.default\">\n\t\t\t\t<div class=\"elementor-widget-container\">\n\t\t\t\t\t\t\t<div class=\"elementor-spacer\">\n\t\t\t<div class=\"elementor-spacer-inner\"><\/div>\n\t\t<\/div>\n\t\t\t\t\t\t<\/div>\n\t\t\t\t<\/div>\n\t\t\t\t<div class=\"elementor-element elementor-element-09a21d4 sc_fly_static elementor-widget elementor-widget-trx_sc_button\" data-id=\"09a21d4\" data-element_type=\"widget\" data-widget_type=\"trx_sc_button.default\">\n\t\t\t\t<div class=\"elementor-widget-container\">\n\t\t\t\t\t<div\tclass=\"sc_item_button sc_button_wrap\" ><a href=\"https:\/\/ordenamigas.es\/fr\/contact\/\" class=\"sc_button sc_button_bordered sc_button_size_small sc_button_icon_left color_style_dark\" ><span class=\"sc_button_text\"><span class=\"sc_button_title\">Je commence \u00e0 changer maintenant<\/span><\/span><\/a><\/div>\t\t\t\t<\/div>\n\t\t\t\t<\/div>\n\t\t\t\t<div class=\"elementor-element elementor-element-5de382a sc_layouts_hide_on_tablet sc_layouts_hide_on_mobile sc_fly_static elementor-widget elementor-widget-spacer\" data-id=\"5de382a\" data-element_type=\"widget\" data-widget_type=\"spacer.default\">\n\t\t\t\t<div class=\"elementor-widget-container\">\n\t\t\t\t\t\t\t<div class=\"elementor-spacer\">\n\t\t\t<div class=\"elementor-spacer-inner\"><\/div>\n\t\t<\/div>\n\t\t\t\t\t\t<\/div>\n\t\t\t\t<\/div>\n\t\t\t\t<div class=\"elementor-element elementor-element-ec89db7 sc_height_large sc_fly_static elementor-widget elementor-widget-spacer\" data-id=\"ec89db7\" data-element_type=\"widget\" data-widget_type=\"spacer.default\">\n\t\t\t\t<div class=\"elementor-widget-container\">\n\t\t\t\t\t\t\t<div class=\"elementor-spacer\">\n\t\t\t<div class=\"elementor-spacer-inner\"><\/div>\n\t\t<\/div>\n\t\t\t\t\t\t<\/div>\n\t\t\t\t<\/div>\n\t\t\t\t\t<\/div>\n\t\t<\/div>\n\t\t\t\t\t<\/div>\n\t\t<\/section>\n\t\t\t\t<\/div>\n\t\t","protected":false},"excerpt":{"rendered":"<p>Nous concevons un projet cl\u00e9 en main selon vos besoins afin que votre d\u00e9m\u00e9nagement se d\u00e9roule sans stress et en toute fluidit\u00e9. Services propos\u00e9s : \u00c9valuation initiale (en ligne ou&hellip;<\/p>\n","protected":false},"author":1,"featured_media":0,"parent":0,"menu_order":0,"comment_status":"closed","ping_status":"closed","template":"","meta":{"footnotes":""},"class_list":["post-24504","page","type-page","status-publish","hentry"],"yoast_head":"<!-- This site is optimized with the Yoast SEO plugin v24.7 - https:\/\/yoast.com\/wordpress\/plugins\/seo\/ -->\n<title>D\u00e9m\u00e9nagements | Ordenamigas - Organisez bureau et maison \u00e0 Majorque<\/title>\n<meta name=\"description\" content=\"Service d\u2019organisation professionnelle pour vos d\u00e9m\u00e9nagements \u00e0 Majorque. Planifiez, emballez et d\u00e9m\u00e9nagez sereinement.\" \/>\n<meta name=\"robots\" content=\"index, follow, max-snippet:-1, max-image-preview:large, max-video-preview:-1\" \/>\n<link rel=\"canonical\" href=\"https:\/\/ordenamigas.es\/fr\/demenagements\/\" \/>\n<meta property=\"og:locale\" content=\"fr_FR\" \/>\n<meta property=\"og:type\" content=\"article\" \/>\n<meta property=\"og:title\" content=\"D\u00e9m\u00e9nagements | Ordenamigas - Organisez bureau et maison \u00e0 Majorque\" \/>\n<meta property=\"og:description\" content=\"Service d\u2019organisation professionnelle pour vos d\u00e9m\u00e9nagements \u00e0 Majorque. Planifiez, emballez et d\u00e9m\u00e9nagez sereinement.\" \/>\n<meta property=\"og:url\" content=\"https:\/\/ordenamigas.es\/fr\/demenagements\/\" \/>\n<meta property=\"og:site_name\" content=\"Ordenamigas\" \/>\n<meta property=\"article:modified_time\" content=\"2025-05-23T06:34:55+00:00\" \/>\n<meta property=\"og:image\" content=\"https:\/\/ordenamigas.es\/wp-content\/uploads\/2022\/11\/flower-1.png\" \/>\n\t<meta property=\"og:image:width\" content=\"315\" \/>\n\t<meta property=\"og:image:height\" content=\"300\" \/>\n\t<meta property=\"og:image:type\" content=\"image\/png\" \/>\n<meta name=\"twitter:card\" content=\"summary_large_image\" \/>\n<meta name=\"twitter:label1\" content=\"Dur\u00e9e de lecture estim\u00e9e\" \/>\n\t<meta name=\"twitter:data1\" content=\"3 minutes\" \/>\n<script type=\"application\/ld+json\" class=\"yoast-schema-graph\">{\"@context\":\"https:\/\/schema.org\",\"@graph\":[{\"@type\":\"WebPage\",\"@id\":\"https:\/\/ordenamigas.es\/fr\/demenagements\/\",\"url\":\"https:\/\/ordenamigas.es\/fr\/demenagements\/\",\"name\":\"D\u00e9m\u00e9nagements | Ordenamigas - Organisez bureau et maison \u00e0 Majorque\",\"isPartOf\":{\"@id\":\"https:\/\/ordenamigas.es\/fr\/#website\"},\"primaryImageOfPage\":{\"@id\":\"https:\/\/ordenamigas.es\/fr\/demenagements\/#primaryimage\"},\"image\":{\"@id\":\"https:\/\/ordenamigas.es\/fr\/demenagements\/#primaryimage\"},\"thumbnailUrl\":\"https:\/\/ordenamigas.es\/wp-content\/uploads\/2022\/11\/flower-1.png\",\"datePublished\":\"2025-04-29T11:32:20+00:00\",\"dateModified\":\"2025-05-23T06:34:55+00:00\",\"description\":\"Service d\u2019organisation professionnelle pour vos d\u00e9m\u00e9nagements \u00e0 Majorque. Planifiez, emballez et d\u00e9m\u00e9nagez sereinement.\",\"breadcrumb\":{\"@id\":\"https:\/\/ordenamigas.es\/fr\/demenagements\/#breadcrumb\"},\"inLanguage\":\"fr-FR\",\"potentialAction\":[{\"@type\":\"ReadAction\",\"target\":[\"https:\/\/ordenamigas.es\/fr\/demenagements\/\"]}]},{\"@type\":\"ImageObject\",\"inLanguage\":\"fr-FR\",\"@id\":\"https:\/\/ordenamigas.es\/fr\/demenagements\/#primaryimage\",\"url\":\"https:\/\/ordenamigas.es\/wp-content\/uploads\/2022\/11\/flower-1.png\",\"contentUrl\":\"https:\/\/ordenamigas.es\/wp-content\/uploads\/2022\/11\/flower-1.png\"},{\"@type\":\"BreadcrumbList\",\"@id\":\"https:\/\/ordenamigas.es\/fr\/demenagements\/#breadcrumb\",\"itemListElement\":[{\"@type\":\"ListItem\",\"position\":1,\"name\":\"Portada\",\"item\":\"https:\/\/ordenamigas.es\/fr\/\"},{\"@type\":\"ListItem\",\"position\":2,\"name\":\"D\u00e9m\u00e9nagements\"}]},{\"@type\":\"WebSite\",\"@id\":\"https:\/\/ordenamigas.es\/fr\/#website\",\"url\":\"https:\/\/ordenamigas.es\/fr\/\",\"name\":\"Ordenamigas\",\"description\":\"Organisez bureau et maison \u00e0 Majorque\",\"publisher\":{\"@id\":\"https:\/\/ordenamigas.es\/fr\/#organization\"},\"potentialAction\":[{\"@type\":\"SearchAction\",\"target\":{\"@type\":\"EntryPoint\",\"urlTemplate\":\"https:\/\/ordenamigas.es\/fr\/?s={search_term_string}\"},\"query-input\":{\"@type\":\"PropertyValueSpecification\",\"valueRequired\":true,\"valueName\":\"search_term_string\"}}],\"inLanguage\":\"fr-FR\"},{\"@type\":\"Organization\",\"@id\":\"https:\/\/ordenamigas.es\/fr\/#organization\",\"name\":\"Ordenamigas\",\"url\":\"https:\/\/ordenamigas.es\/fr\/\",\"logo\":{\"@type\":\"ImageObject\",\"inLanguage\":\"fr-FR\",\"@id\":\"https:\/\/ordenamigas.es\/fr\/#\/schema\/logo\/image\/\",\"url\":\"https:\/\/ordenamigas.es\/wp-content\/uploads\/2025\/03\/logo-horizontal-ordenamigas.png\",\"contentUrl\":\"https:\/\/ordenamigas.es\/wp-content\/uploads\/2025\/03\/logo-horizontal-ordenamigas.png\",\"width\":1092,\"height\":347,\"caption\":\"Ordenamigas\"},\"image\":{\"@id\":\"https:\/\/ordenamigas.es\/fr\/#\/schema\/logo\/image\/\"}}]}<\/script>\n<!-- \/ Yoast SEO plugin. -->","yoast_head_json":{"title":"D\u00e9m\u00e9nagements | Ordenamigas - Organisez bureau et maison \u00e0 Majorque","description":"Service d\u2019organisation professionnelle pour vos d\u00e9m\u00e9nagements \u00e0 Majorque. Planifiez, emballez et d\u00e9m\u00e9nagez sereinement.","robots":{"index":"index","follow":"follow","max-snippet":"max-snippet:-1","max-image-preview":"max-image-preview:large","max-video-preview":"max-video-preview:-1"},"canonical":"https:\/\/ordenamigas.es\/fr\/demenagements\/","og_locale":"fr_FR","og_type":"article","og_title":"D\u00e9m\u00e9nagements | Ordenamigas - Organisez bureau et maison \u00e0 Majorque","og_description":"Service d\u2019organisation professionnelle pour vos d\u00e9m\u00e9nagements \u00e0 Majorque. Planifiez, emballez et d\u00e9m\u00e9nagez sereinement.","og_url":"https:\/\/ordenamigas.es\/fr\/demenagements\/","og_site_name":"Ordenamigas","article_modified_time":"2025-05-23T06:34:55+00:00","og_image":[{"width":315,"height":300,"url":"https:\/\/ordenamigas.es\/wp-content\/uploads\/2022\/11\/flower-1.png","type":"image\/png"}],"twitter_card":"summary_large_image","twitter_misc":{"Dur\u00e9e de lecture estim\u00e9e":"3 minutes"},"schema":{"@context":"https:\/\/schema.org","@graph":[{"@type":"WebPage","@id":"https:\/\/ordenamigas.es\/fr\/demenagements\/","url":"https:\/\/ordenamigas.es\/fr\/demenagements\/","name":"D\u00e9m\u00e9nagements | Ordenamigas - Organisez bureau et maison \u00e0 Majorque","isPartOf":{"@id":"https:\/\/ordenamigas.es\/fr\/#website"},"primaryImageOfPage":{"@id":"https:\/\/ordenamigas.es\/fr\/demenagements\/#primaryimage"},"image":{"@id":"https:\/\/ordenamigas.es\/fr\/demenagements\/#primaryimage"},"thumbnailUrl":"https:\/\/ordenamigas.es\/wp-content\/uploads\/2022\/11\/flower-1.png","datePublished":"2025-04-29T11:32:20+00:00","dateModified":"2025-05-23T06:34:55+00:00","description":"Service d\u2019organisation professionnelle pour vos d\u00e9m\u00e9nagements \u00e0 Majorque. Planifiez, emballez et d\u00e9m\u00e9nagez sereinement.","breadcrumb":{"@id":"https:\/\/ordenamigas.es\/fr\/demenagements\/#breadcrumb"},"inLanguage":"fr-FR","potentialAction":[{"@type":"ReadAction","target":["https:\/\/ordenamigas.es\/fr\/demenagements\/"]}]},{"@type":"ImageObject","inLanguage":"fr-FR","@id":"https:\/\/ordenamigas.es\/fr\/demenagements\/#primaryimage","url":"https:\/\/ordenamigas.es\/wp-content\/uploads\/2022\/11\/flower-1.png","contentUrl":"https:\/\/ordenamigas.es\/wp-content\/uploads\/2022\/11\/flower-1.png"},{"@type":"BreadcrumbList","@id":"https:\/\/ordenamigas.es\/fr\/demenagements\/#breadcrumb","itemListElement":[{"@type":"ListItem","position":1,"name":"Portada","item":"https:\/\/ordenamigas.es\/fr\/"},{"@type":"ListItem","position":2,"name":"D\u00e9m\u00e9nagements"}]},{"@type":"WebSite","@id":"https:\/\/ordenamigas.es\/fr\/#website","url":"https:\/\/ordenamigas.es\/fr\/","name":"Ordenamigas","description":"Organisez bureau et maison \u00e0 Majorque","publisher":{"@id":"https:\/\/ordenamigas.es\/fr\/#organization"},"potentialAction":[{"@type":"SearchAction","target":{"@type":"EntryPoint","urlTemplate":"https:\/\/ordenamigas.es\/fr\/?s={search_term_string}"},"query-input":{"@type":"PropertyValueSpecification","valueRequired":true,"valueName":"search_term_string"}}],"inLanguage":"fr-FR"},{"@type":"Organization","@id":"https:\/\/ordenamigas.es\/fr\/#organization","name":"Ordenamigas","url":"https:\/\/ordenamigas.es\/fr\/","logo":{"@type":"ImageObject","inLanguage":"fr-FR","@id":"https:\/\/ordenamigas.es\/fr\/#\/schema\/logo\/image\/","url":"https:\/\/ordenamigas.es\/wp-content\/uploads\/2025\/03\/logo-horizontal-ordenamigas.png","contentUrl":"https:\/\/ordenamigas.es\/wp-content\/uploads\/2025\/03\/logo-horizontal-ordenamigas.png","width":1092,"height":347,"caption":"Ordenamigas"},"image":{"@id":"https:\/\/ordenamigas.es\/fr\/#\/schema\/logo\/image\/"}}]}},"_links":{"self":[{"href":"https:\/\/ordenamigas.es\/fr\/wp-json\/wp\/v2\/pages\/24504","targetHints":{"allow":["GET"]}}],"collection":[{"href":"https:\/\/ordenamigas.es\/fr\/wp-json\/wp\/v2\/pages"}],"about":[{"href":"https:\/\/ordenamigas.es\/fr\/wp-json\/wp\/v2\/types\/page"}],"author":[{"embeddable":true,"href":"https:\/\/ordenamigas.es\/fr\/wp-json\/wp\/v2\/users\/1"}],"replies":[{"embeddable":true,"href":"https:\/\/ordenamigas.es\/fr\/wp-json\/wp\/v2\/comments?post=24504"}],"version-history":[{"count":21,"href":"https:\/\/ordenamigas.es\/fr\/wp-json\/wp\/v2\/pages\/24504\/revisions"}],"predecessor-version":[{"id":24995,"href":"https:\/\/ordenamigas.es\/fr\/wp-json\/wp\/v2\/pages\/24504\/revisions\/24995"}],"wp:attachment":[{"href":"https:\/\/ordenamigas.es\/fr\/wp-json\/wp\/v2\/media?parent=24504"}],"curies":[{"name":"wp","href":"https:\/\/api.w.org\/{rel}","templated":true}]}}