{"id":24514,"date":"2025-04-29T13:24:04","date_gmt":"2025-04-29T11:24:04","guid":{"rendered":"https:\/\/ordenamigas.es\/asesoria-online\/"},"modified":"2025-05-23T08:35:25","modified_gmt":"2025-05-23T06:35:25","slug":"conseil-en-ligne","status":"publish","type":"page","link":"https:\/\/ordenamigas.es\/fr\/conseil-en-ligne\/","title":{"rendered":"Conseil en ligne"},"content":{"rendered":"\t\t<div data-elementor-type=\"wp-page\" data-elementor-id=\"24514\" class=\"elementor elementor-24514 elementor-22632\">\n\t\t\t\t\t\t<section class=\"elementor-section elementor-top-section elementor-element elementor-element-3176ff5 elementor-section-full_width elementor-section-stretched elementor-section-height-default elementor-section-height-default sc_fly_static\" data-id=\"3176ff5\" data-element_type=\"section\" data-settings=\"{&quot;background_background&quot;:&quot;classic&quot;,&quot;stretch_section&quot;:&quot;section-stretched&quot;}\">\n\t\t\t\t\t\t<div class=\"elementor-container elementor-column-gap-no\">\n\t\t\t\t\t<div class=\"elementor-column elementor-col-100 elementor-top-column elementor-element elementor-element-1bebe5f sc_content_align_inherit sc_layouts_column_icons_position_left sc_fly_static\" data-id=\"1bebe5f\" data-element_type=\"column\">\n\t\t\t<div class=\"elementor-widget-wrap elementor-element-populated\">\n\t\t\t\t\t\t<div class=\"elementor-element elementor-element-e174e39 sc_height_huge sc_fly_static elementor-widget elementor-widget-spacer\" data-id=\"e174e39\" data-element_type=\"widget\" data-widget_type=\"spacer.default\">\n\t\t\t\t<div class=\"elementor-widget-container\">\n\t\t\t\t\t\t\t<div class=\"elementor-spacer\">\n\t\t\t<div class=\"elementor-spacer-inner\"><\/div>\n\t\t<\/div>\n\t\t\t\t\t\t<\/div>\n\t\t\t\t<\/div>\n\t\t\t\t<div data-animation-type=\"block\" class=\"elementor-element elementor-element-814136f elementor-widget__width-initial elementor-absolute animated-slow animation_type_block sc_fly_static elementor-invisible elementor-widget elementor-widget-image\" data-id=\"814136f\" data-element_type=\"widget\" data-settings=\"{&quot;_position&quot;:&quot;absolute&quot;,&quot;_animation&quot;:&quot;etta-fadeinup&quot;,&quot;_animation_delay&quot;:300}\" data-widget_type=\"image.default\">\n\t\t\t\t<div class=\"elementor-widget-container\">\n\t\t\t\t\t\t\t\t\t\t\t\t\t\t\t<img fetchpriority=\"high\" decoding=\"async\" width=\"315\" height=\"300\" src=\"https:\/\/ordenamigas.es\/wp-content\/uploads\/2022\/11\/flower-1.png\" class=\"attachment-full size-full wp-image-18314\" alt=\"\" srcset=\"https:\/\/ordenamigas.es\/wp-content\/uploads\/2022\/11\/flower-1.png 315w, https:\/\/ordenamigas.es\/wp-content\/uploads\/2022\/11\/flower-1-300x286.png 300w\" sizes=\"(max-width: 600px) 100vw, 315px\" \/>\t\t\t\t\t\t\t\t\t\t\t\t\t\t\t<\/div>\n\t\t\t\t<\/div>\n\t\t\t\t<div data-animation-type=\"block\" class=\"elementor-element elementor-element-333cf4a elementor-widget__width-initial elementor-absolute animated-slow animation_type_block sc_fly_static elementor-invisible elementor-widget elementor-widget-image\" data-id=\"333cf4a\" data-element_type=\"widget\" data-settings=\"{&quot;_position&quot;:&quot;absolute&quot;,&quot;_animation&quot;:&quot;etta-fadeinup&quot;,&quot;_animation_delay&quot;:300}\" data-widget_type=\"image.default\">\n\t\t\t\t<div class=\"elementor-widget-container\">\n\t\t\t\t\t\t\t\t\t\t\t\t\t\t\t<img decoding=\"async\" width=\"550\" height=\"600\" src=\"https:\/\/ordenamigas.es\/wp-content\/uploads\/2022\/11\/flower-3.png\" class=\"attachment-full size-full wp-image-18376\" alt=\"\" srcset=\"https:\/\/ordenamigas.es\/wp-content\/uploads\/2022\/11\/flower-3.png 550w, https:\/\/ordenamigas.es\/wp-content\/uploads\/2022\/11\/flower-3-275x300.png 275w, https:\/\/ordenamigas.es\/wp-content\/uploads\/2022\/11\/flower-3-370x404.png 370w, https:\/\/ordenamigas.es\/wp-content\/uploads\/2022\/11\/flower-3-410x447.png 410w\" sizes=\"(max-width: 600px) 100vw, 550px\" \/>\t\t\t\t\t\t\t\t\t\t\t\t\t\t\t<\/div>\n\t\t\t\t<\/div>\n\t\t\t\t<section class=\"elementor-section elementor-inner-section elementor-element elementor-element-30c9c10 elementor-section-boxed elementor-section-height-default elementor-section-height-default sc_fly_static\" data-id=\"30c9c10\" data-element_type=\"section\">\n\t\t\t\t\t\t<div class=\"elementor-container elementor-column-gap-extended\">\n\t\t\t\t\t<div class=\"elementor-column elementor-col-50 elementor-inner-column elementor-element elementor-element-4e1ed29 sc_content_align_inherit sc_layouts_column_icons_position_left sc_fly_static\" data-id=\"4e1ed29\" data-element_type=\"column\">\n\t\t\t<div class=\"elementor-widget-wrap elementor-element-populated\">\n\t\t\t\t\t\t<div class=\"elementor-element elementor-element-a58a33b no-title sc_fly_static elementor-widget elementor-widget-image\" data-id=\"a58a33b\" data-element_type=\"widget\" data-widget_type=\"image.default\">\n\t\t\t\t<div class=\"elementor-widget-container\">\n\t\t\t\t\t\t\t\t\t\t\t\t\t\t\t<img decoding=\"async\" src=\"https:\/\/ordenamigas.es\/wp-content\/uploads\/elementor\/thumbs\/post14-copyright-r3dey2pjgmzh8pcplm6vii6hpumpf37nexzxbryv6u.jpg\" title=\"post14-copyright\" alt=\"post14-copyright\" loading=\"lazy\" \/>\t\t\t\t\t\t\t\t\t\t\t\t\t\t\t<\/div>\n\t\t\t\t<\/div>\n\t\t\t\t<div class=\"elementor-element elementor-element-09c837e sc_fly_static elementor-widget elementor-widget-spacer\" data-id=\"09c837e\" data-element_type=\"widget\" data-widget_type=\"spacer.default\">\n\t\t\t\t<div class=\"elementor-widget-container\">\n\t\t\t\t\t\t\t<div class=\"elementor-spacer\">\n\t\t\t<div class=\"elementor-spacer-inner\"><\/div>\n\t\t<\/div>\n\t\t\t\t\t\t<\/div>\n\t\t\t\t<\/div>\n\t\t\t\t<div class=\"elementor-element elementor-element-725750f sc_fly_static elementor-widget elementor-widget-image\" data-id=\"725750f\" data-element_type=\"widget\" data-widget_type=\"image.default\">\n\t\t\t\t<div class=\"elementor-widget-container\">\n\t\t\t\t\t\t\t\t\t\t\t\t\t\t\t<img decoding=\"async\" src=\"https:\/\/ordenamigas.es\/wp-content\/uploads\/elementor\/thumbs\/asesoria-online-scaled-r66rvguvo4ekv87t4noshe79k95riigmlftrvt784m.jpg\" title=\"hands with laptop and papers at office table\" alt=\"Asesoria Online\" loading=\"lazy\" \/>\t\t\t\t\t\t\t\t\t\t\t\t\t\t\t<\/div>\n\t\t\t\t<\/div>\n\t\t\t\t<div class=\"elementor-element elementor-element-e87b3a7 sc_fly_static elementor-widget elementor-widget-spacer\" data-id=\"e87b3a7\" data-element_type=\"widget\" data-widget_type=\"spacer.default\">\n\t\t\t\t<div class=\"elementor-widget-container\">\n\t\t\t\t\t\t\t<div class=\"elementor-spacer\">\n\t\t\t<div class=\"elementor-spacer-inner\"><\/div>\n\t\t<\/div>\n\t\t\t\t\t\t<\/div>\n\t\t\t\t<\/div>\n\t\t\t\t\t<\/div>\n\t\t<\/div>\n\t\t\t\t<div class=\"elementor-column elementor-col-50 elementor-inner-column elementor-element elementor-element-89b84d3 sc_content_align_inherit sc_layouts_column_icons_position_left sc_fly_static\" data-id=\"89b84d3\" data-element_type=\"column\">\n\t\t\t<div class=\"elementor-widget-wrap elementor-element-populated\">\n\t\t\t\t\t\t<div class=\"elementor-element elementor-element-553d813 sc_fly_static elementor-widget elementor-widget-spacer\" data-id=\"553d813\" data-element_type=\"widget\" data-widget_type=\"spacer.default\">\n\t\t\t\t<div class=\"elementor-widget-container\">\n\t\t\t\t\t\t\t<div class=\"elementor-spacer\">\n\t\t\t<div class=\"elementor-spacer-inner\"><\/div>\n\t\t<\/div>\n\t\t\t\t\t\t<\/div>\n\t\t\t\t<\/div>\n\t\t\t\t<div class=\"elementor-element elementor-element-297f2a7 sc_fly_static elementor-widget elementor-widget-text-editor\" data-id=\"297f2a7\" data-element_type=\"widget\" data-widget_type=\"text-editor.default\">\n\t\t\t\t<div class=\"elementor-widget-container\">\n\t\t\t\t\t\t\t\t\t<div class=\"elementor-element elementor-element-4e58d9d sc_fly_static elementor-widget elementor-widget-text-editor trx_addons_parallax_layers_inited trx_addons_parallax_blocks_inited\" data-id=\"4e58d9d\" data-element_type=\"widget\" data-widget_type=\"text-editor.default\">\n<div class=\"elementor-widget-container\">\n<div class=\"elementor-element elementor-element-4e58d9d sc_fly_static elementor-widget elementor-widget-text-editor trx_addons_parallax_layers_inited trx_addons_parallax_blocks_inited\" data-id=\"4e58d9d\" data-element_type=\"widget\" data-widget_type=\"text-editor.default\">\n<div class=\"elementor-widget-container\">\n<p style=\"text-align: left;\"><strong>Reprenez le contr\u00f4le de votre maison, o\u00f9 que vous soyez.<\/strong> <strong>Votre maison est en d\u00e9sordre et vous ne savez pas par o\u00f9 commencer ?<\/strong> Si vous avez l\u2019impression que le chaos a envahi votre domicile, que vous accumulez des objets sans raison ou que vous avez simplement besoin d\u2019aide pour mieux organiser vos espaces, je suis l\u00e0 pour vous aider !<\/p>\n<p style=\"text-align: left;\">Avec cette session personnalis\u00e9e de <strong>consultation en ligne de 2 heures<\/strong>, vous apprendrez \u00e0 ranger votre maison de fa\u00e7on pratique et efficace, <strong>en m\u2019adaptant \u00e0 votre rythme et \u00e0 vos besoins.<\/strong> Durant la premi\u00e8re heure, nous nous concentrerons sur la discussion des photos et vid\u00e9os partag\u00e9es, et une fois la situation analys\u00e9e, nous entamerons la deuxi\u00e8me heure o\u00f9 nous prendrons des d\u00e9cisions bas\u00e9es sur cette \u00e9tude.<\/p>\n<p style=\"text-align: left;\"><strong>Comment \u00e7a fonctionne ?<\/strong><\/p>\n\n<ul>\n \t<li>Envoi de photos et vid\u00e9os pour \u00e9valuation.<\/li>\n \t<li>Projet personnalis\u00e9 avec liste de mat\u00e9riaux.<\/li>\n \t<li>Session en ligne d\u2019une autre heure pour pr\u00e9senter le projet.<\/li>\n<\/ul>\n<strong>Pack complet :<\/strong> 90\u20ac.<br>\n<strong>Heures suppl\u00e9mentaires :<\/strong> 25\u20ac.\n\nNous vous aiderons \u00e0 :\n<ul>\n \t<li>Cr\u00e9er des <strong>routines de rangement et de nettoyage<\/strong>.<\/li>\n \t<li>R\u00e9soudre les probl\u00e8mes de <strong>d\u00e9sordre et d\u2019accumulation<\/strong>.<\/li>\n \t<li><strong>G\u00e9rer le temps<\/strong> pour maintenir l\u2019ordre.<\/li>\n \t<li><strong>Travailler le d\u00e9tachement<\/strong> et prendre des d\u00e9cisions sur ce qu\u2019il faut garder.<\/li>\n \t<li><strong>Planifier les placards<\/strong> et organiser les espaces.<\/li>\n<\/ul>\n<p style=\"text-align: left;\"><strong>Avantages de la consultation en ligne<\/strong><\/p>\n\n<ul>\n \t<li><strong>Rangez \u00e0 votre rythme<\/strong> avec le guide d\u2019une organisatrice professionnelle.<\/li>\n \t<li><strong>Optimisez vos espaces<\/strong> avec des solutions pratiques et fonctionnelles.<\/li>\n \t<li><strong>Apprenez \u00e0 l\u00e2cher prise sur ce dont vous n\u2019avez pas besoin<\/strong> et \u00e9vitez l\u2019accumulation.<\/li>\n \t<li><strong>R\u00e9duisez le stress<\/strong> en vivant dans une maison organis\u00e9e et harmonieuse.<\/li>\n<\/ul>\n<p style=\"text-align: left;\"><strong>Commencez d\u00e8s aujourd\u2019hui !<\/strong><br> Achetez les sessions dont vous avez besoin et avancez \u00e0 votre propre rythme. R\u00e9servez votre session maintenant et faites le premier pas vers une maison en ordre.<\/p>\n\n<\/div>\n<\/div>\n<\/div>\n<\/div>\n\t\t\t\t\t\t\t\t<\/div>\n\t\t\t\t<\/div>\n\t\t\t\t<div class=\"elementor-element elementor-element-bcb5a38 sc_height_small sc_fly_static elementor-widget elementor-widget-spacer\" data-id=\"bcb5a38\" data-element_type=\"widget\" data-widget_type=\"spacer.default\">\n\t\t\t\t<div class=\"elementor-widget-container\">\n\t\t\t\t\t\t\t<div class=\"elementor-spacer\">\n\t\t\t<div class=\"elementor-spacer-inner\"><\/div>\n\t\t<\/div>\n\t\t\t\t\t\t<\/div>\n\t\t\t\t<\/div>\n\t\t\t\t\t<\/div>\n\t\t<\/div>\n\t\t\t\t\t<\/div>\n\t\t<\/section>\n\t\t\t\t\t<\/div>\n\t\t<\/div>\n\t\t\t\t\t<\/div>\n\t\t<\/section>\n\t\t\t\t<section class=\"elementor-section elementor-top-section elementor-element elementor-element-9278e89 elementor-section-content-bottom scheme_dark elementor-section-stretched elementor-section-boxed elementor-section-height-default elementor-section-height-default sc_fly_static\" data-id=\"9278e89\" data-element_type=\"section\" data-settings=\"{&quot;background_background&quot;:&quot;classic&quot;,&quot;stretch_section&quot;:&quot;section-stretched&quot;}\">\n\t\t\t\t\t\t\t<div class=\"elementor-background-overlay\"><\/div>\n\t\t\t\t\t\t\t<div class=\"elementor-container elementor-column-gap-no\">\n\t\t\t\t\t<div class=\"elementor-column elementor-col-50 elementor-top-column elementor-element elementor-element-70a2b6a sc-mobile_content_align_inherit sc_content_align_inherit sc_layouts_column_icons_position_left sc_fly_static\" data-id=\"70a2b6a\" data-element_type=\"column\">\n\t\t\t<div class=\"elementor-widget-wrap elementor-element-populated\">\n\t\t\t\t\t\t<div class=\"elementor-element elementor-element-8e7fc8d sc_height_huge sc_fly_static elementor-widget elementor-widget-spacer\" data-id=\"8e7fc8d\" data-element_type=\"widget\" data-widget_type=\"spacer.default\">\n\t\t\t\t<div class=\"elementor-widget-container\">\n\t\t\t\t\t\t\t<div class=\"elementor-spacer\">\n\t\t\t<div class=\"elementor-spacer-inner\"><\/div>\n\t\t<\/div>\n\t\t\t\t\t\t<\/div>\n\t\t\t\t<\/div>\n\t\t\t\t<div class=\"elementor-element elementor-element-f5b5f81 sc_fly_static elementor-widget elementor-widget-trx_sc_title\" data-id=\"f5b5f81\" data-element_type=\"widget\" data-widget_type=\"trx_sc_title.default\">\n\t\t\t\t<div class=\"elementor-widget-container\">\n\t\t\t\t\t<div\t\tclass=\"sc_title sc_title_default\" ><h2 class=\"sc_item_title sc_title_title sc_item_title_style_default sc_typed\"\n\t\t\t><span class=\"sc_item_title_text\">Pr\u00eat \u00e0 vous transformer gr\u00e2ce \u00e0 l'ordre ?<\/span><\/h2><\/div>\t\t\t\t<\/div>\n\t\t\t\t<\/div>\n\t\t\t\t<div class=\"elementor-element elementor-element-d07ba95 sc_height_large sc_layouts_hide_on_mobile sc_fly_static elementor-widget elementor-widget-spacer\" data-id=\"d07ba95\" data-element_type=\"widget\" data-widget_type=\"spacer.default\">\n\t\t\t\t<div class=\"elementor-widget-container\">\n\t\t\t\t\t\t\t<div class=\"elementor-spacer\">\n\t\t\t<div class=\"elementor-spacer-inner\"><\/div>\n\t\t<\/div>\n\t\t\t\t\t\t<\/div>\n\t\t\t\t<\/div>\n\t\t\t\t\t<\/div>\n\t\t<\/div>\n\t\t\t\t<div class=\"elementor-column elementor-col-50 elementor-top-column elementor-element elementor-element-994ecf7 sc_layouts_column_align_right sc_layouts_column sc-mobile_layouts_column_align_left sc_layouts_column sc_content_align_inherit sc_layouts_column_icons_position_left sc_fly_static\" data-id=\"994ecf7\" data-element_type=\"column\">\n\t\t\t<div class=\"elementor-widget-wrap elementor-element-populated\">\n\t\t\t\t\t\t<div class=\"elementor-element elementor-element-f077577 sc_layouts_hide_on_wide sc_layouts_hide_on_desktop sc_layouts_hide_on_notebook sc_layouts_hide_on_tablet sc_fly_static elementor-widget elementor-widget-spacer\" data-id=\"f077577\" data-element_type=\"widget\" data-widget_type=\"spacer.default\">\n\t\t\t\t<div class=\"elementor-widget-container\">\n\t\t\t\t\t\t\t<div class=\"elementor-spacer\">\n\t\t\t<div class=\"elementor-spacer-inner\"><\/div>\n\t\t<\/div>\n\t\t\t\t\t\t<\/div>\n\t\t\t\t<\/div>\n\t\t\t\t<div class=\"elementor-element elementor-element-a7acf59 sc_fly_static elementor-widget elementor-widget-trx_sc_button\" data-id=\"a7acf59\" data-element_type=\"widget\" data-widget_type=\"trx_sc_button.default\">\n\t\t\t\t<div class=\"elementor-widget-container\">\n\t\t\t\t\t<div\tclass=\"sc_item_button sc_button_wrap\" ><a href=\"https:\/\/ordenamigas.es\/fr\/contact\/\" class=\"sc_button sc_button_bordered sc_button_size_small sc_button_icon_left color_style_dark\" ><span class=\"sc_button_text\"><span class=\"sc_button_title\">Je commence \u00e0 changer maintenant<\/span><\/span><\/a><\/div>\t\t\t\t<\/div>\n\t\t\t\t<\/div>\n\t\t\t\t<div class=\"elementor-element elementor-element-80d7d1a sc_layouts_hide_on_tablet sc_layouts_hide_on_mobile sc_fly_static elementor-widget elementor-widget-spacer\" data-id=\"80d7d1a\" data-element_type=\"widget\" data-widget_type=\"spacer.default\">\n\t\t\t\t<div class=\"elementor-widget-container\">\n\t\t\t\t\t\t\t<div class=\"elementor-spacer\">\n\t\t\t<div class=\"elementor-spacer-inner\"><\/div>\n\t\t<\/div>\n\t\t\t\t\t\t<\/div>\n\t\t\t\t<\/div>\n\t\t\t\t<div class=\"elementor-element elementor-element-e0ae678 sc_height_large sc_fly_static elementor-widget elementor-widget-spacer\" data-id=\"e0ae678\" data-element_type=\"widget\" data-widget_type=\"spacer.default\">\n\t\t\t\t<div class=\"elementor-widget-container\">\n\t\t\t\t\t\t\t<div class=\"elementor-spacer\">\n\t\t\t<div class=\"elementor-spacer-inner\"><\/div>\n\t\t<\/div>\n\t\t\t\t\t\t<\/div>\n\t\t\t\t<\/div>\n\t\t\t\t\t<\/div>\n\t\t<\/div>\n\t\t\t\t\t<\/div>\n\t\t<\/section>\n\t\t\t\t<\/div>\n\t\t","protected":false},"excerpt":{"rendered":"<p>Reprenez le contr\u00f4le de votre maison, o\u00f9 que vous soyez. Votre maison est en d\u00e9sordre et vous ne savez pas par o\u00f9 commencer ? Si vous avez l\u2019impression que le&hellip;<\/p>\n","protected":false},"author":1,"featured_media":0,"parent":0,"menu_order":0,"comment_status":"closed","ping_status":"closed","template":"","meta":{"footnotes":""},"class_list":["post-24514","page","type-page","status-publish","hentry"],"yoast_head":"<!-- This site is optimized with the Yoast SEO plugin v24.7 - https:\/\/yoast.com\/wordpress\/plugins\/seo\/ -->\n<title>Conseil en ligne | Ordenamigas - Organisez bureau et maison \u00e0 Majorque<\/title>\n<meta name=\"description\" content=\"R\u00e9servez votre conseil en organisation en ligne pour des solutions sur mesure, simples et efficaces, adapt\u00e9es \u00e0 votre int\u00e9rieur.\" \/>\n<meta name=\"robots\" content=\"index, follow, max-snippet:-1, max-image-preview:large, max-video-preview:-1\" \/>\n<link rel=\"canonical\" href=\"https:\/\/ordenamigas.es\/fr\/conseil-en-ligne\/\" \/>\n<meta property=\"og:locale\" content=\"fr_FR\" \/>\n<meta property=\"og:type\" content=\"article\" \/>\n<meta property=\"og:title\" content=\"Conseil en ligne | Ordenamigas - Organisez bureau et maison \u00e0 Majorque\" \/>\n<meta property=\"og:description\" content=\"R\u00e9servez votre conseil en organisation en ligne pour des solutions sur mesure, simples et efficaces, adapt\u00e9es \u00e0 votre int\u00e9rieur.\" \/>\n<meta property=\"og:url\" content=\"https:\/\/ordenamigas.es\/fr\/conseil-en-ligne\/\" \/>\n<meta property=\"og:site_name\" content=\"Ordenamigas\" \/>\n<meta property=\"article:modified_time\" content=\"2025-05-23T06:35:25+00:00\" \/>\n<meta property=\"og:image\" content=\"https:\/\/ordenamigas.es\/wp-content\/uploads\/2022\/11\/flower-1.png\" \/>\n\t<meta property=\"og:image:width\" content=\"315\" \/>\n\t<meta property=\"og:image:height\" content=\"300\" \/>\n\t<meta property=\"og:image:type\" content=\"image\/png\" \/>\n<meta name=\"twitter:card\" content=\"summary_large_image\" \/>\n<meta name=\"twitter:label1\" content=\"Dur\u00e9e de lecture estim\u00e9e\" \/>\n\t<meta name=\"twitter:data1\" content=\"6 minutes\" \/>\n<script type=\"application\/ld+json\" class=\"yoast-schema-graph\">{\"@context\":\"https:\/\/schema.org\",\"@graph\":[{\"@type\":\"WebPage\",\"@id\":\"https:\/\/ordenamigas.es\/fr\/conseil-en-ligne\/\",\"url\":\"https:\/\/ordenamigas.es\/fr\/conseil-en-ligne\/\",\"name\":\"Conseil en ligne | Ordenamigas - Organisez bureau et maison \u00e0 Majorque\",\"isPartOf\":{\"@id\":\"https:\/\/ordenamigas.es\/fr\/#website\"},\"primaryImageOfPage\":{\"@id\":\"https:\/\/ordenamigas.es\/fr\/conseil-en-ligne\/#primaryimage\"},\"image\":{\"@id\":\"https:\/\/ordenamigas.es\/fr\/conseil-en-ligne\/#primaryimage\"},\"thumbnailUrl\":\"https:\/\/ordenamigas.es\/wp-content\/uploads\/2022\/11\/flower-1.png\",\"datePublished\":\"2025-04-29T11:24:04+00:00\",\"dateModified\":\"2025-05-23T06:35:25+00:00\",\"description\":\"R\u00e9servez votre conseil en organisation en ligne pour des solutions sur mesure, simples et efficaces, adapt\u00e9es \u00e0 votre int\u00e9rieur.\",\"breadcrumb\":{\"@id\":\"https:\/\/ordenamigas.es\/fr\/conseil-en-ligne\/#breadcrumb\"},\"inLanguage\":\"fr-FR\",\"potentialAction\":[{\"@type\":\"ReadAction\",\"target\":[\"https:\/\/ordenamigas.es\/fr\/conseil-en-ligne\/\"]}]},{\"@type\":\"ImageObject\",\"inLanguage\":\"fr-FR\",\"@id\":\"https:\/\/ordenamigas.es\/fr\/conseil-en-ligne\/#primaryimage\",\"url\":\"https:\/\/ordenamigas.es\/wp-content\/uploads\/2022\/11\/flower-1.png\",\"contentUrl\":\"https:\/\/ordenamigas.es\/wp-content\/uploads\/2022\/11\/flower-1.png\"},{\"@type\":\"BreadcrumbList\",\"@id\":\"https:\/\/ordenamigas.es\/fr\/conseil-en-ligne\/#breadcrumb\",\"itemListElement\":[{\"@type\":\"ListItem\",\"position\":1,\"name\":\"Portada\",\"item\":\"https:\/\/ordenamigas.es\/fr\/\"},{\"@type\":\"ListItem\",\"position\":2,\"name\":\"Conseil en ligne\"}]},{\"@type\":\"WebSite\",\"@id\":\"https:\/\/ordenamigas.es\/fr\/#website\",\"url\":\"https:\/\/ordenamigas.es\/fr\/\",\"name\":\"Ordenamigas\",\"description\":\"Organisez bureau et maison \u00e0 Majorque\",\"publisher\":{\"@id\":\"https:\/\/ordenamigas.es\/fr\/#organization\"},\"potentialAction\":[{\"@type\":\"SearchAction\",\"target\":{\"@type\":\"EntryPoint\",\"urlTemplate\":\"https:\/\/ordenamigas.es\/fr\/?s={search_term_string}\"},\"query-input\":{\"@type\":\"PropertyValueSpecification\",\"valueRequired\":true,\"valueName\":\"search_term_string\"}}],\"inLanguage\":\"fr-FR\"},{\"@type\":\"Organization\",\"@id\":\"https:\/\/ordenamigas.es\/fr\/#organization\",\"name\":\"Ordenamigas\",\"url\":\"https:\/\/ordenamigas.es\/fr\/\",\"logo\":{\"@type\":\"ImageObject\",\"inLanguage\":\"fr-FR\",\"@id\":\"https:\/\/ordenamigas.es\/fr\/#\/schema\/logo\/image\/\",\"url\":\"https:\/\/ordenamigas.es\/wp-content\/uploads\/2025\/03\/logo-horizontal-ordenamigas.png\",\"contentUrl\":\"https:\/\/ordenamigas.es\/wp-content\/uploads\/2025\/03\/logo-horizontal-ordenamigas.png\",\"width\":1092,\"height\":347,\"caption\":\"Ordenamigas\"},\"image\":{\"@id\":\"https:\/\/ordenamigas.es\/fr\/#\/schema\/logo\/image\/\"}}]}<\/script>\n<!-- \/ Yoast SEO plugin. -->","yoast_head_json":{"title":"Conseil en ligne | Ordenamigas - Organisez bureau et maison \u00e0 Majorque","description":"R\u00e9servez votre conseil en organisation en ligne pour des solutions sur mesure, simples et efficaces, adapt\u00e9es \u00e0 votre int\u00e9rieur.","robots":{"index":"index","follow":"follow","max-snippet":"max-snippet:-1","max-image-preview":"max-image-preview:large","max-video-preview":"max-video-preview:-1"},"canonical":"https:\/\/ordenamigas.es\/fr\/conseil-en-ligne\/","og_locale":"fr_FR","og_type":"article","og_title":"Conseil en ligne | Ordenamigas - Organisez bureau et maison \u00e0 Majorque","og_description":"R\u00e9servez votre conseil en organisation en ligne pour des solutions sur mesure, simples et efficaces, adapt\u00e9es \u00e0 votre int\u00e9rieur.","og_url":"https:\/\/ordenamigas.es\/fr\/conseil-en-ligne\/","og_site_name":"Ordenamigas","article_modified_time":"2025-05-23T06:35:25+00:00","og_image":[{"width":315,"height":300,"url":"https:\/\/ordenamigas.es\/wp-content\/uploads\/2022\/11\/flower-1.png","type":"image\/png"}],"twitter_card":"summary_large_image","twitter_misc":{"Dur\u00e9e de lecture estim\u00e9e":"6 minutes"},"schema":{"@context":"https:\/\/schema.org","@graph":[{"@type":"WebPage","@id":"https:\/\/ordenamigas.es\/fr\/conseil-en-ligne\/","url":"https:\/\/ordenamigas.es\/fr\/conseil-en-ligne\/","name":"Conseil en ligne | Ordenamigas - Organisez bureau et maison \u00e0 Majorque","isPartOf":{"@id":"https:\/\/ordenamigas.es\/fr\/#website"},"primaryImageOfPage":{"@id":"https:\/\/ordenamigas.es\/fr\/conseil-en-ligne\/#primaryimage"},"image":{"@id":"https:\/\/ordenamigas.es\/fr\/conseil-en-ligne\/#primaryimage"},"thumbnailUrl":"https:\/\/ordenamigas.es\/wp-content\/uploads\/2022\/11\/flower-1.png","datePublished":"2025-04-29T11:24:04+00:00","dateModified":"2025-05-23T06:35:25+00:00","description":"R\u00e9servez votre conseil en organisation en ligne pour des solutions sur mesure, simples et efficaces, adapt\u00e9es \u00e0 votre int\u00e9rieur.","breadcrumb":{"@id":"https:\/\/ordenamigas.es\/fr\/conseil-en-ligne\/#breadcrumb"},"inLanguage":"fr-FR","potentialAction":[{"@type":"ReadAction","target":["https:\/\/ordenamigas.es\/fr\/conseil-en-ligne\/"]}]},{"@type":"ImageObject","inLanguage":"fr-FR","@id":"https:\/\/ordenamigas.es\/fr\/conseil-en-ligne\/#primaryimage","url":"https:\/\/ordenamigas.es\/wp-content\/uploads\/2022\/11\/flower-1.png","contentUrl":"https:\/\/ordenamigas.es\/wp-content\/uploads\/2022\/11\/flower-1.png"},{"@type":"BreadcrumbList","@id":"https:\/\/ordenamigas.es\/fr\/conseil-en-ligne\/#breadcrumb","itemListElement":[{"@type":"ListItem","position":1,"name":"Portada","item":"https:\/\/ordenamigas.es\/fr\/"},{"@type":"ListItem","position":2,"name":"Conseil en ligne"}]},{"@type":"WebSite","@id":"https:\/\/ordenamigas.es\/fr\/#website","url":"https:\/\/ordenamigas.es\/fr\/","name":"Ordenamigas","description":"Organisez bureau et maison \u00e0 Majorque","publisher":{"@id":"https:\/\/ordenamigas.es\/fr\/#organization"},"potentialAction":[{"@type":"SearchAction","target":{"@type":"EntryPoint","urlTemplate":"https:\/\/ordenamigas.es\/fr\/?s={search_term_string}"},"query-input":{"@type":"PropertyValueSpecification","valueRequired":true,"valueName":"search_term_string"}}],"inLanguage":"fr-FR"},{"@type":"Organization","@id":"https:\/\/ordenamigas.es\/fr\/#organization","name":"Ordenamigas","url":"https:\/\/ordenamigas.es\/fr\/","logo":{"@type":"ImageObject","inLanguage":"fr-FR","@id":"https:\/\/ordenamigas.es\/fr\/#\/schema\/logo\/image\/","url":"https:\/\/ordenamigas.es\/wp-content\/uploads\/2025\/03\/logo-horizontal-ordenamigas.png","contentUrl":"https:\/\/ordenamigas.es\/wp-content\/uploads\/2025\/03\/logo-horizontal-ordenamigas.png","width":1092,"height":347,"caption":"Ordenamigas"},"image":{"@id":"https:\/\/ordenamigas.es\/fr\/#\/schema\/logo\/image\/"}}]}},"_links":{"self":[{"href":"https:\/\/ordenamigas.es\/fr\/wp-json\/wp\/v2\/pages\/24514","targetHints":{"allow":["GET"]}}],"collection":[{"href":"https:\/\/ordenamigas.es\/fr\/wp-json\/wp\/v2\/pages"}],"about":[{"href":"https:\/\/ordenamigas.es\/fr\/wp-json\/wp\/v2\/types\/page"}],"author":[{"embeddable":true,"href":"https:\/\/ordenamigas.es\/fr\/wp-json\/wp\/v2\/users\/1"}],"replies":[{"embeddable":true,"href":"https:\/\/ordenamigas.es\/fr\/wp-json\/wp\/v2\/comments?post=24514"}],"version-history":[{"count":21,"href":"https:\/\/ordenamigas.es\/fr\/wp-json\/wp\/v2\/pages\/24514\/revisions"}],"predecessor-version":[{"id":24998,"href":"https:\/\/ordenamigas.es\/fr\/wp-json\/wp\/v2\/pages\/24514\/revisions\/24998"}],"wp:attachment":[{"href":"https:\/\/ordenamigas.es\/fr\/wp-json\/wp\/v2\/media?parent=24514"}],"curies":[{"name":"wp","href":"https:\/\/api.w.org\/{rel}","templated":true}]}}