{"id":24524,"date":"2025-04-29T13:29:01","date_gmt":"2025-04-29T11:29:01","guid":{"rendered":"https:\/\/ordenamigas.es\/presencial-en-hogares\/"},"modified":"2025-08-18T11:56:41","modified_gmt":"2025-08-18T09:56:41","slug":"face-a-face-dans-les-foyers","status":"publish","type":"page","link":"https:\/\/ordenamigas.es\/fr\/face-a-face-dans-les-foyers\/","title":{"rendered":"Face \u00e0 face dans les foyers"},"content":{"rendered":"\t\t<div data-elementor-type=\"wp-page\" data-elementor-id=\"24524\" class=\"elementor elementor-24524 elementor-22638\">\n\t\t\t\t\t\t<section class=\"elementor-section elementor-top-section elementor-element elementor-element-3176ff5 elementor-section-full_width elementor-section-stretched elementor-section-height-default elementor-section-height-default sc_fly_static\" data-id=\"3176ff5\" data-element_type=\"section\" data-settings=\"{&quot;background_background&quot;:&quot;classic&quot;,&quot;stretch_section&quot;:&quot;section-stretched&quot;}\">\n\t\t\t\t\t\t<div class=\"elementor-container elementor-column-gap-no\">\n\t\t\t\t\t<div class=\"elementor-column elementor-col-100 elementor-top-column elementor-element elementor-element-1bebe5f sc_content_align_inherit sc_layouts_column_icons_position_left sc_fly_static\" data-id=\"1bebe5f\" data-element_type=\"column\">\n\t\t\t<div class=\"elementor-widget-wrap elementor-element-populated\">\n\t\t\t\t\t\t<div class=\"elementor-element elementor-element-e174e39 sc_height_huge sc_fly_static elementor-widget elementor-widget-spacer\" data-id=\"e174e39\" data-element_type=\"widget\" data-widget_type=\"spacer.default\">\n\t\t\t\t<div class=\"elementor-widget-container\">\n\t\t\t\t\t\t\t<div class=\"elementor-spacer\">\n\t\t\t<div class=\"elementor-spacer-inner\"><\/div>\n\t\t<\/div>\n\t\t\t\t\t\t<\/div>\n\t\t\t\t<\/div>\n\t\t\t\t<div data-animation-type=\"block\" class=\"elementor-element elementor-element-814136f elementor-widget__width-initial elementor-absolute animated-slow animation_type_block sc_fly_static elementor-invisible elementor-widget elementor-widget-image\" data-id=\"814136f\" data-element_type=\"widget\" data-settings=\"{&quot;_position&quot;:&quot;absolute&quot;,&quot;_animation&quot;:&quot;etta-fadeinup&quot;,&quot;_animation_delay&quot;:300}\" data-widget_type=\"image.default\">\n\t\t\t\t<div class=\"elementor-widget-container\">\n\t\t\t\t\t\t\t\t\t\t\t\t\t\t\t<img fetchpriority=\"high\" decoding=\"async\" width=\"315\" height=\"300\" src=\"https:\/\/ordenamigas.es\/wp-content\/uploads\/2022\/11\/flower-1.png\" class=\"attachment-full size-full wp-image-18314\" alt=\"\" srcset=\"https:\/\/ordenamigas.es\/wp-content\/uploads\/2022\/11\/flower-1.png 315w, https:\/\/ordenamigas.es\/wp-content\/uploads\/2022\/11\/flower-1-300x286.png 300w\" sizes=\"(max-width: 600px) 100vw, 315px\" \/>\t\t\t\t\t\t\t\t\t\t\t\t\t\t\t<\/div>\n\t\t\t\t<\/div>\n\t\t\t\t<div data-animation-type=\"block\" class=\"elementor-element elementor-element-333cf4a elementor-widget__width-initial elementor-absolute animated-slow animation_type_block sc_fly_static elementor-invisible elementor-widget elementor-widget-image\" data-id=\"333cf4a\" data-element_type=\"widget\" data-settings=\"{&quot;_position&quot;:&quot;absolute&quot;,&quot;_animation&quot;:&quot;etta-fadeinup&quot;,&quot;_animation_delay&quot;:300}\" data-widget_type=\"image.default\">\n\t\t\t\t<div class=\"elementor-widget-container\">\n\t\t\t\t\t\t\t\t\t\t\t\t\t\t\t<img decoding=\"async\" width=\"550\" height=\"600\" src=\"https:\/\/ordenamigas.es\/wp-content\/uploads\/2022\/11\/flower-3.png\" class=\"attachment-full size-full wp-image-18376\" alt=\"\" srcset=\"https:\/\/ordenamigas.es\/wp-content\/uploads\/2022\/11\/flower-3.png 550w, https:\/\/ordenamigas.es\/wp-content\/uploads\/2022\/11\/flower-3-275x300.png 275w, https:\/\/ordenamigas.es\/wp-content\/uploads\/2022\/11\/flower-3-370x404.png 370w, https:\/\/ordenamigas.es\/wp-content\/uploads\/2022\/11\/flower-3-410x447.png 410w\" sizes=\"(max-width: 600px) 100vw, 550px\" \/>\t\t\t\t\t\t\t\t\t\t\t\t\t\t\t<\/div>\n\t\t\t\t<\/div>\n\t\t\t\t<section class=\"elementor-section elementor-inner-section elementor-element elementor-element-30c9c10 elementor-section-boxed elementor-section-height-default elementor-section-height-default sc_fly_static\" data-id=\"30c9c10\" data-element_type=\"section\">\n\t\t\t\t\t\t<div class=\"elementor-container elementor-column-gap-extended\">\n\t\t\t\t\t<div class=\"elementor-column elementor-col-50 elementor-inner-column elementor-element elementor-element-4e1ed29 sc_content_align_inherit sc_layouts_column_icons_position_left sc_fly_static\" data-id=\"4e1ed29\" data-element_type=\"column\">\n\t\t\t<div class=\"elementor-widget-wrap elementor-element-populated\">\n\t\t\t\t\t\t<div class=\"elementor-element elementor-element-a58a33b no-title sc_fly_static elementor-widget elementor-widget-image\" data-id=\"a58a33b\" data-element_type=\"widget\" data-widget_type=\"image.default\">\n\t\t\t\t<div class=\"elementor-widget-container\">\n\t\t\t\t\t\t\t\t\t\t\t\t\t\t\t<img decoding=\"async\" width=\"1333\" height=\"1999\" src=\"https:\/\/ordenamigas.es\/wp-content\/uploads\/2025\/05\/presencial-hogares.jpg\" class=\"attachment-full size-full wp-image-24827\" alt=\"Presencial Hogares\" srcset=\"https:\/\/ordenamigas.es\/wp-content\/uploads\/2025\/05\/presencial-hogares.jpg 1333w, https:\/\/ordenamigas.es\/wp-content\/uploads\/2025\/05\/presencial-hogares-200x300.jpg 200w, https:\/\/ordenamigas.es\/wp-content\/uploads\/2025\/05\/presencial-hogares-683x1024.jpg 683w, https:\/\/ordenamigas.es\/wp-content\/uploads\/2025\/05\/presencial-hogares-768x1152.jpg 768w, https:\/\/ordenamigas.es\/wp-content\/uploads\/2025\/05\/presencial-hogares-1024x1536.jpg 1024w, https:\/\/ordenamigas.es\/wp-content\/uploads\/2025\/05\/presencial-hogares-370x555.jpg 370w, https:\/\/ordenamigas.es\/wp-content\/uploads\/2025\/05\/presencial-hogares-840x1260.jpg 840w, https:\/\/ordenamigas.es\/wp-content\/uploads\/2025\/05\/presencial-hogares-410x615.jpg 410w\" sizes=\"(max-width: 1333px) 100vw, 1333px\" \/>\t\t\t\t\t\t\t\t\t\t\t\t\t\t\t<\/div>\n\t\t\t\t<\/div>\n\t\t\t\t<div class=\"elementor-element elementor-element-5a9fcdf sc_fly_static elementor-widget elementor-widget-spacer\" data-id=\"5a9fcdf\" data-element_type=\"widget\" data-widget_type=\"spacer.default\">\n\t\t\t\t<div class=\"elementor-widget-container\">\n\t\t\t\t\t\t\t<div class=\"elementor-spacer\">\n\t\t\t<div class=\"elementor-spacer-inner\"><\/div>\n\t\t<\/div>\n\t\t\t\t\t\t<\/div>\n\t\t\t\t<\/div>\n\t\t\t\t<div class=\"elementor-element elementor-element-0922ea6 sc_fly_static elementor-widget elementor-widget-image\" data-id=\"0922ea6\" data-element_type=\"widget\" data-widget_type=\"image.default\">\n\t\t\t\t<div class=\"elementor-widget-container\">\n\t\t\t\t\t\t\t\t\t\t\t\t\t\t\t<img loading=\"lazy\" decoding=\"async\" width=\"966\" height=\"593\" src=\"https:\/\/ordenamigas.es\/wp-content\/uploads\/2025\/05\/presencial-hogares-cajon-transparente.png\" class=\"attachment-large size-large wp-image-25048\" alt=\"Presencial Hogares Cajon-Transparente\" srcset=\"https:\/\/ordenamigas.es\/wp-content\/uploads\/2025\/05\/presencial-hogares-cajon-transparente.png 966w, https:\/\/ordenamigas.es\/wp-content\/uploads\/2025\/05\/presencial-hogares-cajon-transparente-300x184.png 300w, https:\/\/ordenamigas.es\/wp-content\/uploads\/2025\/05\/presencial-hogares-cajon-transparente-768x471.png 768w, https:\/\/ordenamigas.es\/wp-content\/uploads\/2025\/05\/presencial-hogares-cajon-transparente-370x227.png 370w, https:\/\/ordenamigas.es\/wp-content\/uploads\/2025\/05\/presencial-hogares-cajon-transparente-840x516.png 840w, https:\/\/ordenamigas.es\/wp-content\/uploads\/2025\/05\/presencial-hogares-cajon-transparente-410x252.png 410w\" sizes=\"(max-width: 966px) 100vw, 966px\" \/>\t\t\t\t\t\t\t\t\t\t\t\t\t\t\t<\/div>\n\t\t\t\t<\/div>\n\t\t\t\t\t<\/div>\n\t\t<\/div>\n\t\t\t\t<div class=\"elementor-column elementor-col-50 elementor-inner-column elementor-element elementor-element-89b84d3 sc_content_align_inherit sc_layouts_column_icons_position_left sc_fly_static\" data-id=\"89b84d3\" data-element_type=\"column\">\n\t\t\t<div class=\"elementor-widget-wrap elementor-element-populated\">\n\t\t\t\t\t\t<div class=\"elementor-element elementor-element-553d813 sc_fly_static elementor-widget elementor-widget-spacer\" data-id=\"553d813\" data-element_type=\"widget\" data-widget_type=\"spacer.default\">\n\t\t\t\t<div class=\"elementor-widget-container\">\n\t\t\t\t\t\t\t<div class=\"elementor-spacer\">\n\t\t\t<div class=\"elementor-spacer-inner\"><\/div>\n\t\t<\/div>\n\t\t\t\t\t\t<\/div>\n\t\t\t\t<\/div>\n\t\t\t\t<div class=\"elementor-element elementor-element-297f2a7 sc_fly_static elementor-widget elementor-widget-text-editor\" data-id=\"297f2a7\" data-element_type=\"widget\" data-widget_type=\"text-editor.default\">\n\t\t\t\t<div class=\"elementor-widget-container\">\n\t\t\t\t\t\t\t\t\t<div class=\"elementor-element elementor-element-4e58d9d sc_fly_static elementor-widget elementor-widget-text-editor trx_addons_parallax_layers_inited trx_addons_parallax_blocks_inited\" data-id=\"4e58d9d\" data-element_type=\"widget\" data-widget_type=\"text-editor.default\"><div class=\"elementor-widget-container\"><div class=\"elementor-element elementor-element-4e58d9d sc_fly_static elementor-widget elementor-widget-text-editor trx_addons_parallax_layers_inited trx_addons_parallax_blocks_inited\" data-id=\"4e58d9d\" data-element_type=\"widget\" data-widget_type=\"text-editor.default\"><div class=\"elementor-widget-container\"><div class=\"elementor-element elementor-element-4e58d9d sc_fly_static elementor-widget elementor-widget-text-editor trx_addons_parallax_layers_inited trx_addons_parallax_blocks_inited\" data-id=\"4e58d9d\" data-element_type=\"widget\" data-widget_type=\"text-editor.default\"><div class=\"elementor-widget-container\"><p>Nous nous concentrons principalement sur les foyers, garages et d\u00e9barras. De plus, nous proposons aussi des changements de placards.<\/p><p><strong>Tarifs :<\/strong><\/p><ul><li><strong>1\u00e8re visite :<\/strong> 20\u20ac.<\/li><li><strong>Service :<\/strong> Selon devis ferme.<\/li><\/ul><p><strong>Processus de travail :<\/strong><\/p><ol><li>Vider et \u00e9valuer l\u2019espace.<\/li><li>Regrouper les \u00e9l\u00e9ments similaires.<\/li><li>\u00c9liminer ce qui est inutile.<\/li><li>R\u00e9organiser avec des accessoires adapt\u00e9s.<\/li><li>Enseignement des techniques de pliage et de rangement.<\/li><li>\u00c9tiquetage pour une meilleure identification.<\/li><li>Suivi post-service \u00e0 2 mois.<\/li><li>Les objets dont vous n\u2019avez pas besoin seront donn\u00e9s \u00e0 des organisations caritatives.<\/li><\/ol><p><strong>Services suppl\u00e9mentaires :<\/strong><\/p><ul><li>Liste des mat\u00e9riaux \u00e0 l\u2019acceptation du devis.<\/li><li>Service d\u2019achat : 100\u20ac.<\/li><li>Nettoyage (selon \u00e9tude).<\/li><li>Montage (co\u00fbt suppl\u00e9mentaire).<\/li><\/ul><p><strong>B\u00e9n\u00e9fices d\u2019un espace organis\u00e9 :<\/strong><\/p><ul><li>Paix mentale et bien-\u00eatre.<\/li><li>Plus d\u2019efficacit\u00e9 et de productivit\u00e9.<\/li><li>Meilleure gestion du temps.<\/li><li>Moins de stress et de conflits familiaux.<\/li><li>Plus de temps pour les loisirs et la famille.<\/li><li>\u00c9conomie de temps et d\u2019argent.<\/li><li>Routines et habitudes plus saines.<\/li><li>Meilleure organisation financi\u00e8re.<\/li><li>S\u00e9lection des v\u00eatements optimis\u00e9e selon la morphologie et l\u2019harmonie des couleurs.<\/li><\/ul><\/div><\/div><\/div><\/div><\/div><\/div>\t\t\t\t\t\t\t\t<\/div>\n\t\t\t\t<\/div>\n\t\t\t\t<div class=\"elementor-element elementor-element-bcb5a38 sc_height_small sc_fly_static elementor-widget elementor-widget-spacer\" data-id=\"bcb5a38\" data-element_type=\"widget\" data-widget_type=\"spacer.default\">\n\t\t\t\t<div class=\"elementor-widget-container\">\n\t\t\t\t\t\t\t<div class=\"elementor-spacer\">\n\t\t\t<div class=\"elementor-spacer-inner\"><\/div>\n\t\t<\/div>\n\t\t\t\t\t\t<\/div>\n\t\t\t\t<\/div>\n\t\t\t\t\t<\/div>\n\t\t<\/div>\n\t\t\t\t\t<\/div>\n\t\t<\/section>\n\t\t\t\t<div class=\"elementor-element elementor-element-08158eb sc_fly_static elementor-widget elementor-widget-spacer\" data-id=\"08158eb\" data-element_type=\"widget\" data-widget_type=\"spacer.default\">\n\t\t\t\t<div class=\"elementor-widget-container\">\n\t\t\t\t\t\t\t<div class=\"elementor-spacer\">\n\t\t\t<div class=\"elementor-spacer-inner\"><\/div>\n\t\t<\/div>\n\t\t\t\t\t\t<\/div>\n\t\t\t\t<\/div>\n\t\t\t\t\t<\/div>\n\t\t<\/div>\n\t\t\t\t\t<\/div>\n\t\t<\/section>\n\t\t\t\t<section class=\"elementor-section elementor-top-section elementor-element elementor-element-15f30cd elementor-section-content-bottom scheme_dark elementor-section-stretched elementor-section-boxed elementor-section-height-default elementor-section-height-default sc_fly_static\" data-id=\"15f30cd\" data-element_type=\"section\" data-settings=\"{&quot;background_background&quot;:&quot;classic&quot;,&quot;stretch_section&quot;:&quot;section-stretched&quot;}\">\n\t\t\t\t\t\t\t<div class=\"elementor-background-overlay\"><\/div>\n\t\t\t\t\t\t\t<div class=\"elementor-container elementor-column-gap-no\">\n\t\t\t\t\t<div class=\"elementor-column elementor-col-50 elementor-top-column elementor-element elementor-element-9dc6d5b sc-mobile_content_align_inherit sc_content_align_inherit sc_layouts_column_icons_position_left sc_fly_static\" data-id=\"9dc6d5b\" data-element_type=\"column\">\n\t\t\t<div class=\"elementor-widget-wrap elementor-element-populated\">\n\t\t\t\t\t\t<div class=\"elementor-element elementor-element-e2a132d sc_height_huge sc_fly_static elementor-widget elementor-widget-spacer\" data-id=\"e2a132d\" data-element_type=\"widget\" data-widget_type=\"spacer.default\">\n\t\t\t\t<div class=\"elementor-widget-container\">\n\t\t\t\t\t\t\t<div class=\"elementor-spacer\">\n\t\t\t<div class=\"elementor-spacer-inner\"><\/div>\n\t\t<\/div>\n\t\t\t\t\t\t<\/div>\n\t\t\t\t<\/div>\n\t\t\t\t<div class=\"elementor-element elementor-element-a5f0e9b sc_fly_static elementor-widget elementor-widget-trx_sc_title\" data-id=\"a5f0e9b\" data-element_type=\"widget\" data-widget_type=\"trx_sc_title.default\">\n\t\t\t\t<div class=\"elementor-widget-container\">\n\t\t\t\t\t<div\t\tclass=\"sc_title sc_title_default\" ><h2 class=\"sc_item_title sc_title_title sc_item_title_style_default sc_typed\"\n\t\t\t><span class=\"sc_item_title_text\">Pr\u00eat \u00e0 vous transformer gr\u00e2ce \u00e0 l'ordre ?<\/span><\/h2><\/div>\t\t\t\t<\/div>\n\t\t\t\t<\/div>\n\t\t\t\t<div class=\"elementor-element elementor-element-f34f436 sc_height_large sc_layouts_hide_on_mobile sc_fly_static elementor-widget elementor-widget-spacer\" data-id=\"f34f436\" data-element_type=\"widget\" data-widget_type=\"spacer.default\">\n\t\t\t\t<div class=\"elementor-widget-container\">\n\t\t\t\t\t\t\t<div class=\"elementor-spacer\">\n\t\t\t<div class=\"elementor-spacer-inner\"><\/div>\n\t\t<\/div>\n\t\t\t\t\t\t<\/div>\n\t\t\t\t<\/div>\n\t\t\t\t\t<\/div>\n\t\t<\/div>\n\t\t\t\t<div class=\"elementor-column elementor-col-50 elementor-top-column elementor-element elementor-element-10c24c8 sc_layouts_column_align_right sc_layouts_column sc-mobile_layouts_column_align_left sc_layouts_column sc_content_align_inherit sc_layouts_column_icons_position_left sc_fly_static\" data-id=\"10c24c8\" data-element_type=\"column\">\n\t\t\t<div class=\"elementor-widget-wrap elementor-element-populated\">\n\t\t\t\t\t\t<div class=\"elementor-element elementor-element-aceb089 sc_layouts_hide_on_wide sc_layouts_hide_on_desktop sc_layouts_hide_on_notebook sc_layouts_hide_on_tablet sc_fly_static elementor-widget elementor-widget-spacer\" data-id=\"aceb089\" data-element_type=\"widget\" data-widget_type=\"spacer.default\">\n\t\t\t\t<div class=\"elementor-widget-container\">\n\t\t\t\t\t\t\t<div class=\"elementor-spacer\">\n\t\t\t<div class=\"elementor-spacer-inner\"><\/div>\n\t\t<\/div>\n\t\t\t\t\t\t<\/div>\n\t\t\t\t<\/div>\n\t\t\t\t<div class=\"elementor-element elementor-element-562ecbd sc_fly_static elementor-widget elementor-widget-trx_sc_button\" data-id=\"562ecbd\" data-element_type=\"widget\" data-widget_type=\"trx_sc_button.default\">\n\t\t\t\t<div class=\"elementor-widget-container\">\n\t\t\t\t\t<div\tclass=\"sc_item_button sc_button_wrap\" ><a href=\"https:\/\/ordenamigas.es\/fr\/contact\/\" class=\"sc_button sc_button_bordered sc_button_size_small sc_button_icon_left color_style_dark\" ><span class=\"sc_button_text\"><span class=\"sc_button_title\">Je commence \u00e0 changer maintenant<\/span><\/span><\/a><\/div>\t\t\t\t<\/div>\n\t\t\t\t<\/div>\n\t\t\t\t<div class=\"elementor-element elementor-element-4b378f6 sc_layouts_hide_on_tablet sc_layouts_hide_on_mobile sc_fly_static elementor-widget elementor-widget-spacer\" data-id=\"4b378f6\" data-element_type=\"widget\" data-widget_type=\"spacer.default\">\n\t\t\t\t<div class=\"elementor-widget-container\">\n\t\t\t\t\t\t\t<div class=\"elementor-spacer\">\n\t\t\t<div class=\"elementor-spacer-inner\"><\/div>\n\t\t<\/div>\n\t\t\t\t\t\t<\/div>\n\t\t\t\t<\/div>\n\t\t\t\t<div class=\"elementor-element elementor-element-9c7e110 sc_height_large sc_fly_static elementor-widget elementor-widget-spacer\" data-id=\"9c7e110\" data-element_type=\"widget\" data-widget_type=\"spacer.default\">\n\t\t\t\t<div class=\"elementor-widget-container\">\n\t\t\t\t\t\t\t<div class=\"elementor-spacer\">\n\t\t\t<div class=\"elementor-spacer-inner\"><\/div>\n\t\t<\/div>\n\t\t\t\t\t\t<\/div>\n\t\t\t\t<\/div>\n\t\t\t\t\t<\/div>\n\t\t<\/div>\n\t\t\t\t\t<\/div>\n\t\t<\/section>\n\t\t\t\t<\/div>\n\t\t","protected":false},"excerpt":{"rendered":"<p>Nous nous concentrons principalement sur les foyers, garages et d\u00e9barras. De plus, nous proposons aussi des changements de placards. Tarifs : 1\u00e8re visite : 20\u20ac. Service : Selon devis ferme.&hellip;<\/p>\n","protected":false},"author":1,"featured_media":0,"parent":0,"menu_order":0,"comment_status":"closed","ping_status":"closed","template":"","meta":{"footnotes":""},"class_list":["post-24524","page","type-page","status-publish","hentry"],"yoast_head":"<!-- This site is optimized with the Yoast SEO plugin v24.7 - https:\/\/yoast.com\/wordpress\/plugins\/seo\/ -->\n<title>Face \u00e0 face dans les foyers | Ordenamigas - Organisez bureau et maison \u00e0 Majorque<\/title>\n<meta name=\"description\" content=\"Service d\u2019organisation \u00e0 domicile en personne pour des espaces ordonn\u00e9s, fonctionnels et pleins de bien-\u00eatre.\" \/>\n<meta name=\"robots\" content=\"index, follow, max-snippet:-1, max-image-preview:large, max-video-preview:-1\" \/>\n<link rel=\"canonical\" href=\"https:\/\/ordenamigas.es\/fr\/face-a-face-dans-les-foyers\/\" \/>\n<meta property=\"og:locale\" content=\"fr_FR\" \/>\n<meta property=\"og:type\" content=\"article\" \/>\n<meta property=\"og:title\" content=\"Face \u00e0 face dans les foyers | Ordenamigas - Organisez bureau et maison \u00e0 Majorque\" \/>\n<meta property=\"og:description\" content=\"Service d\u2019organisation \u00e0 domicile en personne pour des espaces ordonn\u00e9s, fonctionnels et pleins de bien-\u00eatre.\" \/>\n<meta property=\"og:url\" content=\"https:\/\/ordenamigas.es\/fr\/face-a-face-dans-les-foyers\/\" \/>\n<meta property=\"og:site_name\" content=\"Ordenamigas\" \/>\n<meta property=\"article:modified_time\" content=\"2025-08-18T09:56:41+00:00\" \/>\n<meta property=\"og:image\" content=\"https:\/\/ordenamigas.es\/wp-content\/uploads\/2022\/11\/flower-1.png\" \/>\n<meta name=\"twitter:card\" content=\"summary_large_image\" \/>\n<meta name=\"twitter:label1\" content=\"Dur\u00e9e de lecture estim\u00e9e\" \/>\n\t<meta name=\"twitter:data1\" content=\"2 minutes\" \/>\n<script type=\"application\/ld+json\" class=\"yoast-schema-graph\">{\"@context\":\"https:\/\/schema.org\",\"@graph\":[{\"@type\":\"WebPage\",\"@id\":\"https:\/\/ordenamigas.es\/fr\/face-a-face-dans-les-foyers\/\",\"url\":\"https:\/\/ordenamigas.es\/fr\/face-a-face-dans-les-foyers\/\",\"name\":\"Face \u00e0 face dans les foyers | Ordenamigas - Organisez bureau et maison \u00e0 Majorque\",\"isPartOf\":{\"@id\":\"https:\/\/ordenamigas.es\/fr\/#website\"},\"primaryImageOfPage\":{\"@id\":\"https:\/\/ordenamigas.es\/fr\/face-a-face-dans-les-foyers\/#primaryimage\"},\"image\":{\"@id\":\"https:\/\/ordenamigas.es\/fr\/face-a-face-dans-les-foyers\/#primaryimage\"},\"thumbnailUrl\":\"https:\/\/ordenamigas.es\/wp-content\/uploads\/2022\/11\/flower-1.png\",\"datePublished\":\"2025-04-29T11:29:01+00:00\",\"dateModified\":\"2025-08-18T09:56:41+00:00\",\"description\":\"Service d\u2019organisation \u00e0 domicile en personne pour des espaces ordonn\u00e9s, fonctionnels et pleins de bien-\u00eatre.\",\"breadcrumb\":{\"@id\":\"https:\/\/ordenamigas.es\/fr\/face-a-face-dans-les-foyers\/#breadcrumb\"},\"inLanguage\":\"fr-FR\",\"potentialAction\":[{\"@type\":\"ReadAction\",\"target\":[\"https:\/\/ordenamigas.es\/fr\/face-a-face-dans-les-foyers\/\"]}]},{\"@type\":\"ImageObject\",\"inLanguage\":\"fr-FR\",\"@id\":\"https:\/\/ordenamigas.es\/fr\/face-a-face-dans-les-foyers\/#primaryimage\",\"url\":\"https:\/\/ordenamigas.es\/wp-content\/uploads\/2022\/11\/flower-1.png\",\"contentUrl\":\"https:\/\/ordenamigas.es\/wp-content\/uploads\/2022\/11\/flower-1.png\"},{\"@type\":\"BreadcrumbList\",\"@id\":\"https:\/\/ordenamigas.es\/fr\/face-a-face-dans-les-foyers\/#breadcrumb\",\"itemListElement\":[{\"@type\":\"ListItem\",\"position\":1,\"name\":\"Portada\",\"item\":\"https:\/\/ordenamigas.es\/fr\/\"},{\"@type\":\"ListItem\",\"position\":2,\"name\":\"Face \u00e0 face dans les foyers\"}]},{\"@type\":\"WebSite\",\"@id\":\"https:\/\/ordenamigas.es\/fr\/#website\",\"url\":\"https:\/\/ordenamigas.es\/fr\/\",\"name\":\"Ordenamigas\",\"description\":\"Organisez bureau et maison \u00e0 Majorque\",\"publisher\":{\"@id\":\"https:\/\/ordenamigas.es\/fr\/#organization\"},\"potentialAction\":[{\"@type\":\"SearchAction\",\"target\":{\"@type\":\"EntryPoint\",\"urlTemplate\":\"https:\/\/ordenamigas.es\/fr\/?s={search_term_string}\"},\"query-input\":{\"@type\":\"PropertyValueSpecification\",\"valueRequired\":true,\"valueName\":\"search_term_string\"}}],\"inLanguage\":\"fr-FR\"},{\"@type\":\"Organization\",\"@id\":\"https:\/\/ordenamigas.es\/fr\/#organization\",\"name\":\"Ordenamigas\",\"url\":\"https:\/\/ordenamigas.es\/fr\/\",\"logo\":{\"@type\":\"ImageObject\",\"inLanguage\":\"fr-FR\",\"@id\":\"https:\/\/ordenamigas.es\/fr\/#\/schema\/logo\/image\/\",\"url\":\"https:\/\/ordenamigas.es\/wp-content\/uploads\/2025\/03\/logo-horizontal-ordenamigas.png\",\"contentUrl\":\"https:\/\/ordenamigas.es\/wp-content\/uploads\/2025\/03\/logo-horizontal-ordenamigas.png\",\"width\":1092,\"height\":347,\"caption\":\"Ordenamigas\"},\"image\":{\"@id\":\"https:\/\/ordenamigas.es\/fr\/#\/schema\/logo\/image\/\"}}]}<\/script>\n<!-- \/ Yoast SEO plugin. -->","yoast_head_json":{"title":"Face \u00e0 face dans les foyers | Ordenamigas - Organisez bureau et maison \u00e0 Majorque","description":"Service d\u2019organisation \u00e0 domicile en personne pour des espaces ordonn\u00e9s, fonctionnels et pleins de bien-\u00eatre.","robots":{"index":"index","follow":"follow","max-snippet":"max-snippet:-1","max-image-preview":"max-image-preview:large","max-video-preview":"max-video-preview:-1"},"canonical":"https:\/\/ordenamigas.es\/fr\/face-a-face-dans-les-foyers\/","og_locale":"fr_FR","og_type":"article","og_title":"Face \u00e0 face dans les foyers | Ordenamigas - Organisez bureau et maison \u00e0 Majorque","og_description":"Service d\u2019organisation \u00e0 domicile en personne pour des espaces ordonn\u00e9s, fonctionnels et pleins de bien-\u00eatre.","og_url":"https:\/\/ordenamigas.es\/fr\/face-a-face-dans-les-foyers\/","og_site_name":"Ordenamigas","article_modified_time":"2025-08-18T09:56:41+00:00","og_image":[{"url":"https:\/\/ordenamigas.es\/wp-content\/uploads\/2022\/11\/flower-1.png","type":"","width":"","height":""}],"twitter_card":"summary_large_image","twitter_misc":{"Dur\u00e9e de lecture estim\u00e9e":"2 minutes"},"schema":{"@context":"https:\/\/schema.org","@graph":[{"@type":"WebPage","@id":"https:\/\/ordenamigas.es\/fr\/face-a-face-dans-les-foyers\/","url":"https:\/\/ordenamigas.es\/fr\/face-a-face-dans-les-foyers\/","name":"Face \u00e0 face dans les foyers | Ordenamigas - Organisez bureau et maison \u00e0 Majorque","isPartOf":{"@id":"https:\/\/ordenamigas.es\/fr\/#website"},"primaryImageOfPage":{"@id":"https:\/\/ordenamigas.es\/fr\/face-a-face-dans-les-foyers\/#primaryimage"},"image":{"@id":"https:\/\/ordenamigas.es\/fr\/face-a-face-dans-les-foyers\/#primaryimage"},"thumbnailUrl":"https:\/\/ordenamigas.es\/wp-content\/uploads\/2022\/11\/flower-1.png","datePublished":"2025-04-29T11:29:01+00:00","dateModified":"2025-08-18T09:56:41+00:00","description":"Service d\u2019organisation \u00e0 domicile en personne pour des espaces ordonn\u00e9s, fonctionnels et pleins de bien-\u00eatre.","breadcrumb":{"@id":"https:\/\/ordenamigas.es\/fr\/face-a-face-dans-les-foyers\/#breadcrumb"},"inLanguage":"fr-FR","potentialAction":[{"@type":"ReadAction","target":["https:\/\/ordenamigas.es\/fr\/face-a-face-dans-les-foyers\/"]}]},{"@type":"ImageObject","inLanguage":"fr-FR","@id":"https:\/\/ordenamigas.es\/fr\/face-a-face-dans-les-foyers\/#primaryimage","url":"https:\/\/ordenamigas.es\/wp-content\/uploads\/2022\/11\/flower-1.png","contentUrl":"https:\/\/ordenamigas.es\/wp-content\/uploads\/2022\/11\/flower-1.png"},{"@type":"BreadcrumbList","@id":"https:\/\/ordenamigas.es\/fr\/face-a-face-dans-les-foyers\/#breadcrumb","itemListElement":[{"@type":"ListItem","position":1,"name":"Portada","item":"https:\/\/ordenamigas.es\/fr\/"},{"@type":"ListItem","position":2,"name":"Face \u00e0 face dans les foyers"}]},{"@type":"WebSite","@id":"https:\/\/ordenamigas.es\/fr\/#website","url":"https:\/\/ordenamigas.es\/fr\/","name":"Ordenamigas","description":"Organisez bureau et maison \u00e0 Majorque","publisher":{"@id":"https:\/\/ordenamigas.es\/fr\/#organization"},"potentialAction":[{"@type":"SearchAction","target":{"@type":"EntryPoint","urlTemplate":"https:\/\/ordenamigas.es\/fr\/?s={search_term_string}"},"query-input":{"@type":"PropertyValueSpecification","valueRequired":true,"valueName":"search_term_string"}}],"inLanguage":"fr-FR"},{"@type":"Organization","@id":"https:\/\/ordenamigas.es\/fr\/#organization","name":"Ordenamigas","url":"https:\/\/ordenamigas.es\/fr\/","logo":{"@type":"ImageObject","inLanguage":"fr-FR","@id":"https:\/\/ordenamigas.es\/fr\/#\/schema\/logo\/image\/","url":"https:\/\/ordenamigas.es\/wp-content\/uploads\/2025\/03\/logo-horizontal-ordenamigas.png","contentUrl":"https:\/\/ordenamigas.es\/wp-content\/uploads\/2025\/03\/logo-horizontal-ordenamigas.png","width":1092,"height":347,"caption":"Ordenamigas"},"image":{"@id":"https:\/\/ordenamigas.es\/fr\/#\/schema\/logo\/image\/"}}]}},"_links":{"self":[{"href":"https:\/\/ordenamigas.es\/fr\/wp-json\/wp\/v2\/pages\/24524","targetHints":{"allow":["GET"]}}],"collection":[{"href":"https:\/\/ordenamigas.es\/fr\/wp-json\/wp\/v2\/pages"}],"about":[{"href":"https:\/\/ordenamigas.es\/fr\/wp-json\/wp\/v2\/types\/page"}],"author":[{"embeddable":true,"href":"https:\/\/ordenamigas.es\/fr\/wp-json\/wp\/v2\/users\/1"}],"replies":[{"embeddable":true,"href":"https:\/\/ordenamigas.es\/fr\/wp-json\/wp\/v2\/comments?post=24524"}],"version-history":[{"count":24,"href":"https:\/\/ordenamigas.es\/fr\/wp-json\/wp\/v2\/pages\/24524\/revisions"}],"predecessor-version":[{"id":25064,"href":"https:\/\/ordenamigas.es\/fr\/wp-json\/wp\/v2\/pages\/24524\/revisions\/25064"}],"wp:attachment":[{"href":"https:\/\/ordenamigas.es\/fr\/wp-json\/wp\/v2\/media?parent=24524"}],"curies":[{"name":"wp","href":"https:\/\/api.w.org\/{rel}","templated":true}]}}