{"id":24568,"date":"2020-04-30T11:12:41","date_gmt":"2020-04-30T09:12:41","guid":{"rendered":"https:\/\/ordenamigas.es\/contacto\/"},"modified":"2025-08-18T11:54:24","modified_gmt":"2025-08-18T09:54:24","slug":"contact","status":"publish","type":"page","link":"https:\/\/ordenamigas.es\/fr\/contact\/","title":{"rendered":"Contact"},"content":{"rendered":"\t\t<div data-elementor-type=\"wp-page\" data-elementor-id=\"24568\" class=\"elementor elementor-24568 elementor-1453\">\n\t\t\t\t\t\t<section class=\"elementor-section elementor-top-section elementor-element elementor-element-95fc774 elementor-section-full_width elementor-section-content-middle elementor-section-stretched elementor-section-height-default elementor-section-height-default sc_fly_static\" data-id=\"95fc774\" data-element_type=\"section\" data-settings=\"{&quot;background_background&quot;:&quot;classic&quot;,&quot;stretch_section&quot;:&quot;section-stretched&quot;}\">\n\t\t\t\t\t\t<div class=\"elementor-container elementor-column-gap-no\">\n\t\t\t\t\t<div class=\"elementor-column elementor-col-50 elementor-top-column elementor-element elementor-element-9880903 sc_content_align_inherit sc_layouts_column_icons_position_left sc_fly_static\" data-id=\"9880903\" data-element_type=\"column\" data-settings=\"{&quot;background_background&quot;:&quot;classic&quot;}\">\n\t\t\t<div class=\"elementor-widget-wrap elementor-element-populated\">\n\t\t\t\t\t\t<div class=\"elementor-element elementor-element-5fbc90a sc_fly_static elementor-widget elementor-widget-spacer\" data-id=\"5fbc90a\" data-element_type=\"widget\" data-widget_type=\"spacer.default\">\n\t\t\t\t<div class=\"elementor-widget-container\">\n\t\t\t\t\t\t\t<div class=\"elementor-spacer\">\n\t\t\t<div class=\"elementor-spacer-inner\"><\/div>\n\t\t<\/div>\n\t\t\t\t\t\t<\/div>\n\t\t\t\t<\/div>\n\t\t\t\t\t<\/div>\n\t\t<\/div>\n\t\t\t\t<div class=\"elementor-column elementor-col-50 elementor-top-column elementor-element elementor-element-0146d38 sc_content_align_inherit sc_layouts_column_icons_position_left sc_fly_static\" data-id=\"0146d38\" data-element_type=\"column\">\n\t\t\t<div class=\"elementor-widget-wrap elementor-element-populated\">\n\t\t\t\t\t\t<div class=\"elementor-element elementor-element-268a22f sc_height_small sc_layouts_hide_on_notebook sc_layouts_hide_on_tablet sc_layouts_hide_on_mobile sc_fly_static elementor-widget elementor-widget-spacer\" data-id=\"268a22f\" data-element_type=\"widget\" data-widget_type=\"spacer.default\">\n\t\t\t\t<div class=\"elementor-widget-container\">\n\t\t\t\t\t\t\t<div class=\"elementor-spacer\">\n\t\t\t<div class=\"elementor-spacer-inner\"><\/div>\n\t\t<\/div>\n\t\t\t\t\t\t<\/div>\n\t\t\t\t<\/div>\n\t\t\t\t<div class=\"elementor-element elementor-element-2247fc0 sc_height_huge sc_fly_static elementor-widget elementor-widget-spacer\" data-id=\"2247fc0\" data-element_type=\"widget\" data-widget_type=\"spacer.default\">\n\t\t\t\t<div class=\"elementor-widget-container\">\n\t\t\t\t\t\t\t<div class=\"elementor-spacer\">\n\t\t\t<div class=\"elementor-spacer-inner\"><\/div>\n\t\t<\/div>\n\t\t\t\t\t\t<\/div>\n\t\t\t\t<\/div>\n\t\t\t\t<div class=\"elementor-element elementor-element-218bd64 sc_fly_static elementor-widget elementor-widget-trx_sc_title\" data-id=\"218bd64\" data-element_type=\"widget\" data-widget_type=\"trx_sc_title.default\">\n\t\t\t\t<div class=\"elementor-widget-container\">\n\t\t\t\t\t<div\t\tclass=\"sc_title sc_title_default\" ><span class=\"sc_item_subtitle sc_title_subtitle sc_item_subtitle_above sc_item_title_style_default\">Nous contacter<\/span><h1 class=\"sc_item_title sc_title_title sc_item_title_style_default sc_item_title_tag\"\n\t\t\t><span class=\"sc_item_title_text\">Vous avez des doutes, vous voulez commencer maintenant ?<\/span><\/h1><\/div>\t\t\t\t<\/div>\n\t\t\t\t<\/div>\n\t\t\t\t<div class=\"elementor-element elementor-element-6ed9aed sc_fly_static elementor-widget elementor-widget-spacer\" data-id=\"6ed9aed\" data-element_type=\"widget\" data-widget_type=\"spacer.default\">\n\t\t\t\t<div class=\"elementor-widget-container\">\n\t\t\t\t\t\t\t<div class=\"elementor-spacer\">\n\t\t\t<div class=\"elementor-spacer-inner\"><\/div>\n\t\t<\/div>\n\t\t\t\t\t\t<\/div>\n\t\t\t\t<\/div>\n\t\t\t\t<div class=\"elementor-element elementor-element-963e02d sc_fly_static elementor-widget elementor-widget-text-editor\" data-id=\"963e02d\" data-element_type=\"widget\" data-widget_type=\"text-editor.default\">\n\t\t\t\t<div class=\"elementor-widget-container\">\n\t\t\t\t\t\t\t\t\t<p data-prosemirror-content-type=\"node\" data-prosemirror-node-name=\"paragraph\" data-prosemirror-node-block=\"true\" data-pm-slice=\"1 1 []\">\ud83d\udce9 Courriel: <a href=\"mailto:ordenamigas@gmail.com\" data-prosemirror-content-type=\"mark\" data-prosemirror-mark-name=\"link\">ordenamigas@gmail.com<\/a><br data-prosemirror-content-type=\"node\" data-prosemirror-node-name=\"hardBreak\" data-prosemirror-node-inline=\"true\" \/>\ud83d\udcde T\u00e9l\u00e9phone: +34 652 890 176<br data-prosemirror-content-type=\"node\" data-prosemirror-node-name=\"hardBreak\" data-prosemirror-node-inline=\"true\" \/>\ud83d\udccd Localisation: Mallorca<\/p><p>Chez <strong>Ordenamigas<\/strong>, nous voulons vous aider \u00e0 transformer vos espaces en zones fonctionnelles et harmonieuses. Remplissez le formulaire et faites le premier pas vers un environnement plus ordonn\u00e9. Une fois que nous aurons re\u00e7u vos informations, nous vous contacterons pour organiser une visite personnalis\u00e9e et vous proposer une offre adapt\u00e9e \u00e0 vos besoins.<\/p>\t\t\t\t\t\t\t\t<\/div>\n\t\t\t\t<\/div>\n\t\t\t\t<div class=\"elementor-element elementor-element-32f5080 sc_fly_static elementor-widget elementor-widget-spacer\" data-id=\"32f5080\" data-element_type=\"widget\" data-widget_type=\"spacer.default\">\n\t\t\t\t<div class=\"elementor-widget-container\">\n\t\t\t\t\t\t\t<div class=\"elementor-spacer\">\n\t\t\t<div class=\"elementor-spacer-inner\"><\/div>\n\t\t<\/div>\n\t\t\t\t\t\t<\/div>\n\t\t\t\t<\/div>\n\t\t\t\t<div class=\"elementor-element elementor-element-a152add sc_fly_static elementor-widget elementor-widget-trx_sc_contact_form_7\" data-id=\"a152add\" data-element_type=\"widget\" data-widget_type=\"trx_sc_contact_form_7.default\">\n\t\t\t\t<div class=\"elementor-widget-container\">\n\t\t\t\t\t\n<div class=\"wpcf7 no-js\" id=\"wpcf7-f24586-o1\" lang=\"fr-FR\" dir=\"ltr\" data-wpcf7-id=\"24586\">\n<div class=\"screen-reader-response\"><p role=\"status\" aria-live=\"polite\" aria-atomic=\"true\"><\/p> <ul><\/ul><\/div>\n<form action=\"\/fr\/wp-json\/wp\/v2\/pages\/24568#wpcf7-f24586-o1\" method=\"post\" class=\"wpcf7-form init\" aria-label=\"Formulaire de contact\" novalidate=\"novalidate\" data-status=\"init\">\n<div style=\"display: none;\">\n<input type=\"hidden\" name=\"_wpcf7\" value=\"24586\" \/>\n<input type=\"hidden\" name=\"_wpcf7_version\" value=\"6.0.5\" \/>\n<input type=\"hidden\" name=\"_wpcf7_locale\" value=\"fr_FR\" \/>\n<input type=\"hidden\" name=\"_wpcf7_unit_tag\" value=\"wpcf7-f24586-o1\" \/>\n<input type=\"hidden\" name=\"_wpcf7_container_post\" value=\"0\" \/>\n<input type=\"hidden\" name=\"_wpcf7_posted_data_hash\" value=\"\" \/>\n<\/div>\n<div class=\"form-style-2\">\n\t<div class=\"columns_wrap\">\n\t\t<div class=\"column-1_2\">\n\t\t\t<p><span class=\"style-line\"><span class=\"wpcf7-form-control-wrap\" data-name=\"your-name\"><input size=\"40\" maxlength=\"400\" class=\"wpcf7-form-control wpcf7-text wpcf7-validates-as-required\" aria-required=\"true\" aria-invalid=\"false\" placeholder=\"Pr\u00e9nom\" value=\"\" type=\"text\" name=\"your-name\" \/><\/span><\/span>\n\t\t\t<\/p>\n\t\t<\/div>\n\t\t<div class=\"column-1_2\">\n\t\t\t<p><span class=\"style-line\"><span class=\"wpcf7-form-control-wrap\" data-name=\"your-last-name\"><input size=\"40\" maxlength=\"400\" class=\"wpcf7-form-control wpcf7-text wpcf7-validates-as-required\" aria-required=\"true\" aria-invalid=\"false\" placeholder=\"Nom de famille\" value=\"\" type=\"text\" name=\"your-last-name\" \/><\/span><\/span>\n\t\t\t<\/p>\n\t\t<\/div>\n\t\t<div class=\"column-1_2\">\n\t\t\t<p><label for=\"codigo-postal\">Entrez votre code postal<\/label><br \/>\n<span class=\"style-line\"><span class=\"wpcf7-form-control-wrap\" data-name=\"number-codigo-postal\"><input class=\"wpcf7-form-control wpcf7-number wpcf7-validates-as-required wpcf7-validates-as-number\" min=\"00000\" max=\"52999\" aria-required=\"true\" aria-invalid=\"false\" placeholder=\"Code postal\" value=\"\" type=\"number\" name=\"number-codigo-postal\" \/><\/span><\/span>\n\t\t\t<\/p>\n\t\t<\/div>\n\t\t<div class=\"column-1_2\">\n\t\t\t<p><label for=\"localidad\">S\u00e9lectionnez une localit\u00e9<\/label><br \/>\n<span class=\"style-line\"><span class=\"wpcf7-form-control-wrap\" data-name=\"select-localidad\"><select class=\"wpcf7-form-control wpcf7-select wpcf7-validates-as-required\" aria-required=\"true\" aria-invalid=\"false\" name=\"select-localidad\"><option value=\"Alar\u00f3\">Alar\u00f3<\/option><option value=\"Alcudia\">Alcudia<\/option><option value=\"Algaida\">Algaida<\/option><option value=\"Andrach\">Andrach<\/option><option value=\"Aria\u00f1y\">Aria\u00f1y<\/option><option value=\"Art\u00e1\">Art\u00e1<\/option><option value=\"Ba\u00f1albufar\">Ba\u00f1albufar<\/option><option value=\"Binisalem\">Binisalem<\/option><option value=\"B\u00fager\">B\u00fager<\/option><option value=\"Bu\u00f1ola\">Bu\u00f1ola<\/option><option value=\"Calvi\u00e1\">Calvi\u00e1<\/option><option value=\"Localidades de Calvi\u00e1\">Localidades de Calvi\u00e1<\/option><option value=\"Campanet\">Campanet<\/option><option value=\"Campos (Baleares)\">Campos (Baleares)<\/option><option value=\"Capdepera\">Capdepera<\/option><option value=\"Consell\">Consell<\/option><option value=\"Dey\u00e1\">Dey\u00e1<\/option><option value=\"Escorca\">Escorca<\/option><option value=\"Estellenchs\">Estellenchs<\/option><option value=\"Felanich\">Felanich<\/option><option value=\"Fornaluch\">Fornaluch<\/option><option value=\"Inca\">Inca<\/option><option value=\"Lloret de Vista Alegre\">Lloret de Vista Alegre<\/option><option value=\"Lloseta\">Lloseta<\/option><option value=\"Lluchmayor\">Lluchmayor<\/option><option value=\"Manacor\">Manacor<\/option><option value=\"Mar\u00eda de la Salud\">Mar\u00eda de la Salud<\/option><option value=\"Montuiri\">Montuiri<\/option><option value=\"Palma de Mallorca\">Palma de Mallorca<\/option><option value=\"Petra (Baleares)\">Petra (Baleares)<\/option><option value=\"Pollensa\">Pollensa<\/option><option value=\"Porreras\">Porreras<\/option><option value=\"La Puebla\">La Puebla<\/option><option value=\"Las Salinas\">Las Salinas<\/option><option value=\"San Lorenzo del Cardezar\">San Lorenzo del Cardezar<\/option><option value=\"Sancellas\">Sancellas<\/option><option value=\"Santa Margarita (Baleares)\">Santa Margarita (Baleares)<\/option><option value=\"Santa Mar\u00eda del Camino\">Santa Mar\u00eda del Camino<\/option><option value=\"Santa\u00f1\u00ed\">Santa\u00f1\u00ed<\/option><option value=\"Selva (Baleares)\">Selva (Baleares)<\/option><option value=\"S\u00f3ller\">S\u00f3ller<\/option><option value=\"Son Servera\">Son Servera<\/option><option value=\"Valldemosa\">Valldemosa<\/option><option value=\"Villafranca de Bonany\">Villafranca de Bonany<\/option><\/select><\/span><\/span>\n\t\t\t<\/p>\n\t\t<\/div>\n\t\t<p><label for=\"area\">S\u00e9lectionnez la zone que vous souhaitez organiser<\/label><br \/>\n<span class=\"wpcf7-form-control-wrap\" data-name=\"select-area\"><select class=\"wpcf7-form-control wpcf7-select wpcf7-validates-as-required\" aria-required=\"true\" aria-invalid=\"false\" name=\"select-area\"><option value=\"Espace pour enfants\">Espace pour enfants<\/option><option value=\"Placards\">Placards<\/option><option value=\"Cuisine\">Cuisine<\/option><option value=\"Buanderie\">Buanderie<\/option><option value=\"Garage\">Garage<\/option><option value=\"Bureau\">Bureau<\/option><option value=\"D\u00e9m\u00e9nagements\">D\u00e9m\u00e9nagements<\/option><option value=\"Salle de bain\">Salle de bain<\/option><option value=\"Espace professionnel\">Espace professionnel<\/option><option value=\"D\u00e9barras\">D\u00e9barras<\/option><option value=\"Autres (\u00e0 pr\u00e9ciser dans les commentaires)\">Autres (\u00e0 pr\u00e9ciser dans les commentaires)<\/option><\/select><\/span>\n\t\t<\/p>\n\t<\/div>\n\t<div class=\"columns_wrap\">\n\t\t<div class=\"column-1_2\">\n\t\t\t<p><span class=\"style-line\"><span class=\"wpcf7-form-control-wrap\" data-name=\"your-email\"><input size=\"40\" maxlength=\"400\" class=\"wpcf7-form-control wpcf7-email wpcf7-validates-as-required wpcf7-text wpcf7-validates-as-email\" aria-required=\"true\" aria-invalid=\"false\" placeholder=\"Email\" value=\"\" type=\"email\" name=\"your-email\" \/><\/span><\/span>\n\t\t\t<\/p>\n\t\t<\/div>\n\t\t<div class=\"column-1_2\">\n\t\t\t<p><span class=\"style-line\"><span class=\"wpcf7-form-control-wrap\" data-name=\"phone\"><input size=\"40\" maxlength=\"400\" class=\"wpcf7-form-control wpcf7-tel wpcf7-validates-as-required wpcf7-text wpcf7-validates-as-tel\" aria-required=\"true\" aria-invalid=\"false\" placeholder=\"Num\u00e9ro de t\u00e9l\u00e9phone\" value=\"\" type=\"tel\" name=\"phone\" \/><\/span><\/span>\n\t\t\t<\/p>\n\t\t<\/div>\n\t\t<div class=\"column-1_2\">\n\t\t\t<p><label for=\"servicios\">S\u00e9lectionnez le service qui vous int\u00e9resse<\/label><br \/>\n<span class=\"style-line\"><span class=\"wpcf7-form-control-wrap\" data-name=\"select-servicio\"><select class=\"wpcf7-form-control wpcf7-select wpcf7-validates-as-required\" aria-required=\"true\" aria-invalid=\"false\" name=\"select-servicio\"><option value=\"En ligne\">En ligne<\/option><option value=\"Organisation avant et apr\u00e8s d\u00e9m\u00e9nagement\">Organisation avant et apr\u00e8s d\u00e9m\u00e9nagement<\/option><option value=\"Maison\">Maison<\/option><option value=\"Cours pour apprendre \u00e0 organiser\">Cours pour apprendre \u00e0 organiser<\/option><option value=\"Bureau\">Bureau<\/option><option value=\"Autres services (\u00e0 pr\u00e9ciser dans les commentaires)\">Autres services (\u00e0 pr\u00e9ciser dans les commentaires)<\/option><\/select><\/span><\/span>\n\t\t\t<\/p>\n\t\t<\/div>\n\t\t<div class=\"column-1_2\">\n\t\t\t<p><label for=\"contact-method\">Contact<\/label><br \/>\n<span class=\"style-line\"><span class=\"wpcf7-form-control-wrap\" data-name=\"select-contacto\"><select class=\"wpcf7-form-control wpcf7-select wpcf7-validates-as-required\" aria-required=\"true\" aria-invalid=\"false\" name=\"select-contacto\"><option value=\"T\u00e9l\u00e9phone\">T\u00e9l\u00e9phone<\/option><option value=\"Email\">Email<\/option><option value=\"Zoom\">Zoom<\/option><\/select><\/span><\/span>\n\t\t\t<\/p>\n\t\t<\/div>\n\t<\/div>\n\t<div class=\"column-1_2\">\n\t\t<p><span class=\"style-line\"><\/span>\n\t\t<\/p>\n\t<\/div>\n\t<div class=\"columns_wrap margin-bottom\">\n\t\t<div class=\"column-1_1\">\n\t\t\t<p><span class=\"style-line\"><span class=\"wpcf7-form-control-wrap\" data-name=\"mensaje-adicional\"><textarea cols=\"40\" rows=\"10\" maxlength=\"2000\" class=\"wpcf7-form-control wpcf7-textarea wpcf7-validates-as-required\" aria-required=\"true\" aria-invalid=\"false\" placeholder=\"Commentaires suppl\u00e9mentaires\" name=\"mensaje-adicional\"><\/textarea><\/span><\/span>\n\t\t\t<\/p>\n\t\t<\/div>\n\t<\/div>\n\t<p><span class=\"wpcf7-form-control-wrap\" data-name=\"acceptance-lssi\"><span class=\"wpcf7-form-control wpcf7-acceptance\"><span class=\"wpcf7-list-item\"><label><input type=\"checkbox\" name=\"acceptance-lssi\" value=\"1\" aria-invalid=\"false\" \/><span class=\"wpcf7-list-item-label\">J\u2019ai lu et j\u2019accepte les <a rel=\"nofollow\" href=\"\/fr\/mentions-legales\" target=\"_blank\">Mentions l\u00e9gales<\/a> et la <a rel=\"nofollow\" href=\"\/fr\/politique-de-confidentialite\" target=\"_blank\">Politique de confidentialit\u00e9<\/a>.<\/span><\/label><\/span><\/span><\/span><br \/>\n<input class=\"wpcf7-form-control wpcf7-submit has-spinner\" type=\"submit\" value=\"Envoyer\" \/>\n\t<\/p>\n<\/div><div class=\"wpcf7-response-output\" aria-hidden=\"true\"><\/div>\n<\/form>\n<\/div>\n\t\t\t\t<\/div>\n\t\t\t\t<\/div>\n\t\t\t\t<div class=\"elementor-element elementor-element-dbd7fc2 sc_height_small sc_layouts_hide_on_notebook sc_layouts_hide_on_tablet sc_layouts_hide_on_mobile sc_fly_static elementor-widget elementor-widget-spacer\" data-id=\"dbd7fc2\" data-element_type=\"widget\" data-widget_type=\"spacer.default\">\n\t\t\t\t<div class=\"elementor-widget-container\">\n\t\t\t\t\t\t\t<div class=\"elementor-spacer\">\n\t\t\t<div class=\"elementor-spacer-inner\"><\/div>\n\t\t<\/div>\n\t\t\t\t\t\t<\/div>\n\t\t\t\t<\/div>\n\t\t\t\t<div class=\"elementor-element elementor-element-f9bb190 sc_height_huge sc_fly_static elementor-widget elementor-widget-spacer\" data-id=\"f9bb190\" data-element_type=\"widget\" data-widget_type=\"spacer.default\">\n\t\t\t\t<div class=\"elementor-widget-container\">\n\t\t\t\t\t\t\t<div class=\"elementor-spacer\">\n\t\t\t<div class=\"elementor-spacer-inner\"><\/div>\n\t\t<\/div>\n\t\t\t\t\t\t<\/div>\n\t\t\t\t<\/div>\n\t\t\t\t\t<\/div>\n\t\t<\/div>\n\t\t\t\t\t<\/div>\n\t\t<\/section>\n\t\t\t\t<\/div>\n\t\t","protected":false},"excerpt":{"rendered":"<p>Nous contacter Vous avez des doutes, vous voulez commencer maintenant ? \ud83d\udce9 Courriel: ordenamigas@gmail.com\ud83d\udcde T\u00e9l\u00e9phone: +34 652 890 176\ud83d\udccd Localisation: Mallorca Chez Ordenamigas, nous voulons vous aider \u00e0 transformer vos&hellip;<\/p>\n","protected":false},"author":1,"featured_media":0,"parent":0,"menu_order":0,"comment_status":"closed","ping_status":"closed","template":"","meta":{"footnotes":""},"class_list":["post-24568","page","type-page","status-publish","hentry"],"yoast_head":"<!-- This site is optimized with the Yoast SEO plugin v24.7 - https:\/\/yoast.com\/wordpress\/plugins\/seo\/ -->\n<title>Contact | Ordenamigas - Organisez bureau et maison \u00e0 Majorque<\/title>\n<meta name=\"description\" content=\"Contactez Ordenamigas pour organiser bureaux et d\u00e9m\u00e9nagements facilement. Des solutions efficaces pour votre espace de travail.\" \/>\n<meta name=\"robots\" content=\"index, follow, max-snippet:-1, max-image-preview:large, max-video-preview:-1\" \/>\n<link rel=\"canonical\" href=\"https:\/\/ordenamigas.es\/fr\/contact\/\" \/>\n<meta property=\"og:locale\" content=\"fr_FR\" \/>\n<meta property=\"og:type\" content=\"article\" \/>\n<meta property=\"og:title\" content=\"Contact | Ordenamigas - Organisez bureau et maison \u00e0 Majorque\" \/>\n<meta property=\"og:description\" content=\"Contactez Ordenamigas pour organiser bureaux et d\u00e9m\u00e9nagements facilement. Des solutions efficaces pour votre espace de travail.\" \/>\n<meta property=\"og:url\" content=\"https:\/\/ordenamigas.es\/fr\/contact\/\" \/>\n<meta property=\"og:site_name\" content=\"Ordenamigas\" \/>\n<meta property=\"article:modified_time\" content=\"2025-08-18T09:54:24+00:00\" \/>\n<meta name=\"twitter:card\" content=\"summary_large_image\" \/>\n<meta name=\"twitter:label1\" content=\"Dur\u00e9e de lecture estim\u00e9e\" \/>\n\t<meta name=\"twitter:data1\" content=\"2 minutes\" \/>\n<script type=\"application\/ld+json\" class=\"yoast-schema-graph\">{\"@context\":\"https:\/\/schema.org\",\"@graph\":[{\"@type\":\"WebPage\",\"@id\":\"https:\/\/ordenamigas.es\/fr\/contact\/\",\"url\":\"https:\/\/ordenamigas.es\/fr\/contact\/\",\"name\":\"Contact | Ordenamigas - Organisez bureau et maison \u00e0 Majorque\",\"isPartOf\":{\"@id\":\"https:\/\/ordenamigas.es\/fr\/#website\"},\"datePublished\":\"2020-04-30T09:12:41+00:00\",\"dateModified\":\"2025-08-18T09:54:24+00:00\",\"description\":\"Contactez Ordenamigas pour organiser bureaux et d\u00e9m\u00e9nagements facilement. Des solutions efficaces pour votre espace de travail.\",\"breadcrumb\":{\"@id\":\"https:\/\/ordenamigas.es\/fr\/contact\/#breadcrumb\"},\"inLanguage\":\"fr-FR\",\"potentialAction\":[{\"@type\":\"ReadAction\",\"target\":[\"https:\/\/ordenamigas.es\/fr\/contact\/\"]}]},{\"@type\":\"BreadcrumbList\",\"@id\":\"https:\/\/ordenamigas.es\/fr\/contact\/#breadcrumb\",\"itemListElement\":[{\"@type\":\"ListItem\",\"position\":1,\"name\":\"Portada\",\"item\":\"https:\/\/ordenamigas.es\/fr\/\"},{\"@type\":\"ListItem\",\"position\":2,\"name\":\"Contact\"}]},{\"@type\":\"WebSite\",\"@id\":\"https:\/\/ordenamigas.es\/fr\/#website\",\"url\":\"https:\/\/ordenamigas.es\/fr\/\",\"name\":\"Ordenamigas\",\"description\":\"Organisez bureau et maison \u00e0 Majorque\",\"publisher\":{\"@id\":\"https:\/\/ordenamigas.es\/fr\/#organization\"},\"potentialAction\":[{\"@type\":\"SearchAction\",\"target\":{\"@type\":\"EntryPoint\",\"urlTemplate\":\"https:\/\/ordenamigas.es\/fr\/?s={search_term_string}\"},\"query-input\":{\"@type\":\"PropertyValueSpecification\",\"valueRequired\":true,\"valueName\":\"search_term_string\"}}],\"inLanguage\":\"fr-FR\"},{\"@type\":\"Organization\",\"@id\":\"https:\/\/ordenamigas.es\/fr\/#organization\",\"name\":\"Ordenamigas\",\"url\":\"https:\/\/ordenamigas.es\/fr\/\",\"logo\":{\"@type\":\"ImageObject\",\"inLanguage\":\"fr-FR\",\"@id\":\"https:\/\/ordenamigas.es\/fr\/#\/schema\/logo\/image\/\",\"url\":\"https:\/\/ordenamigas.es\/wp-content\/uploads\/2025\/03\/logo-horizontal-ordenamigas.png\",\"contentUrl\":\"https:\/\/ordenamigas.es\/wp-content\/uploads\/2025\/03\/logo-horizontal-ordenamigas.png\",\"width\":1092,\"height\":347,\"caption\":\"Ordenamigas\"},\"image\":{\"@id\":\"https:\/\/ordenamigas.es\/fr\/#\/schema\/logo\/image\/\"}}]}<\/script>\n<!-- \/ Yoast SEO plugin. -->","yoast_head_json":{"title":"Contact | Ordenamigas - Organisez bureau et maison \u00e0 Majorque","description":"Contactez Ordenamigas pour organiser bureaux et d\u00e9m\u00e9nagements facilement. Des solutions efficaces pour votre espace de travail.","robots":{"index":"index","follow":"follow","max-snippet":"max-snippet:-1","max-image-preview":"max-image-preview:large","max-video-preview":"max-video-preview:-1"},"canonical":"https:\/\/ordenamigas.es\/fr\/contact\/","og_locale":"fr_FR","og_type":"article","og_title":"Contact | Ordenamigas - Organisez bureau et maison \u00e0 Majorque","og_description":"Contactez Ordenamigas pour organiser bureaux et d\u00e9m\u00e9nagements facilement. Des solutions efficaces pour votre espace de travail.","og_url":"https:\/\/ordenamigas.es\/fr\/contact\/","og_site_name":"Ordenamigas","article_modified_time":"2025-08-18T09:54:24+00:00","twitter_card":"summary_large_image","twitter_misc":{"Dur\u00e9e de lecture estim\u00e9e":"2 minutes"},"schema":{"@context":"https:\/\/schema.org","@graph":[{"@type":"WebPage","@id":"https:\/\/ordenamigas.es\/fr\/contact\/","url":"https:\/\/ordenamigas.es\/fr\/contact\/","name":"Contact | Ordenamigas - Organisez bureau et maison \u00e0 Majorque","isPartOf":{"@id":"https:\/\/ordenamigas.es\/fr\/#website"},"datePublished":"2020-04-30T09:12:41+00:00","dateModified":"2025-08-18T09:54:24+00:00","description":"Contactez Ordenamigas pour organiser bureaux et d\u00e9m\u00e9nagements facilement. Des solutions efficaces pour votre espace de travail.","breadcrumb":{"@id":"https:\/\/ordenamigas.es\/fr\/contact\/#breadcrumb"},"inLanguage":"fr-FR","potentialAction":[{"@type":"ReadAction","target":["https:\/\/ordenamigas.es\/fr\/contact\/"]}]},{"@type":"BreadcrumbList","@id":"https:\/\/ordenamigas.es\/fr\/contact\/#breadcrumb","itemListElement":[{"@type":"ListItem","position":1,"name":"Portada","item":"https:\/\/ordenamigas.es\/fr\/"},{"@type":"ListItem","position":2,"name":"Contact"}]},{"@type":"WebSite","@id":"https:\/\/ordenamigas.es\/fr\/#website","url":"https:\/\/ordenamigas.es\/fr\/","name":"Ordenamigas","description":"Organisez bureau et maison \u00e0 Majorque","publisher":{"@id":"https:\/\/ordenamigas.es\/fr\/#organization"},"potentialAction":[{"@type":"SearchAction","target":{"@type":"EntryPoint","urlTemplate":"https:\/\/ordenamigas.es\/fr\/?s={search_term_string}"},"query-input":{"@type":"PropertyValueSpecification","valueRequired":true,"valueName":"search_term_string"}}],"inLanguage":"fr-FR"},{"@type":"Organization","@id":"https:\/\/ordenamigas.es\/fr\/#organization","name":"Ordenamigas","url":"https:\/\/ordenamigas.es\/fr\/","logo":{"@type":"ImageObject","inLanguage":"fr-FR","@id":"https:\/\/ordenamigas.es\/fr\/#\/schema\/logo\/image\/","url":"https:\/\/ordenamigas.es\/wp-content\/uploads\/2025\/03\/logo-horizontal-ordenamigas.png","contentUrl":"https:\/\/ordenamigas.es\/wp-content\/uploads\/2025\/03\/logo-horizontal-ordenamigas.png","width":1092,"height":347,"caption":"Ordenamigas"},"image":{"@id":"https:\/\/ordenamigas.es\/fr\/#\/schema\/logo\/image\/"}}]}},"_links":{"self":[{"href":"https:\/\/ordenamigas.es\/fr\/wp-json\/wp\/v2\/pages\/24568","targetHints":{"allow":["GET"]}}],"collection":[{"href":"https:\/\/ordenamigas.es\/fr\/wp-json\/wp\/v2\/pages"}],"about":[{"href":"https:\/\/ordenamigas.es\/fr\/wp-json\/wp\/v2\/types\/page"}],"author":[{"embeddable":true,"href":"https:\/\/ordenamigas.es\/fr\/wp-json\/wp\/v2\/users\/1"}],"replies":[{"embeddable":true,"href":"https:\/\/ordenamigas.es\/fr\/wp-json\/wp\/v2\/comments?post=24568"}],"version-history":[{"count":6,"href":"https:\/\/ordenamigas.es\/fr\/wp-json\/wp\/v2\/pages\/24568\/revisions"}],"predecessor-version":[{"id":25159,"href":"https:\/\/ordenamigas.es\/fr\/wp-json\/wp\/v2\/pages\/24568\/revisions\/25159"}],"wp:attachment":[{"href":"https:\/\/ordenamigas.es\/fr\/wp-json\/wp\/v2\/media?parent=24568"}],"curies":[{"name":"wp","href":"https:\/\/api.w.org\/{rel}","templated":true}]}}