{"id":24597,"date":"2025-03-26T13:10:00","date_gmt":"2025-03-26T12:10:00","guid":{"rendered":"https:\/\/ordenamigas.es\/politica-de-cookies\/"},"modified":"2025-05-21T12:48:11","modified_gmt":"2025-05-21T10:48:11","slug":"politique-en-matiere-de-cookies","status":"publish","type":"page","link":"https:\/\/ordenamigas.es\/fr\/politique-en-matiere-de-cookies\/","title":{"rendered":"Politique en mati\u00e8re de cookies"},"content":{"rendered":"\t\t<div data-elementor-type=\"wp-page\" data-elementor-id=\"24597\" class=\"elementor elementor-24597 elementor-21923\">\n\t\t\t\t\t\t<section class=\"elementor-section elementor-top-section elementor-element elementor-element-6e8e2cf5 elementor-section-boxed elementor-section-height-default elementor-section-height-default sc_fly_static\" data-id=\"6e8e2cf5\" data-element_type=\"section\">\n\t\t\t\t\t\t<div class=\"elementor-container elementor-column-gap-extended\">\n\t\t\t\t\t<div class=\"elementor-column elementor-col-100 elementor-top-column elementor-element elementor-element-217a69c8 sc_content_align_inherit sc_layouts_column_icons_position_left sc_fly_static\" data-id=\"217a69c8\" data-element_type=\"column\">\n\t\t\t<div class=\"elementor-widget-wrap elementor-element-populated\">\n\t\t\t\t\t\t<div class=\"elementor-element elementor-element-2e7e71f1 sc_fly_static elementor-widget elementor-widget-text-editor\" data-id=\"2e7e71f1\" data-element_type=\"widget\" data-widget_type=\"text-editor.default\">\n\t\t\t\t<div class=\"elementor-widget-container\">\n\t\t\t\t\t\t\t\t\t<div><p><b data-stringify-type=\"bold\">Contexte<\/b><br \/>Conform\u00e9ment \u00e0 l&#8217;article 22.2 de la Loi 34\/2002 du 11 juillet sur les Services de la Soci\u00e9t\u00e9 de l&#8217;Information et le Commerce \u00c9lectronique, nous vous informons sur les cookies utilis\u00e9s par le site web <b data-stringify-type=\"bold\"><a href=\"https:\/\/ordenamigas.es\/\" target=\"_blank\" rel=\"noopener noreferrer\" data-stringify-link=\"https:\/\/ordenamigas.es\" data-sk=\"tooltip_parent\">https:\/\/ordenamigas.es<\/a><\/b> (ci-apr\u00e8s, le &#8220;Site Web&#8221;) et les raisons de leur utilisation.<\/p><p><b data-stringify-type=\"bold\">Qu\u2019est-ce que les cookies ?<\/b><br \/>Les cookies sont de petits fichiers texte que les pages web peuvent utiliser pour rendre l&#8217;exp\u00e9rience utilisateur plus efficace. Ils permettent \u00e0 un site web de reconna\u00eetre l&#8217;appareil de l&#8217;utilisateur et de m\u00e9moriser ses pr\u00e9f\u00e9rences ou comportements ant\u00e9rieurs.<\/p><h6><b data-stringify-type=\"bold\">Types de cookies utilis\u00e9s sur ce site web<\/b><br \/><b data-stringify-type=\"bold\"><\/b><\/h6><p><b data-stringify-type=\"bold\">Selon leur finalit\u00e9 :<\/b><\/p><\/div><ul data-stringify-type=\"unordered-list\" data-list-tree=\"true\" data-indent=\"0\" data-border=\"0\"><li data-stringify-indent=\"0\" data-stringify-border=\"0\"><b data-stringify-type=\"bold\">Cookies strictement n\u00e9cessaires :<\/b> Ils sont essentiels pour le bon fonctionnement du site web et ne peuvent pas \u00eatre d\u00e9sactiv\u00e9s dans nos syst\u00e8mes.<\/li><li data-stringify-indent=\"0\" data-stringify-border=\"0\"><b data-stringify-type=\"bold\">Cookies de performance :<\/b> Ils recueillent des informations sur la mani\u00e8re dont les visiteurs utilisent le site web afin d\u2019\u00e9valuer ses performances.<\/li><li data-stringify-indent=\"0\" data-stringify-border=\"0\"><b data-stringify-type=\"bold\">Cookies de fonctionnalit\u00e9 :<\/b> Ils permettent de se souvenir des pr\u00e9f\u00e9rences de langue ou du type d\u2019appareil de l\u2019utilisateur pour optimiser l\u2019exp\u00e9rience.<br \/><br \/><b data-stringify-type=\"bold\"><b data-stringify-type=\"bold\">Cookies strictement n\u00e9cessaires<br \/><\/b><\/b><table data-start=\"82\" data-end=\"419\"><thead data-start=\"82\" data-end=\"140\"><tr data-start=\"82\" data-end=\"140\"><th data-start=\"82\" data-end=\"104\">Nom du cookie<\/th><th data-start=\"104\" data-end=\"114\">Domaine<\/th><th data-start=\"114\" data-end=\"125\">Dur\u00e9e<\/th><th data-start=\"125\" data-end=\"140\">Description<\/th><\/tr><\/thead><tbody data-start=\"200\" data-end=\"419\"><tr data-start=\"200\" data-end=\"312\"><td>cookielyes-consent<\/td><td>ordenamigas.es<\/td><td>1 an<\/td><td>Stocke le consentement de l\u2019utilisateur pour l\u2019utilisation des cookies.<\/td><\/tr><tr data-start=\"313\" data-end=\"419\"><td>__cf_bm<\/td><td>.elementor.com<\/td><td>30 minutes<\/td><td>Utilis\u00e9 par Cloudflare pour distinguer les humains des bots.<\/td><\/tr><\/tbody><\/table><p><b data-stringify-type=\"bold\"><br \/>Cookies de performance<br \/><\/b><\/p><table data-start=\"448\" data-end=\"792\"><thead data-start=\"448\" data-end=\"506\"><tr data-start=\"448\" data-end=\"506\"><th data-start=\"448\" data-end=\"470\">Nom du cookie<\/th><th data-start=\"470\" data-end=\"480\">Domaine<\/th><th data-start=\"480\" data-end=\"491\">Dur\u00e9e<\/th><th data-start=\"491\" data-end=\"506\">Description<\/th><\/tr><\/thead><tbody data-start=\"566\" data-end=\"792\"><tr data-start=\"566\" data-end=\"671\"><td>_ga<\/td><td>ordenamigas.es<\/td><td>1 an 1 mois<\/td><td>Associe un ID unique pour analyser les statistiques d\u2019utilisation du site.<\/td><\/tr><tr data-start=\"672\" data-end=\"792\"><td>_ga_9BS3LJXZR6<\/td><td>ordenamigas.es<\/td><td>1 an 1 mois<\/td><td>Utilis\u00e9 par Google Analytics pour maintenir l\u2019\u00e9tat de la session.<\/td><\/tr><\/tbody><\/table><p><b data-stringify-type=\"bold\"><b data-stringify-type=\"bold\"><br \/>Cookies de fonctionnalit\u00e9<br \/><\/b><\/b><\/p><table data-start=\"823\" data-end=\"1159\"><thead data-start=\"823\" data-end=\"881\"><tr data-start=\"823\" data-end=\"881\"><th data-start=\"823\" data-end=\"845\">Nom du cookie<\/th><th data-start=\"845\" data-end=\"855\">Domaine<\/th><th data-start=\"855\" data-end=\"866\">Dur\u00e9e<\/th><th data-start=\"866\" data-end=\"881\">Description<\/th><\/tr><\/thead><tbody data-start=\"941\" data-end=\"1159\"><tr data-start=\"941\" data-end=\"1042\"><td>wpml_current_language<\/td><td>ordenamigas.es<\/td><td>Session<\/td><td>Stocke la langue s\u00e9lectionn\u00e9e par l\u2019utilisateur.<\/td><\/tr><tr data-start=\"1043\" data-end=\"1159\"><td>twk_uuid_*<\/td><td>ordenamigas.es<\/td><td>Session<\/td><td>D\u00e9termine si l\u2019appareil prend en charge des fonctions graphiques pour am\u00e9liorer l\u2019UX.<\/td><\/tr><\/tbody><\/table><p><b data-stringify-type=\"bold\"><b data-stringify-type=\"bold\"><br \/>Stockages du navigateur d\u00e9tect\u00e9s<br \/><\/b><\/b><\/p><table data-start=\"1206\" data-end=\"1421\"><thead data-start=\"1206\" data-end=\"1252\"><tr data-start=\"1206\" data-end=\"1252\"><th data-start=\"1206\" data-end=\"1232\">Cl\u00e9 de stockage<\/th><th data-start=\"1232\" data-end=\"1239\">Type<\/th><th data-start=\"1239\" data-end=\"1252\">Cat\u00e9gorie<\/th><\/tr><\/thead><tbody data-start=\"1300\" data-end=\"1421\"><tr data-start=\"1300\" data-end=\"1358\"><td>__t_embed__mounting<\/td><td>Session<\/td><td>Strictement n\u00e9cessaire<\/td><\/tr><tr data-start=\"1359\" data-end=\"1421\"><td>__t_embed__storage_test<\/td><td>Session<\/td><td>Strictement n\u00e9cessaire<\/td><\/tr><\/tbody><\/table><\/li><\/ul><div><div style=\"font-family: 'Work Sans', sans-serif; font-size: 16px; font-weight: 400; font-style: normal; letter-spacing: -0.32px;\"><span style=\"font-weight: bold;\" data-stringify-type=\"bold\">Gestion des cookies<\/span><br \/>L\u2019utilisateur peut configurer son navigateur pour accepter ou refuser les cookies par d\u00e9faut, ou pour recevoir un avertissement \u00e0 l\u2019\u00e9cran \u00e0 la r\u00e9ception de chaque cookie et d\u00e9cider \u00e0 ce moment-l\u00e0 de leur implantation ou non sur son disque dur. Voici les liens de configuration pour les principaux navigateurs :<\/div><ul style=\"font-family: 'Work Sans', sans-serif; font-size: 16px; font-weight: 400; font-style: normal; letter-spacing: -0.32px; margin-bottom: 0px !important;\" data-stringify-type=\"unordered-list\" data-list-tree=\"true\" data-indent=\"0\" data-border=\"0\"><li style=\"font-size: 16px;\" data-stringify-indent=\"0\" data-stringify-border=\"0\"><span style=\"font-weight: bold;\" data-stringify-type=\"bold\">Google Chrome :<\/span>\u00a0<a style=\"font-size: 16px; color: #100f17; transition-property: all;\" href=\"https:\/\/support.google.com\/chrome\/answer\/95647?hl=es\" target=\"_blank\" rel=\"noopener noreferrer\" data-stringify-link=\"https:\/\/support.google.com\/chrome\/answer\/95647?hl=es\" data-sk=\"tooltip_parent\">https:\/\/support.google.com\/chrome\/answer\/95647?hl=es<\/a><\/li><li style=\"font-size: 16px;\" data-stringify-indent=\"0\" data-stringify-border=\"0\"><span style=\"font-weight: bold;\" data-stringify-type=\"bold\">Mozilla Firefox :<\/span>\u00a0<a style=\"font-size: 16px; color: #100f17; transition-property: all;\" href=\"https:\/\/support.mozilla.org\/es\/kb\/habilitar-y-deshabilitar-cookies\" target=\"_blank\" rel=\"noopener noreferrer\" data-stringify-link=\"https:\/\/support.mozilla.org\/es\/kb\/habilitar-y-deshabilitar-cookies\" data-sk=\"tooltip_parent\">https:\/\/support.mozilla.org\/es\/kb\/habilitar-y-deshabilitar-cookies<\/a><\/li><li style=\"font-size: 16px;\" data-stringify-indent=\"0\" data-stringify-border=\"0\"><span style=\"font-weight: bold;\" data-stringify-type=\"bold\">Safari :<\/span>\u00a0<a style=\"font-size: 16px; color: #100f17; transition-property: all;\" href=\"https:\/\/support.apple.com\/es-es\/guide\/safari\/sfri11471\/mac\" target=\"_blank\" rel=\"noopener noreferrer\" data-stringify-link=\"https:\/\/support.apple.com\/es-es\/guide\/safari\/sfri11471\/mac\" data-sk=\"tooltip_parent\">https:\/\/support.apple.com\/es-es\/guide\/safari\/sfri11471\/mac<\/a><\/li><li style=\"font-size: 16px;\" data-stringify-indent=\"0\" data-stringify-border=\"0\"><span style=\"font-weight: bold;\" data-stringify-type=\"bold\">Microsoft Edge :<\/span>\u00a0<a style=\"font-size: 16px; color: #100f17; transition-property: all;\" href=\"https:\/\/support.microsoft.com\/es-es\/help\/4027947\" target=\"_blank\" rel=\"noopener noreferrer\" data-stringify-link=\"https:\/\/support.microsoft.com\/es-es\/help\/4027947\" data-sk=\"tooltip_parent\">https:\/\/support.microsoft.com\/es-es\/help\/4027947<\/a><\/li><\/ul><div style=\"font-family: 'Work Sans', sans-serif; font-size: 16px; font-weight: 400; font-style: normal; letter-spacing: -0.32px;\"><span style=\"font-weight: bold;\" data-stringify-type=\"bold\"><br \/>Consentement<\/span><br \/>En naviguant sur ce site web, l\u2019utilisateur consent \u00e0 l\u2019utilisation des cookies d\u00e9crites, sauf s\u2019il a modifi\u00e9 la configuration de son navigateur pour en refuser l\u2019usage.<\/div><\/div>\t\t\t\t\t\t\t\t<\/div>\n\t\t\t\t<\/div>\n\t\t\t\t<div class=\"elementor-element elementor-element-95844ab elementor-widget-divider--view-line sc_fly_static elementor-widget elementor-widget-divider\" data-id=\"95844ab\" data-element_type=\"widget\" data-widget_type=\"divider.default\">\n\t\t\t\t<div class=\"elementor-widget-container\">\n\t\t\t\t\t\t\t<div class=\"elementor-divider\">\n\t\t\t<span class=\"elementor-divider-separator\">\n\t\t\t\t\t\t<\/span>\n\t\t<\/div>\n\t\t\t\t\t\t<\/div>\n\t\t\t\t<\/div>\n\t\t\t\t\t<\/div>\n\t\t<\/div>\n\t\t\t\t\t<\/div>\n\t\t<\/section>\n\t\t\t\t<\/div>\n\t\t","protected":false},"excerpt":{"rendered":"<p>ContexteConform\u00e9ment \u00e0 l&#8217;article 22.2 de la Loi 34\/2002 du 11 juillet sur les Services de la Soci\u00e9t\u00e9 de l&#8217;Information et le Commerce \u00c9lectronique, nous vous informons sur les cookies utilis\u00e9s&hellip;<\/p>\n","protected":false},"author":1,"featured_media":0,"parent":0,"menu_order":0,"comment_status":"closed","ping_status":"closed","template":"","meta":{"footnotes":""},"class_list":["post-24597","page","type-page","status-publish","hentry"],"yoast_head":"<!-- This site is optimized with the Yoast SEO plugin v24.7 - https:\/\/yoast.com\/wordpress\/plugins\/seo\/ -->\n<title>Politique en mati\u00e8re de cookies | Ordenamigas - Organisez bureau et maison \u00e0 Majorque<\/title>\n<meta name=\"description\" content=\"D\u00e9couvrez la politique de cookies d\u2019Ordenamigas et apprenez \u00e0 g\u00e9rer facilement vos pr\u00e9f\u00e9rences en mati\u00e8re de cookies.\" \/>\n<meta name=\"robots\" content=\"index, follow, max-snippet:-1, max-image-preview:large, max-video-preview:-1\" \/>\n<link rel=\"canonical\" href=\"https:\/\/ordenamigas.es\/fr\/politique-en-matiere-de-cookies\/\" \/>\n<meta property=\"og:locale\" content=\"fr_FR\" \/>\n<meta property=\"og:type\" content=\"article\" \/>\n<meta property=\"og:title\" content=\"Politique en mati\u00e8re de cookies | Ordenamigas - Organisez bureau et maison \u00e0 Majorque\" \/>\n<meta property=\"og:description\" content=\"D\u00e9couvrez la politique de cookies d\u2019Ordenamigas et apprenez \u00e0 g\u00e9rer facilement vos pr\u00e9f\u00e9rences en mati\u00e8re de cookies.\" \/>\n<meta property=\"og:url\" content=\"https:\/\/ordenamigas.es\/fr\/politique-en-matiere-de-cookies\/\" \/>\n<meta property=\"og:site_name\" content=\"Ordenamigas\" \/>\n<meta property=\"article:modified_time\" content=\"2025-05-21T10:48:11+00:00\" \/>\n<meta name=\"twitter:card\" content=\"summary_large_image\" \/>\n<meta name=\"twitter:label1\" content=\"Dur\u00e9e de lecture estim\u00e9e\" \/>\n\t<meta name=\"twitter:data1\" content=\"2 minutes\" \/>\n<script type=\"application\/ld+json\" class=\"yoast-schema-graph\">{\"@context\":\"https:\/\/schema.org\",\"@graph\":[{\"@type\":\"WebPage\",\"@id\":\"https:\/\/ordenamigas.es\/fr\/politique-en-matiere-de-cookies\/\",\"url\":\"https:\/\/ordenamigas.es\/fr\/politique-en-matiere-de-cookies\/\",\"name\":\"Politique en mati\u00e8re de cookies | Ordenamigas - Organisez bureau et maison \u00e0 Majorque\",\"isPartOf\":{\"@id\":\"https:\/\/ordenamigas.es\/fr\/#website\"},\"datePublished\":\"2025-03-26T12:10:00+00:00\",\"dateModified\":\"2025-05-21T10:48:11+00:00\",\"description\":\"D\u00e9couvrez la politique de cookies d\u2019Ordenamigas et apprenez \u00e0 g\u00e9rer facilement vos pr\u00e9f\u00e9rences en mati\u00e8re de cookies.\",\"breadcrumb\":{\"@id\":\"https:\/\/ordenamigas.es\/fr\/politique-en-matiere-de-cookies\/#breadcrumb\"},\"inLanguage\":\"fr-FR\",\"potentialAction\":[{\"@type\":\"ReadAction\",\"target\":[\"https:\/\/ordenamigas.es\/fr\/politique-en-matiere-de-cookies\/\"]}]},{\"@type\":\"BreadcrumbList\",\"@id\":\"https:\/\/ordenamigas.es\/fr\/politique-en-matiere-de-cookies\/#breadcrumb\",\"itemListElement\":[{\"@type\":\"ListItem\",\"position\":1,\"name\":\"Portada\",\"item\":\"https:\/\/ordenamigas.es\/fr\/\"},{\"@type\":\"ListItem\",\"position\":2,\"name\":\"Politique en mati\u00e8re de cookies\"}]},{\"@type\":\"WebSite\",\"@id\":\"https:\/\/ordenamigas.es\/fr\/#website\",\"url\":\"https:\/\/ordenamigas.es\/fr\/\",\"name\":\"Ordenamigas\",\"description\":\"Organisez bureau et maison \u00e0 Majorque\",\"publisher\":{\"@id\":\"https:\/\/ordenamigas.es\/fr\/#organization\"},\"potentialAction\":[{\"@type\":\"SearchAction\",\"target\":{\"@type\":\"EntryPoint\",\"urlTemplate\":\"https:\/\/ordenamigas.es\/fr\/?s={search_term_string}\"},\"query-input\":{\"@type\":\"PropertyValueSpecification\",\"valueRequired\":true,\"valueName\":\"search_term_string\"}}],\"inLanguage\":\"fr-FR\"},{\"@type\":\"Organization\",\"@id\":\"https:\/\/ordenamigas.es\/fr\/#organization\",\"name\":\"Ordenamigas\",\"url\":\"https:\/\/ordenamigas.es\/fr\/\",\"logo\":{\"@type\":\"ImageObject\",\"inLanguage\":\"fr-FR\",\"@id\":\"https:\/\/ordenamigas.es\/fr\/#\/schema\/logo\/image\/\",\"url\":\"https:\/\/ordenamigas.es\/wp-content\/uploads\/2025\/03\/logo-horizontal-ordenamigas.png\",\"contentUrl\":\"https:\/\/ordenamigas.es\/wp-content\/uploads\/2025\/03\/logo-horizontal-ordenamigas.png\",\"width\":1092,\"height\":347,\"caption\":\"Ordenamigas\"},\"image\":{\"@id\":\"https:\/\/ordenamigas.es\/fr\/#\/schema\/logo\/image\/\"}}]}<\/script>\n<!-- \/ Yoast SEO plugin. -->","yoast_head_json":{"title":"Politique en mati\u00e8re de cookies | Ordenamigas - Organisez bureau et maison \u00e0 Majorque","description":"D\u00e9couvrez la politique de cookies d\u2019Ordenamigas et apprenez \u00e0 g\u00e9rer facilement vos pr\u00e9f\u00e9rences en mati\u00e8re de cookies.","robots":{"index":"index","follow":"follow","max-snippet":"max-snippet:-1","max-image-preview":"max-image-preview:large","max-video-preview":"max-video-preview:-1"},"canonical":"https:\/\/ordenamigas.es\/fr\/politique-en-matiere-de-cookies\/","og_locale":"fr_FR","og_type":"article","og_title":"Politique en mati\u00e8re de cookies | Ordenamigas - Organisez bureau et maison \u00e0 Majorque","og_description":"D\u00e9couvrez la politique de cookies d\u2019Ordenamigas et apprenez \u00e0 g\u00e9rer facilement vos pr\u00e9f\u00e9rences en mati\u00e8re de cookies.","og_url":"https:\/\/ordenamigas.es\/fr\/politique-en-matiere-de-cookies\/","og_site_name":"Ordenamigas","article_modified_time":"2025-05-21T10:48:11+00:00","twitter_card":"summary_large_image","twitter_misc":{"Dur\u00e9e de lecture estim\u00e9e":"2 minutes"},"schema":{"@context":"https:\/\/schema.org","@graph":[{"@type":"WebPage","@id":"https:\/\/ordenamigas.es\/fr\/politique-en-matiere-de-cookies\/","url":"https:\/\/ordenamigas.es\/fr\/politique-en-matiere-de-cookies\/","name":"Politique en mati\u00e8re de cookies | Ordenamigas - Organisez bureau et maison \u00e0 Majorque","isPartOf":{"@id":"https:\/\/ordenamigas.es\/fr\/#website"},"datePublished":"2025-03-26T12:10:00+00:00","dateModified":"2025-05-21T10:48:11+00:00","description":"D\u00e9couvrez la politique de cookies d\u2019Ordenamigas et apprenez \u00e0 g\u00e9rer facilement vos pr\u00e9f\u00e9rences en mati\u00e8re de cookies.","breadcrumb":{"@id":"https:\/\/ordenamigas.es\/fr\/politique-en-matiere-de-cookies\/#breadcrumb"},"inLanguage":"fr-FR","potentialAction":[{"@type":"ReadAction","target":["https:\/\/ordenamigas.es\/fr\/politique-en-matiere-de-cookies\/"]}]},{"@type":"BreadcrumbList","@id":"https:\/\/ordenamigas.es\/fr\/politique-en-matiere-de-cookies\/#breadcrumb","itemListElement":[{"@type":"ListItem","position":1,"name":"Portada","item":"https:\/\/ordenamigas.es\/fr\/"},{"@type":"ListItem","position":2,"name":"Politique en mati\u00e8re de cookies"}]},{"@type":"WebSite","@id":"https:\/\/ordenamigas.es\/fr\/#website","url":"https:\/\/ordenamigas.es\/fr\/","name":"Ordenamigas","description":"Organisez bureau et maison \u00e0 Majorque","publisher":{"@id":"https:\/\/ordenamigas.es\/fr\/#organization"},"potentialAction":[{"@type":"SearchAction","target":{"@type":"EntryPoint","urlTemplate":"https:\/\/ordenamigas.es\/fr\/?s={search_term_string}"},"query-input":{"@type":"PropertyValueSpecification","valueRequired":true,"valueName":"search_term_string"}}],"inLanguage":"fr-FR"},{"@type":"Organization","@id":"https:\/\/ordenamigas.es\/fr\/#organization","name":"Ordenamigas","url":"https:\/\/ordenamigas.es\/fr\/","logo":{"@type":"ImageObject","inLanguage":"fr-FR","@id":"https:\/\/ordenamigas.es\/fr\/#\/schema\/logo\/image\/","url":"https:\/\/ordenamigas.es\/wp-content\/uploads\/2025\/03\/logo-horizontal-ordenamigas.png","contentUrl":"https:\/\/ordenamigas.es\/wp-content\/uploads\/2025\/03\/logo-horizontal-ordenamigas.png","width":1092,"height":347,"caption":"Ordenamigas"},"image":{"@id":"https:\/\/ordenamigas.es\/fr\/#\/schema\/logo\/image\/"}}]}},"_links":{"self":[{"href":"https:\/\/ordenamigas.es\/fr\/wp-json\/wp\/v2\/pages\/24597","targetHints":{"allow":["GET"]}}],"collection":[{"href":"https:\/\/ordenamigas.es\/fr\/wp-json\/wp\/v2\/pages"}],"about":[{"href":"https:\/\/ordenamigas.es\/fr\/wp-json\/wp\/v2\/types\/page"}],"author":[{"embeddable":true,"href":"https:\/\/ordenamigas.es\/fr\/wp-json\/wp\/v2\/users\/1"}],"replies":[{"embeddable":true,"href":"https:\/\/ordenamigas.es\/fr\/wp-json\/wp\/v2\/comments?post=24597"}],"version-history":[{"count":5,"href":"https:\/\/ordenamigas.es\/fr\/wp-json\/wp\/v2\/pages\/24597\/revisions"}],"predecessor-version":[{"id":24741,"href":"https:\/\/ordenamigas.es\/fr\/wp-json\/wp\/v2\/pages\/24597\/revisions\/24741"}],"wp:attachment":[{"href":"https:\/\/ordenamigas.es\/fr\/wp-json\/wp\/v2\/media?parent=24597"}],"curies":[{"name":"wp","href":"https:\/\/api.w.org\/{rel}","templated":true}]}}